{"id":12964,"date":"2016-07-08T12:28:00","date_gmt":"2016-07-08T10:28:00","guid":{"rendered":"http:\/\/vegapas.com\/quienes-somos\/"},"modified":"2017-02-21T09:50:07","modified_gmt":"2017-02-21T08:50:07","slug":"ueber-uns","status":"publish","type":"page","link":"https:\/\/vegapas.com\/de\/ueber-uns\/","title":{"rendered":"\u00dcber Uns"},"content":{"rendered":"<p>[vc_row css=&#8220;.vc_custom_1485250435904{margin-bottom: 0px !important;padding-top: 100px !important;padding-bottom: 100px !important;}&#8220;][vc_column offset=&#8220;vc_col-lg-offset-2 vc_col-lg-8 vc_col-md-offset-1 vc_col-md-10&#8243;][vc_column_text css_animation=&#8220;bottom-to-top&#8220;]<\/p>\n<h2 style=\"text-align: left;\">Aus herkunft gemacht<\/h2>\n<p>[\/vc_column_text][vc_column_text css_animation=&#8220;bottom-to-top&#8220;]<strong>Wir bauen auf einer langen B\u00e4ckertradition auf, <\/strong>unser Ursprung im Bereich des traditionellen B\u00e4ckerei- und Konditoreiwesens liegt im Jahre 1940, als der B\u00e4ckereibetrieb <strong>\u201eLa Constancia\u201c<\/strong> in Santander erworben wurde, in dem die <strong>Familie Coria Gallegos<\/strong> jahrzehntelang arbeitete, um einen langgehegten Familientraum Wirklichkeit werden zu lassen. In den 1970er Jahren wurde der B\u00e4ckereibetrieb <strong>\u201ePanader\u00edas C\u00e1ntabras\u201c<\/strong> dazugekauft, um die Produktionskapazit\u00e4ten zu erweitern und den Kundenbed\u00fcrfmissen besser gerecht zu werden.<\/p>\n<h6 style=\"color: #0084cf; text-align: left;\">Vega Pelayo<\/h6>\n<p>In den 1990er Jahren fand ein Generationenwechsel statt. Die neue Familie <strong>Coria R\u00edos<\/strong> beschloss, ihren Gesch\u00e4ftsbetrieb um eine Konditorei zu erweitern, und setzte auf die handwerkliche Herstellung kantabrischer Erzeugnisse, indem sie in die bestehende Unternehmensgruppe den kleinen Konditoreibetrieb f\u00fcr \u201eSobaos Pasiegos\u201c namens <strong>\u201eVega Pelayo S.L.\u201c<\/strong> mit Sitz in Santander aufnahm. Aufgrund der gro\u00dfen Marktnachfrage wurde der Betrieb Ende der neunziger Jahre in das Gewerbegebiet in Guarnizo verlagert, um die Produktionskapazit\u00e4ten zu erweitern und auf diese Weise modernste Anlagen auf dem neuesten Stand der Technik zur Verf\u00fcgung zu haben.[\/vc_column_text][\/vc_column][\/vc_row][vc_row full_width=&#8220;stretch_row_content_no_spaces&#8220; equal_height=&#8220;yes&#8220; css=&#8220;.vc_custom_1485254233602{margin-bottom: 0px !important;background-color: #0084cf !important;}&#8220;][vc_column width=&#8220;1\/3&#8243; css=&#8220;.vc_custom_1485254885715{padding-top: 200px !important;padding-bottom: 200px !important;background-image: url(https:\/\/vegapas.com\/wp-content\/uploads\/2016\/07\/vega_pas_banners_fondo_fabrica.jpg?id=12151) !important;background-position: center !important;background-repeat: no-repeat !important;background-size: cover !important;}&#8220;][\/vc_column][vc_column width=&#8220;2\/3&#8243; css=&#8220;.vc_custom_1485252507606{padding-top: 70px !important;padding-right: 10% !important;padding-bottom: 40px !important;padding-left: 10% !important;}&#8220;][vc_column_text css_animation=&#8220;bottom-to-top&#8220;]<\/p>\n<h3 style=\"color: #fff;\">Unsere produktpflege ist auch kundenpflege<\/h3>\n<p>[\/vc_column_text][vc_column_text css_animation=&#8220;bottom-to-top&#8220;]<\/p>\n<p style=\"color: #fff;\">Gegenw\u00e4rtig sind unsere Produkte in ganz Spanien in den wichtigsten Gesch\u00e4ften des ganzen Landes erh\u00e4ltlich. Wir stellen sie unter unserem Markennamen Vega Pas her, aber auch f\u00fcr die Marken von Vertriebspartnern.<\/p>\n<h6 style=\"color: #fff; text-align: left;\">G\u00fctesiegel<\/h6>\n<p style=\"color: #fff;\">Im Jahre 2014 erhielten wir zum ersten Mal gemeinsam die internationalen G\u00fctesiegel \u00a0 <span style=\"background-color: #fff; color: #0084cf;\">\u00a0International Food Standard \u2013 IFS \u00a0<\/span> und <span style=\"background-color: #fff; color: #0084cf;\"> \u00a0British Retail Consortium \u2013 BRC \u00a0<\/span>. Die damit verbundenen Produktionsnormen sind f\u00fcr unsere unternehmerische T\u00e4tigkeit ma\u00dfgeblich, um alle Qualit\u00e4tsvorstellungen aller unserer Kunden einhalten zu k\u00f6nnen.<\/p>\n<p>[\/vc_column_text][vc_separator color=&#8220;custom&#8220; align=&#8220;align_left&#8220; accent_color=&#8220;#eeeeee&#8220; css=&#8220;.vc_custom_1485252422983{padding-top: 20px !important;padding-bottom: 20px !important;}&#8220;][vc_row_inner gap=&#8220;30&#8243; css=&#8220;.vc_custom_1485252446989{margin-bottom: 0px !important;}&#8220;][vc_column_inner width=&#8220;1\/2&#8243;][vc_single_image image=&#8220;12148&#8243; img_size=&#8220;large&#8220; alignment=&#8220;center&#8220;][\/vc_column_inner][vc_column_inner width=&#8220;1\/2&#8243;][vc_single_image image=&#8220;12149&#8243; img_size=&#8220;large&#8220; alignment=&#8220;center&#8220;][\/vc_column_inner][\/vc_row_inner][\/vc_column][\/vc_row][vc_row css=&#8220;.vc_custom_1485253169481{padding-top: 40px !important;padding-bottom: 30px !important;}&#8220;][vc_column][vc_column_text css_animation=&#8220;bottom-to-top&#8220;]<\/p>\n<h6 style=\"color: #0084cf; text-align: center; margin-bottom: 0px;\">Wir bestehen aus 4 grundzutaten:<\/h6>\n<h3 style=\"text-align: center; line-height: 24px;\">Talent, Freude, Innovation und Sozialem Bewusstsein<\/h3>\n<p>[\/vc_column_text][\/vc_column][\/vc_row][vc_row full_width=&#8220;stretch_row_content&#8220; gap=&#8220;30&#8243; equal_height=&#8220;yes&#8220; css=&#8220;.vc_custom_1468522568669{margin-bottom: 0px !important;padding-right: 15px !important;padding-left: 15px !important;}&#8220;][vc_column width=&#8220;5\/12&#8243; css=&#8220;.vc_custom_1485278380356{padding-top: 50px !important;padding-right: 80px !important;padding-bottom: 40px !important;padding-left: 80px !important;background-color: #f7f7f7 !important;}&#8220; offset=&#8220;vc_col-lg-4 vc_col-md-5&#8243;][vc_custom_heading text=&#8220;01.&#8220; font_container=&#8220;tag:h6|font_size:90px|text_align:left|color:%230084cf|line_height:90px&#8220; use_theme_fonts=&#8220;yes&#8220; css=&#8220;.vc_custom_1485278206519{padding-bottom: 20px !important;}&#8220;][vc_column_text css_animation=&#8220;bottom-to-top&#8220; css=&#8220;.vc_custom_1487666895302{margin-bottom: 10px !important;}&#8220;]<\/p>\n<h4>Talent<\/h4>\n<p>[\/vc_column_text][vc_column_text css_animation=&#8220;bottom-to-top&#8220;]Das Wichtigste sind die Menschen, die Arbeit wird von Menschen verrichtet, wir glauben fest daran, dass <strong>unsere Mitarbeiter Teil unseres Projektes sind<\/strong> und dass jeder Mensch in der Lage ist, von seinem Bereich oder Arbeitsplatz aus seinen Beitrag zu leisten.[\/vc_column_text][vc_separator color=&#8220;custom&#8220; align=&#8220;align_left&#8220; border_width=&#8220;2&#8243; el_width=&#8220;30&#8243; accent_color=&#8220;#0084cf&#8220;][\/vc_column][vc_column css_animation=&#8220;bottom-to-top&#8220; width=&#8220;7\/12&#8243; css=&#8220;.vc_custom_1485344251029{padding-top: 100px !important;padding-bottom: 100px !important;background-image: url(https:\/\/vegapas.com\/wp-content\/uploads\/2016\/07\/vegapas_qs_d4.png?id=12223) !important;background-position: center !important;background-repeat: no-repeat !important;background-size: contain !important;}&#8220; offset=&#8220;vc_col-lg-8 vc_col-md-7&#8243;][\/vc_column][\/vc_row][vc_row full_width=&#8220;stretch_row_content_no_spaces&#8220; gap=&#8220;30&#8243; equal_height=&#8220;yes&#8220; css=&#8220;.vc_custom_1468522602118{margin-bottom: 0px !important;padding-right: 15px !important;padding-left: 15px !important;}&#8220;][vc_column css_animation=&#8220;bottom-to-top&#8220; width=&#8220;5\/12&#8243; css=&#8220;.vc_custom_1485349106139{padding-top: 100px !important;padding-bottom: 100px !important;background-image: url(https:\/\/vegapas.com\/wp-content\/uploads\/2016\/07\/vegapas_qs_d6.png?id=12246) !important;background-position: center !important;background-repeat: no-repeat !important;background-size: contain !important;}&#8220; offset=&#8220;vc_col-lg-8 vc_col-md-7&#8243;][\/vc_column][vc_column width=&#8220;7\/12&#8243; css=&#8220;.vc_custom_1485333839372{padding-top: 50px !important;padding-right: 80px !important;padding-bottom: 40px !important;padding-left: 80px !important;background-color: #f7f7f7 !important;}&#8220; offset=&#8220;vc_col-lg-4 vc_col-md-5&#8243;][vc_custom_heading text=&#8220;02.&#8220; font_container=&#8220;tag:h6|font_size:90px|text_align:left|color:%230084cf|line_height:90px&#8220; use_theme_fonts=&#8220;yes&#8220; css=&#8220;.vc_custom_1485333876228{padding-bottom: 20px !important;}&#8220;][vc_column_text css_animation=&#8220;bottom-to-top&#8220; css=&#8220;.vc_custom_1487666922951{margin-bottom: 10px !important;}&#8220;]<\/p>\n<h4>Freude<\/h4>\n<p>[\/vc_column_text][vc_column_text css_animation=&#8220;bottom-to-top&#8220;]<strong>Wir sind bereit, uns den neuen Herausforderungen zu stellen.<\/strong> Vega Pelayo setzt ganz klar auf Wachstum durch Erh\u00f6hung unserer Pr\u00e4senz auf den Auslandsm\u00e4rkten, und wir bereiten uns tagt\u00e4glich darauf vor, den Bed\u00fcrfnissen und W\u00fcnschen dieser neuen Kunden gerecht zu werden.[\/vc_column_text][vc_separator color=&#8220;custom&#8220; align=&#8220;align_left&#8220; border_width=&#8220;2&#8243; el_width=&#8220;30&#8243; accent_color=&#8220;#0084cf&#8220;][\/vc_column][\/vc_row][vc_row full_width=&#8220;stretch_row_content_no_spaces&#8220; gap=&#8220;30&#8243; equal_height=&#8220;yes&#8220; css=&#8220;.vc_custom_1468522619813{margin-bottom: 0px !important;padding-right: 15px !important;padding-left: 15px !important;}&#8220;][vc_column width=&#8220;7\/12&#8243; css=&#8220;.vc_custom_1485333850260{padding-top: 50px !important;padding-right: 80px !important;padding-bottom: 40px !important;padding-left: 80px !important;background-color: #f7f7f7 !important;}&#8220; offset=&#8220;vc_col-lg-4 vc_col-md-5&#8243;][vc_custom_heading text=&#8220;03.&#8220; font_container=&#8220;tag:h6|font_size:90px|text_align:left|color:%230084cf|line_height:90px&#8220; use_theme_fonts=&#8220;yes&#8220; css=&#8220;.vc_custom_1485333891596{padding-bottom: 20px !important;}&#8220;][vc_column_text css_animation=&#8220;bottom-to-top&#8220; css=&#8220;.vc_custom_1487666958142{margin-bottom: 10px !important;}&#8220;]<\/p>\n<h4>Innovation<\/h4>\n<p>[\/vc_column_text][vc_column_text css_animation=&#8220;bottom-to-top&#8220;]Wir m\u00f6chten in Zukunft Protagonisten in der Branche der landwirtschaftlichen Ern\u00e4hrung sein und setzen entschieden auf Innovation, wenn es darum geht, unter Verwendung der Technik effizientere Produktionsabl\u00e4ufe und Produkte zu suchen, was ein Werkzeug daf\u00fcr darstellt, unsere Marktstellung zu verbessern.[\/vc_column_text][vc_separator color=&#8220;custom&#8220; align=&#8220;align_left&#8220; border_width=&#8220;2&#8243; el_width=&#8220;30&#8243; accent_color=&#8220;#0084cf&#8220;][\/vc_column][vc_column css_animation=&#8220;bottom-to-top&#8220; width=&#8220;5\/12&#8243; css=&#8220;.vc_custom_1485352258756{padding-top: 100px !important;padding-bottom: 100px !important;background-image: url(https:\/\/vegapas.com\/wp-content\/uploads\/2016\/07\/vegapas_qs_d7.png?id=12248) !important;background-position: center !important;background-repeat: no-repeat !important;background-size: contain !important;}&#8220; offset=&#8220;vc_col-lg-8 vc_col-md-7&#8243;][\/vc_column][\/vc_row][vc_row full_width=&#8220;stretch_row_content_no_spaces&#8220; gap=&#8220;30&#8243; equal_height=&#8220;yes&#8220; css=&#8220;.vc_custom_1468522627637{margin-bottom: 0px !important;padding-right: 15px !important;padding-left: 15px !important;}&#8220;][vc_column css_animation=&#8220;bottom-to-top&#8220; width=&#8220;5\/12&#8243; css=&#8220;.vc_custom_1485434902495{padding-top: 100px !important;padding-bottom: 100px !important;background-image: url(https:\/\/vegapas.com\/wp-content\/uploads\/2016\/07\/vegapas_qs_d8.png?id=12335) !important;background-position: center !important;background-repeat: no-repeat !important;background-size: contain !important;}&#8220; offset=&#8220;vc_col-lg-8 vc_col-md-7&#8243;][\/vc_column][vc_column width=&#8220;7\/12&#8243; css=&#8220;.vc_custom_1485333862074{padding-top: 50px !important;padding-right: 80px !important;padding-bottom: 40px !important;padding-left: 80px !important;background-color: #f7f7f7 !important;}&#8220; offset=&#8220;vc_col-lg-4 vc_col-md-5&#8243;][vc_custom_heading text=&#8220;04.&#8220; font_container=&#8220;tag:h6|font_size:90px|text_align:left|color:%230084cf|line_height:90px&#8220; use_theme_fonts=&#8220;yes&#8220; css=&#8220;.vc_custom_1485333907199{padding-bottom: 20px !important;}&#8220;][vc_column_text css_animation=&#8220;bottom-to-top&#8220; css=&#8220;.vc_custom_1487666989911{margin-bottom: 10px !important;}&#8220;]<\/p>\n<h4>Sozialem Bewusstsein<\/h4>\n<p>[\/vc_column_text][vc_column_text css_animation=&#8220;bottom-to-top&#8220;]Die Unternehmensgruppe verfolgt das Ziel, sportliche, gesellschaftliche und solidarische Veranstaltungen zu unterst\u00fctzen, auf lokalen, nationalen und internationalen Messen pr\u00e4sent zu sein und auf diese Weise zur Verbreitung der Erzeugnisse aus Kantabrien und der Weiterentwicklung der Region beizutragen.[\/vc_column_text][vc_separator color=&#8220;custom&#8220; align=&#8220;align_left&#8220; border_width=&#8220;2&#8243; el_width=&#8220;30&#8243; accent_color=&#8220;#0084cf&#8220;][\/vc_column][\/vc_row]<\/p>\n","protected":false},"excerpt":{"rendered":"<p>[vc_row css=&#8220;.vc_custom_1485250435904{margin-bottom: 0px !important;padding-top: 100px !important;padding-bottom: 100px !important;}&#8220;][vc_column offset=&#8220;vc_col-lg-offset-2 vc_col-lg-8 vc_col-md-offset-1 vc_col-md-10&#8243;][vc_column_text css_animation=&#8220;bottom-to-top&#8220;] Aus herkunft gemacht [\/vc_column_text][vc_column_text css_animation=&#8220;bottom-to-top&#8220;]Wir bauen auf einer langen B\u00e4ckertradition auf, unser Ursprung im Bereich des traditionellen&#8230;<\/p>\n","protected":false},"author":1,"featured_media":0,"parent":0,"menu_order":0,"comment_status":"closed","ping_status":"closed","template":"","meta":{"footnotes":""},"class_list":["post-12964","page","type-page","status-publish","hentry"],"yoast_head":"<!-- This site is optimized with the Yoast SEO plugin v24.8.1 - https:\/\/yoast.com\/wordpress\/plugins\/seo\/ -->\n<title>\u00dcber Uns - VEGA PAS<\/title>\n<meta name=\"description\" content=\"Vega Pas. Especialistas en la elaboraci\u00f3n y distribuci\u00f3n, a nivel nacional, de productos relacionados con la panader\u00eda y boller\u00eda, conservando una receta tradicional y cuidando la calidad de sus ingredientes.\" \/>\n<meta name=\"robots\" content=\"index, follow, max-snippet:-1, max-image-preview:large, max-video-preview:-1\" \/>\n<link rel=\"canonical\" href=\"https:\/\/vegapas.com\/de\/ueber-uns\/\" \/>\n<meta property=\"og:locale\" content=\"de_DE\" \/>\n<meta property=\"og:type\" content=\"article\" \/>\n<meta property=\"og:title\" content=\"\u00dcber Uns - VEGA PAS\" \/>\n<meta property=\"og:description\" content=\"Vega Pas. Especialistas en la elaboraci\u00f3n y distribuci\u00f3n, a nivel nacional, de productos relacionados con la panader\u00eda y boller\u00eda, conservando una receta tradicional y cuidando la calidad de sus ingredientes.\" \/>\n<meta property=\"og:url\" content=\"https:\/\/vegapas.com\/de\/ueber-uns\/\" \/>\n<meta property=\"og:site_name\" content=\"VEGA PAS\" \/>\n<meta property=\"article:publisher\" content=\"https:\/\/www.facebook.com\/vegapas\" \/>\n<meta property=\"article:modified_time\" content=\"2017-02-21T08:50:07+00:00\" \/>\n<meta name=\"twitter:card\" content=\"summary_large_image\" \/>\n<meta name=\"twitter:label1\" content=\"Gesch\u00e4tzte Lesezeit\" \/>\n\t<meta name=\"twitter:data1\" content=\"7\u00a0Minuten\" \/>\n<script type=\"application\/ld+json\" class=\"yoast-schema-graph\">{\"@context\":\"https:\/\/schema.org\",\"@graph\":[{\"@type\":\"WebPage\",\"@id\":\"https:\/\/vegapas.com\/de\/ueber-uns\/\",\"url\":\"https:\/\/vegapas.com\/de\/ueber-uns\/\",\"name\":\"\u00dcber Uns - VEGA PAS\",\"isPartOf\":{\"@id\":\"https:\/\/vegapas.com\/#website\"},\"datePublished\":\"2016-07-08T10:28:00+00:00\",\"dateModified\":\"2017-02-21T08:50:07+00:00\",\"description\":\"Vega Pas. Especialistas en la elaboraci\u00f3n y distribuci\u00f3n, a nivel nacional, de productos relacionados con la panader\u00eda y boller\u00eda, conservando una receta tradicional y cuidando la calidad de sus ingredientes.\",\"breadcrumb\":{\"@id\":\"https:\/\/vegapas.com\/de\/ueber-uns\/#breadcrumb\"},\"inLanguage\":\"de\",\"potentialAction\":[{\"@type\":\"ReadAction\",\"target\":[\"https:\/\/vegapas.com\/de\/ueber-uns\/\"]}]},{\"@type\":\"BreadcrumbList\",\"@id\":\"https:\/\/vegapas.com\/de\/ueber-uns\/#breadcrumb\",\"itemListElement\":[{\"@type\":\"ListItem\",\"position\":1,\"name\":\"Portada\",\"item\":\"https:\/\/vegapas.com\/de\/\"},{\"@type\":\"ListItem\",\"position\":2,\"name\":\"\u00dcber Uns\"}]},{\"@type\":\"WebSite\",\"@id\":\"https:\/\/vegapas.com\/#website\",\"url\":\"https:\/\/vegapas.com\/\",\"name\":\"VEGA PAS\",\"description\":\"Productos pasiegos\",\"potentialAction\":[{\"@type\":\"SearchAction\",\"target\":{\"@type\":\"EntryPoint\",\"urlTemplate\":\"https:\/\/vegapas.com\/?s={search_term_string}\"},\"query-input\":{\"@type\":\"PropertyValueSpecification\",\"valueRequired\":true,\"valueName\":\"search_term_string\"}}],\"inLanguage\":\"de\"}]}<\/script>\n<!-- \/ Yoast SEO plugin. -->","yoast_head_json":{"title":"\u00dcber Uns - VEGA PAS","description":"Vega Pas. Especialistas en la elaboraci\u00f3n y distribuci\u00f3n, a nivel nacional, de productos relacionados con la panader\u00eda y boller\u00eda, conservando una receta tradicional y cuidando la calidad de sus ingredientes.","robots":{"index":"index","follow":"follow","max-snippet":"max-snippet:-1","max-image-preview":"max-image-preview:large","max-video-preview":"max-video-preview:-1"},"canonical":"https:\/\/vegapas.com\/de\/ueber-uns\/","og_locale":"de_DE","og_type":"article","og_title":"\u00dcber Uns - VEGA PAS","og_description":"Vega Pas. Especialistas en la elaboraci\u00f3n y distribuci\u00f3n, a nivel nacional, de productos relacionados con la panader\u00eda y boller\u00eda, conservando una receta tradicional y cuidando la calidad de sus ingredientes.","og_url":"https:\/\/vegapas.com\/de\/ueber-uns\/","og_site_name":"VEGA PAS","article_publisher":"https:\/\/www.facebook.com\/vegapas","article_modified_time":"2017-02-21T08:50:07+00:00","twitter_card":"summary_large_image","twitter_misc":{"Gesch\u00e4tzte Lesezeit":"7\u00a0Minuten"},"schema":{"@context":"https:\/\/schema.org","@graph":[{"@type":"WebPage","@id":"https:\/\/vegapas.com\/de\/ueber-uns\/","url":"https:\/\/vegapas.com\/de\/ueber-uns\/","name":"\u00dcber Uns - VEGA PAS","isPartOf":{"@id":"https:\/\/vegapas.com\/#website"},"datePublished":"2016-07-08T10:28:00+00:00","dateModified":"2017-02-21T08:50:07+00:00","description":"Vega Pas. Especialistas en la elaboraci\u00f3n y distribuci\u00f3n, a nivel nacional, de productos relacionados con la panader\u00eda y boller\u00eda, conservando una receta tradicional y cuidando la calidad de sus ingredientes.","breadcrumb":{"@id":"https:\/\/vegapas.com\/de\/ueber-uns\/#breadcrumb"},"inLanguage":"de","potentialAction":[{"@type":"ReadAction","target":["https:\/\/vegapas.com\/de\/ueber-uns\/"]}]},{"@type":"BreadcrumbList","@id":"https:\/\/vegapas.com\/de\/ueber-uns\/#breadcrumb","itemListElement":[{"@type":"ListItem","position":1,"name":"Portada","item":"https:\/\/vegapas.com\/de\/"},{"@type":"ListItem","position":2,"name":"\u00dcber Uns"}]},{"@type":"WebSite","@id":"https:\/\/vegapas.com\/#website","url":"https:\/\/vegapas.com\/","name":"VEGA PAS","description":"Productos pasiegos","potentialAction":[{"@type":"SearchAction","target":{"@type":"EntryPoint","urlTemplate":"https:\/\/vegapas.com\/?s={search_term_string}"},"query-input":{"@type":"PropertyValueSpecification","valueRequired":true,"valueName":"search_term_string"}}],"inLanguage":"de"}]}},"_links":{"self":[{"href":"https:\/\/vegapas.com\/de\/wp-json\/wp\/v2\/pages\/12964","targetHints":{"allow":["GET"]}}],"collection":[{"href":"https:\/\/vegapas.com\/de\/wp-json\/wp\/v2\/pages"}],"about":[{"href":"https:\/\/vegapas.com\/de\/wp-json\/wp\/v2\/types\/page"}],"author":[{"embeddable":true,"href":"https:\/\/vegapas.com\/de\/wp-json\/wp\/v2\/users\/1"}],"replies":[{"embeddable":true,"href":"https:\/\/vegapas.com\/de\/wp-json\/wp\/v2\/comments?post=12964"}],"version-history":[{"count":0,"href":"https:\/\/vegapas.com\/de\/wp-json\/wp\/v2\/pages\/12964\/revisions"}],"wp:attachment":[{"href":"https:\/\/vegapas.com\/de\/wp-json\/wp\/v2\/media?parent=12964"}],"curies":[{"name":"wp","href":"https:\/\/api.w.org\/{rel}","templated":true}]}}