{"id":13236,"date":"2017-01-27T13:26:59","date_gmt":"2017-01-27T12:26:59","guid":{"rendered":"http:\/\/vegapas.com\/lemon-madeleines\/"},"modified":"2017-02-21T19:06:21","modified_gmt":"2017-02-21T18:06:21","slug":"madeleines-mit-zitrone-geschmack","status":"publish","type":"page","link":"https:\/\/vegapas.com\/de\/madeleines-mit-zitrone-geschmack\/","title":{"rendered":"Madeleines mit Zitrone Geschmack"},"content":{"rendered":"<p>[vc_row][vc_column][rev_slider_vc alias=&#8220;mag_limon_es&#8220;][\/vc_column][\/vc_row][vc_row gap=&#8220;20&#8243; css=&#8220;.vc_custom_1485452659600{padding-top: 10px !important;padding-bottom: 50px !important;}&#8220;][vc_column width=&#8220;1\/3&#8243; css=&#8220;.vc_custom_1485516231968{padding-right: 30px !important;padding-left: 30px !important;}&#8220;][vc_column_text css=&#8220;.vc_custom_1487695727147{margin-bottom: 20px !important;}&#8220;]<\/p>\n<h4 style=\"color: #0084cf; text-align: left;\">Madeleines mit Zitrone Geschmack<\/h4>\n<p>[\/vc_column_text][vc_column_text]Unter Beibehaltung des traditionellen Rezepts unserer Madeleinenbiskuits haben wir diesen etwas Zitronenschale hinzugef\u00fcgt. Die Textur ist sanft, zart, schwammig, mit einem zarten Zitronenaroma f\u00fcr alle, die eine andere Note beim Hineinbei\u00dfen sp\u00fcren wollen.[\/vc_column_text][\/vc_column][vc_column width=&#8220;1\/3&#8243; css=&#8220;.vc_custom_1485516241992{padding-right: 30px !important;padding-left: 30px !important;}&#8220; el_class=&#8220;.linea_i&#8220;][vc_single_image image=&#8220;12489&#8243; img_size=&#8220;full&#8220;][vc_toggle title=&#8220;Nutritional facts&#8220; style=&#8220;round&#8220; size=&#8220;sm&#8220; css_animation=&#8220;bottom-to-top&#8220; el_id=&#8220;1444218122099-8431298f-18ff&#8220;]<\/p>\n<h6>INGREDIENTS:<\/h6>\n<p>Wheat flour, sunflower oil, sugar, egg, glucose syrup, water, 0.3 % natural flavour lemon, raising agent (E-450, E-500), Anti-caking agent (E- 516), salt, preservatives (E-202, E-270), flavouring and acid (E-330).<\/p>\n<p>Contain:<\/p>\n<p>Cereals containing gluten: <b>Wheat.\u00a0<\/b><b>Eggs <\/b>and products thereof.\u00a0<b>Milk<\/b> and products thereof (including lactose). \u00a0May contain traces <b>soybeans <\/b>and products thereof.\u00a0Free from GMO.<\/p>\n<p><img loading=\"lazy\" decoding=\"async\" class=\"alignnone wp-image-13157 size-full\" src=\"https:\/\/vegapas.com\/wp-content\/uploads\/2017\/01\/vegapas_nutricional_ing_limon2.gif\" width=\"297\" height=\"257\" \/>[\/vc_toggle][\/vc_column][vc_column width=&#8220;1\/3&#8243; css=&#8220;.vc_custom_1485454485962{padding-right: 30px !important;padding-left: 30px !important;}&#8220;][vc_column_text css=&#8220;.vc_custom_1487695594976{margin-bottom: 10px !important;}&#8220;]<\/p>\n<h6>Avai Erh\u00e4ltliche Gebinde:<\/h6>\n<p>[\/vc_column_text][vc_single_image image=&#8220;13502&#8243; img_size=&#8220;full&#8220;][\/vc_column][\/vc_row]<\/p>\n","protected":false},"excerpt":{"rendered":"<p>[vc_row][vc_column][rev_slider_vc alias=&#8220;mag_limon_es&#8220;][\/vc_column][\/vc_row][vc_row gap=&#8220;20&#8243; css=&#8220;.vc_custom_1485452659600{padding-top: 10px !important;padding-bottom: 50px !important;}&#8220;][vc_column width=&#8220;1\/3&#8243; css=&#8220;.vc_custom_1485516231968{padding-right: 30px !important;padding-left: 30px !important;}&#8220;][vc_column_text css=&#8220;.vc_custom_1487695727147{margin-bottom: 20px !important;}&#8220;] Madeleines mit Zitrone Geschmack [\/vc_column_text][vc_column_text]Unter Beibehaltung des traditionellen Rezepts unserer Madeleinenbiskuits haben wir&#8230;<\/p>\n","protected":false},"author":1,"featured_media":0,"parent":0,"menu_order":0,"comment_status":"closed","ping_status":"closed","template":"","meta":{"footnotes":""},"class_list":["post-13236","page","type-page","status-publish","hentry"],"yoast_head":"<!-- This site is optimized with the Yoast SEO plugin v24.8.1 - https:\/\/yoast.com\/wordpress\/plugins\/seo\/ -->\n<title>Madeleines mit Zitrone Geschmack - VEGA PAS<\/title>\n<meta name=\"description\" content=\"Vega Pas. Especialistas en la elaboraci\u00f3n y distribuci\u00f3n, a nivel nacional, de productos relacionados con la panader\u00eda y boller\u00eda, conservando una receta tradicional y cuidando la calidad de sus ingredientes.\" \/>\n<meta name=\"robots\" content=\"index, follow, max-snippet:-1, max-image-preview:large, max-video-preview:-1\" \/>\n<link rel=\"canonical\" href=\"https:\/\/vegapas.com\/de\/madeleines-mit-zitrone-geschmack\/\" \/>\n<meta property=\"og:locale\" content=\"de_DE\" \/>\n<meta property=\"og:type\" content=\"article\" \/>\n<meta property=\"og:title\" content=\"Madeleines mit Zitrone Geschmack - VEGA PAS\" \/>\n<meta property=\"og:description\" content=\"Vega Pas. Especialistas en la elaboraci\u00f3n y distribuci\u00f3n, a nivel nacional, de productos relacionados con la panader\u00eda y boller\u00eda, conservando una receta tradicional y cuidando la calidad de sus ingredientes.\" \/>\n<meta property=\"og:url\" content=\"https:\/\/vegapas.com\/de\/madeleines-mit-zitrone-geschmack\/\" \/>\n<meta property=\"og:site_name\" content=\"VEGA PAS\" \/>\n<meta property=\"article:publisher\" content=\"https:\/\/www.facebook.com\/vegapas\" \/>\n<meta property=\"article:modified_time\" content=\"2017-02-21T18:06:21+00:00\" \/>\n<meta property=\"og:image\" content=\"https:\/\/vegapas.com\/wp-content\/uploads\/2017\/01\/vegapas_nutricional_ing_limon2.gif\" \/>\n<meta name=\"twitter:card\" content=\"summary_large_image\" \/>\n<meta name=\"twitter:label1\" content=\"Gesch\u00e4tzte Lesezeit\" \/>\n\t<meta name=\"twitter:data1\" content=\"1\u00a0Minute\" \/>\n<script type=\"application\/ld+json\" class=\"yoast-schema-graph\">{\"@context\":\"https:\/\/schema.org\",\"@graph\":[{\"@type\":\"WebPage\",\"@id\":\"https:\/\/vegapas.com\/de\/madeleines-mit-zitrone-geschmack\/\",\"url\":\"https:\/\/vegapas.com\/de\/madeleines-mit-zitrone-geschmack\/\",\"name\":\"Madeleines mit Zitrone Geschmack - VEGA PAS\",\"isPartOf\":{\"@id\":\"https:\/\/vegapas.com\/#website\"},\"primaryImageOfPage\":{\"@id\":\"https:\/\/vegapas.com\/de\/madeleines-mit-zitrone-geschmack\/#primaryimage\"},\"image\":{\"@id\":\"https:\/\/vegapas.com\/de\/madeleines-mit-zitrone-geschmack\/#primaryimage\"},\"thumbnailUrl\":\"https:\/\/vegapas.com\/wp-content\/uploads\/2017\/01\/vegapas_nutricional_ing_limon2.gif\",\"datePublished\":\"2017-01-27T12:26:59+00:00\",\"dateModified\":\"2017-02-21T18:06:21+00:00\",\"description\":\"Vega Pas. Especialistas en la elaboraci\u00f3n y distribuci\u00f3n, a nivel nacional, de productos relacionados con la panader\u00eda y boller\u00eda, conservando una receta tradicional y cuidando la calidad de sus ingredientes.\",\"breadcrumb\":{\"@id\":\"https:\/\/vegapas.com\/de\/madeleines-mit-zitrone-geschmack\/#breadcrumb\"},\"inLanguage\":\"de\",\"potentialAction\":[{\"@type\":\"ReadAction\",\"target\":[\"https:\/\/vegapas.com\/de\/madeleines-mit-zitrone-geschmack\/\"]}]},{\"@type\":\"ImageObject\",\"inLanguage\":\"de\",\"@id\":\"https:\/\/vegapas.com\/de\/madeleines-mit-zitrone-geschmack\/#primaryimage\",\"url\":\"https:\/\/vegapas.com\/wp-content\/uploads\/2017\/01\/vegapas_nutricional_ing_limon2.gif\",\"contentUrl\":\"https:\/\/vegapas.com\/wp-content\/uploads\/2017\/01\/vegapas_nutricional_ing_limon2.gif\"},{\"@type\":\"BreadcrumbList\",\"@id\":\"https:\/\/vegapas.com\/de\/madeleines-mit-zitrone-geschmack\/#breadcrumb\",\"itemListElement\":[{\"@type\":\"ListItem\",\"position\":1,\"name\":\"Portada\",\"item\":\"https:\/\/vegapas.com\/de\/\"},{\"@type\":\"ListItem\",\"position\":2,\"name\":\"Madeleines mit Zitrone Geschmack\"}]},{\"@type\":\"WebSite\",\"@id\":\"https:\/\/vegapas.com\/#website\",\"url\":\"https:\/\/vegapas.com\/\",\"name\":\"VEGA PAS\",\"description\":\"Productos pasiegos\",\"potentialAction\":[{\"@type\":\"SearchAction\",\"target\":{\"@type\":\"EntryPoint\",\"urlTemplate\":\"https:\/\/vegapas.com\/?s={search_term_string}\"},\"query-input\":{\"@type\":\"PropertyValueSpecification\",\"valueRequired\":true,\"valueName\":\"search_term_string\"}}],\"inLanguage\":\"de\"}]}<\/script>\n<!-- \/ Yoast SEO plugin. -->","yoast_head_json":{"title":"Madeleines mit Zitrone Geschmack - VEGA PAS","description":"Vega Pas. Especialistas en la elaboraci\u00f3n y distribuci\u00f3n, a nivel nacional, de productos relacionados con la panader\u00eda y boller\u00eda, conservando una receta tradicional y cuidando la calidad de sus ingredientes.","robots":{"index":"index","follow":"follow","max-snippet":"max-snippet:-1","max-image-preview":"max-image-preview:large","max-video-preview":"max-video-preview:-1"},"canonical":"https:\/\/vegapas.com\/de\/madeleines-mit-zitrone-geschmack\/","og_locale":"de_DE","og_type":"article","og_title":"Madeleines mit Zitrone Geschmack - VEGA PAS","og_description":"Vega Pas. Especialistas en la elaboraci\u00f3n y distribuci\u00f3n, a nivel nacional, de productos relacionados con la panader\u00eda y boller\u00eda, conservando una receta tradicional y cuidando la calidad de sus ingredientes.","og_url":"https:\/\/vegapas.com\/de\/madeleines-mit-zitrone-geschmack\/","og_site_name":"VEGA PAS","article_publisher":"https:\/\/www.facebook.com\/vegapas","article_modified_time":"2017-02-21T18:06:21+00:00","og_image":[{"url":"https:\/\/vegapas.com\/wp-content\/uploads\/2017\/01\/vegapas_nutricional_ing_limon2.gif","type":"","width":"","height":""}],"twitter_card":"summary_large_image","twitter_misc":{"Gesch\u00e4tzte Lesezeit":"1\u00a0Minute"},"schema":{"@context":"https:\/\/schema.org","@graph":[{"@type":"WebPage","@id":"https:\/\/vegapas.com\/de\/madeleines-mit-zitrone-geschmack\/","url":"https:\/\/vegapas.com\/de\/madeleines-mit-zitrone-geschmack\/","name":"Madeleines mit Zitrone Geschmack - VEGA PAS","isPartOf":{"@id":"https:\/\/vegapas.com\/#website"},"primaryImageOfPage":{"@id":"https:\/\/vegapas.com\/de\/madeleines-mit-zitrone-geschmack\/#primaryimage"},"image":{"@id":"https:\/\/vegapas.com\/de\/madeleines-mit-zitrone-geschmack\/#primaryimage"},"thumbnailUrl":"https:\/\/vegapas.com\/wp-content\/uploads\/2017\/01\/vegapas_nutricional_ing_limon2.gif","datePublished":"2017-01-27T12:26:59+00:00","dateModified":"2017-02-21T18:06:21+00:00","description":"Vega Pas. Especialistas en la elaboraci\u00f3n y distribuci\u00f3n, a nivel nacional, de productos relacionados con la panader\u00eda y boller\u00eda, conservando una receta tradicional y cuidando la calidad de sus ingredientes.","breadcrumb":{"@id":"https:\/\/vegapas.com\/de\/madeleines-mit-zitrone-geschmack\/#breadcrumb"},"inLanguage":"de","potentialAction":[{"@type":"ReadAction","target":["https:\/\/vegapas.com\/de\/madeleines-mit-zitrone-geschmack\/"]}]},{"@type":"ImageObject","inLanguage":"de","@id":"https:\/\/vegapas.com\/de\/madeleines-mit-zitrone-geschmack\/#primaryimage","url":"https:\/\/vegapas.com\/wp-content\/uploads\/2017\/01\/vegapas_nutricional_ing_limon2.gif","contentUrl":"https:\/\/vegapas.com\/wp-content\/uploads\/2017\/01\/vegapas_nutricional_ing_limon2.gif"},{"@type":"BreadcrumbList","@id":"https:\/\/vegapas.com\/de\/madeleines-mit-zitrone-geschmack\/#breadcrumb","itemListElement":[{"@type":"ListItem","position":1,"name":"Portada","item":"https:\/\/vegapas.com\/de\/"},{"@type":"ListItem","position":2,"name":"Madeleines mit Zitrone Geschmack"}]},{"@type":"WebSite","@id":"https:\/\/vegapas.com\/#website","url":"https:\/\/vegapas.com\/","name":"VEGA PAS","description":"Productos pasiegos","potentialAction":[{"@type":"SearchAction","target":{"@type":"EntryPoint","urlTemplate":"https:\/\/vegapas.com\/?s={search_term_string}"},"query-input":{"@type":"PropertyValueSpecification","valueRequired":true,"valueName":"search_term_string"}}],"inLanguage":"de"}]}},"_links":{"self":[{"href":"https:\/\/vegapas.com\/de\/wp-json\/wp\/v2\/pages\/13236","targetHints":{"allow":["GET"]}}],"collection":[{"href":"https:\/\/vegapas.com\/de\/wp-json\/wp\/v2\/pages"}],"about":[{"href":"https:\/\/vegapas.com\/de\/wp-json\/wp\/v2\/types\/page"}],"author":[{"embeddable":true,"href":"https:\/\/vegapas.com\/de\/wp-json\/wp\/v2\/users\/1"}],"replies":[{"embeddable":true,"href":"https:\/\/vegapas.com\/de\/wp-json\/wp\/v2\/comments?post=13236"}],"version-history":[{"count":0,"href":"https:\/\/vegapas.com\/de\/wp-json\/wp\/v2\/pages\/13236\/revisions"}],"wp:attachment":[{"href":"https:\/\/vegapas.com\/de\/wp-json\/wp\/v2\/media?parent=13236"}],"curies":[{"name":"wp","href":"https:\/\/api.w.org\/{rel}","templated":true}]}}