{"id":13265,"date":"2017-01-27T10:20:09","date_gmt":"2017-01-27T09:20:09","guid":{"rendered":"http:\/\/vegapas.com\/plain-muffins\/"},"modified":"2017-02-21T19:04:01","modified_gmt":"2017-02-21T18:04:01","slug":"muffins-natur","status":"publish","type":"page","link":"https:\/\/vegapas.com\/de\/muffins-natur\/","title":{"rendered":"Muffins Natur"},"content":{"rendered":"<p>[vc_row][vc_column][rev_slider_vc alias=&#8220;mojicones_es&#8220;][\/vc_column][\/vc_row][vc_row gap=&#8220;20&#8243; css=&#8220;.vc_custom_1485452659600{padding-top: 10px !important;padding-bottom: 50px !important;}&#8220;][vc_column width=&#8220;1\/3&#8243; css=&#8220;.vc_custom_1485535341540{padding-right: 30px !important;padding-left: 30px !important;}&#8220;][vc_column_text css=&#8220;.vc_custom_1487695618291{margin-bottom: 20px !important;}&#8220;]<\/p>\n<h4 style=\"color: #0084cf; text-align: left;\">Muffins Natur<\/h4>\n<p>[\/vc_column_text][vc_column_text]Wie hei\u00dft ein Teiggeb\u00e4ck, das man in Milch, Kaffee, hei\u00dfe Schokolade oder was auch immer man will tunken kann? Also MOJIC\u00d3N (Muffins Natur),\u00a0 \u201eeinfeuchten mit\u201d. Dass der Mojic\u00f3n schon von Cervantes in seinem Meisterwerk Don Quijote erw\u00e4hnt wurde, gibt uns einen Hinweis auf den Ursprung dieses schmackhaften Geb\u00e4cks. Und \u00fcberall, wo es Mojic\u00f3n gibt, gibt es auch eine gute Tasse, in die man ihn tunken kann, bevor man seine Schwammigkeit beim Fr\u00fchst\u00fcck und bei der Kaffeetafel genie\u00dfen kann.[\/vc_column_text][\/vc_column][vc_column width=&#8220;1\/3&#8243; css=&#8220;.vc_custom_1485535350259{padding-right: 30px !important;padding-left: 30px !important;}&#8220; el_class=&#8220;.linea_i&#8220;][vc_images_carousel images=&#8220;12449,12451,12453&#8243; img_size=&#8220;full&#8220; onclick=&#8220;link_no&#8220; speed=&#8220;6000&#8243; autoplay=&#8220;yes&#8220; hide_pagination_control=&#8220;yes&#8220; wrap=&#8220;yes&#8220;][vc_toggle title=&#8220;Nutritional facts&#8220; style=&#8220;round&#8220; size=&#8220;sm&#8220; css_animation=&#8220;bottom-to-top&#8220; el_id=&#8220;1444218122099-8431298f-18ff&#8220;]<\/p>\n<h6>INGREDIENTS:<\/h6>\n<p><b>Wheat <\/b>flour, sugar, sunflower oil, <b>egg<\/b>, water, humectant (E-422), glucose syrup, raising agents (E-500, E-450, E-331), anti-caking agents (E-516), flavouring, salt, preservative (E-202) and acid (E-330).<\/p>\n<p>Contain:<\/p>\n<p>Cereals containing gluten<b>: Wheat.\u00a0<\/b>Eggs and products thereof.\u00a0<b>Milk <\/b>and products thereof (including <b>lactose<\/b>). \u00a0May contain traces <b>soybeans<\/b> and products thereof.\u00a0Free from GMO.<\/p>\n<p><img loading=\"lazy\" decoding=\"async\" class=\"alignnone wp-image-13161 size-full\" src=\"https:\/\/vegapas.com\/wp-content\/uploads\/2017\/01\/vegapas_nutricional_ing_mojicon2.gif\" width=\"297\" height=\"257\" \/>[\/vc_toggle][\/vc_column][vc_column width=&#8220;1\/3&#8243; css=&#8220;.vc_custom_1485454485962{padding-right: 30px !important;padding-left: 30px !important;}&#8220;][vc_column_text css=&#8220;.vc_custom_1487695543703{margin-bottom: 10px !important;}&#8220;]<\/p>\n<h6>Avai Erh\u00e4ltliche Gebinde:<\/h6>\n<p>[\/vc_column_text][vc_single_image image=&#8220;13504&#8243; img_size=&#8220;full&#8220;][\/vc_column][\/vc_row]<\/p>\n","protected":false},"excerpt":{"rendered":"<p>[vc_row][vc_column][rev_slider_vc alias=&#8220;mojicones_es&#8220;][\/vc_column][\/vc_row][vc_row gap=&#8220;20&#8243; css=&#8220;.vc_custom_1485452659600{padding-top: 10px !important;padding-bottom: 50px !important;}&#8220;][vc_column width=&#8220;1\/3&#8243; css=&#8220;.vc_custom_1485535341540{padding-right: 30px !important;padding-left: 30px !important;}&#8220;][vc_column_text css=&#8220;.vc_custom_1487695618291{margin-bottom: 20px !important;}&#8220;] Muffins Natur [\/vc_column_text][vc_column_text]Wie hei\u00dft ein Teiggeb\u00e4ck, das man in Milch, Kaffee, hei\u00dfe Schokolade&#8230;<\/p>\n","protected":false},"author":1,"featured_media":0,"parent":0,"menu_order":0,"comment_status":"closed","ping_status":"closed","template":"","meta":{"footnotes":""},"class_list":["post-13265","page","type-page","status-publish","hentry"],"yoast_head":"<!-- This site is optimized with the Yoast SEO plugin v24.8.1 - https:\/\/yoast.com\/wordpress\/plugins\/seo\/ -->\n<title>Muffins Natur - VEGA PAS<\/title>\n<meta name=\"description\" content=\"Vega Pas. Especialistas en la elaboraci\u00f3n y distribuci\u00f3n, a nivel nacional, de productos relacionados con la panader\u00eda y boller\u00eda, conservando una receta tradicional y cuidando la calidad de sus ingredientes.\" \/>\n<meta name=\"robots\" content=\"index, follow, max-snippet:-1, max-image-preview:large, max-video-preview:-1\" \/>\n<link rel=\"canonical\" href=\"https:\/\/vegapas.com\/de\/muffins-natur\/\" \/>\n<meta property=\"og:locale\" content=\"de_DE\" \/>\n<meta property=\"og:type\" content=\"article\" \/>\n<meta property=\"og:title\" content=\"Muffins Natur - VEGA PAS\" \/>\n<meta property=\"og:description\" content=\"Vega Pas. Especialistas en la elaboraci\u00f3n y distribuci\u00f3n, a nivel nacional, de productos relacionados con la panader\u00eda y boller\u00eda, conservando una receta tradicional y cuidando la calidad de sus ingredientes.\" \/>\n<meta property=\"og:url\" content=\"https:\/\/vegapas.com\/de\/muffins-natur\/\" \/>\n<meta property=\"og:site_name\" content=\"VEGA PAS\" \/>\n<meta property=\"article:publisher\" content=\"https:\/\/www.facebook.com\/vegapas\" \/>\n<meta property=\"article:modified_time\" content=\"2017-02-21T18:04:01+00:00\" \/>\n<meta property=\"og:image\" content=\"https:\/\/vegapas.com\/wp-content\/uploads\/2017\/01\/vegapas_nutricional_ing_mojicon2.gif\" \/>\n<meta name=\"twitter:card\" content=\"summary_large_image\" \/>\n<meta name=\"twitter:label1\" content=\"Gesch\u00e4tzte Lesezeit\" \/>\n\t<meta name=\"twitter:data1\" content=\"1\u00a0Minute\" \/>\n<script type=\"application\/ld+json\" class=\"yoast-schema-graph\">{\"@context\":\"https:\/\/schema.org\",\"@graph\":[{\"@type\":\"WebPage\",\"@id\":\"https:\/\/vegapas.com\/de\/muffins-natur\/\",\"url\":\"https:\/\/vegapas.com\/de\/muffins-natur\/\",\"name\":\"Muffins Natur - VEGA PAS\",\"isPartOf\":{\"@id\":\"https:\/\/vegapas.com\/#website\"},\"primaryImageOfPage\":{\"@id\":\"https:\/\/vegapas.com\/de\/muffins-natur\/#primaryimage\"},\"image\":{\"@id\":\"https:\/\/vegapas.com\/de\/muffins-natur\/#primaryimage\"},\"thumbnailUrl\":\"https:\/\/vegapas.com\/wp-content\/uploads\/2017\/01\/vegapas_nutricional_ing_mojicon2.gif\",\"datePublished\":\"2017-01-27T09:20:09+00:00\",\"dateModified\":\"2017-02-21T18:04:01+00:00\",\"description\":\"Vega Pas. Especialistas en la elaboraci\u00f3n y distribuci\u00f3n, a nivel nacional, de productos relacionados con la panader\u00eda y boller\u00eda, conservando una receta tradicional y cuidando la calidad de sus ingredientes.\",\"breadcrumb\":{\"@id\":\"https:\/\/vegapas.com\/de\/muffins-natur\/#breadcrumb\"},\"inLanguage\":\"de\",\"potentialAction\":[{\"@type\":\"ReadAction\",\"target\":[\"https:\/\/vegapas.com\/de\/muffins-natur\/\"]}]},{\"@type\":\"ImageObject\",\"inLanguage\":\"de\",\"@id\":\"https:\/\/vegapas.com\/de\/muffins-natur\/#primaryimage\",\"url\":\"https:\/\/vegapas.com\/wp-content\/uploads\/2017\/01\/vegapas_nutricional_ing_mojicon2.gif\",\"contentUrl\":\"https:\/\/vegapas.com\/wp-content\/uploads\/2017\/01\/vegapas_nutricional_ing_mojicon2.gif\"},{\"@type\":\"BreadcrumbList\",\"@id\":\"https:\/\/vegapas.com\/de\/muffins-natur\/#breadcrumb\",\"itemListElement\":[{\"@type\":\"ListItem\",\"position\":1,\"name\":\"Portada\",\"item\":\"https:\/\/vegapas.com\/de\/\"},{\"@type\":\"ListItem\",\"position\":2,\"name\":\"Muffins Natur\"}]},{\"@type\":\"WebSite\",\"@id\":\"https:\/\/vegapas.com\/#website\",\"url\":\"https:\/\/vegapas.com\/\",\"name\":\"VEGA PAS\",\"description\":\"Productos pasiegos\",\"potentialAction\":[{\"@type\":\"SearchAction\",\"target\":{\"@type\":\"EntryPoint\",\"urlTemplate\":\"https:\/\/vegapas.com\/?s={search_term_string}\"},\"query-input\":{\"@type\":\"PropertyValueSpecification\",\"valueRequired\":true,\"valueName\":\"search_term_string\"}}],\"inLanguage\":\"de\"}]}<\/script>\n<!-- \/ Yoast SEO plugin. -->","yoast_head_json":{"title":"Muffins Natur - VEGA PAS","description":"Vega Pas. Especialistas en la elaboraci\u00f3n y distribuci\u00f3n, a nivel nacional, de productos relacionados con la panader\u00eda y boller\u00eda, conservando una receta tradicional y cuidando la calidad de sus ingredientes.","robots":{"index":"index","follow":"follow","max-snippet":"max-snippet:-1","max-image-preview":"max-image-preview:large","max-video-preview":"max-video-preview:-1"},"canonical":"https:\/\/vegapas.com\/de\/muffins-natur\/","og_locale":"de_DE","og_type":"article","og_title":"Muffins Natur - VEGA PAS","og_description":"Vega Pas. Especialistas en la elaboraci\u00f3n y distribuci\u00f3n, a nivel nacional, de productos relacionados con la panader\u00eda y boller\u00eda, conservando una receta tradicional y cuidando la calidad de sus ingredientes.","og_url":"https:\/\/vegapas.com\/de\/muffins-natur\/","og_site_name":"VEGA PAS","article_publisher":"https:\/\/www.facebook.com\/vegapas","article_modified_time":"2017-02-21T18:04:01+00:00","og_image":[{"url":"https:\/\/vegapas.com\/wp-content\/uploads\/2017\/01\/vegapas_nutricional_ing_mojicon2.gif","type":"","width":"","height":""}],"twitter_card":"summary_large_image","twitter_misc":{"Gesch\u00e4tzte Lesezeit":"1\u00a0Minute"},"schema":{"@context":"https:\/\/schema.org","@graph":[{"@type":"WebPage","@id":"https:\/\/vegapas.com\/de\/muffins-natur\/","url":"https:\/\/vegapas.com\/de\/muffins-natur\/","name":"Muffins Natur - VEGA PAS","isPartOf":{"@id":"https:\/\/vegapas.com\/#website"},"primaryImageOfPage":{"@id":"https:\/\/vegapas.com\/de\/muffins-natur\/#primaryimage"},"image":{"@id":"https:\/\/vegapas.com\/de\/muffins-natur\/#primaryimage"},"thumbnailUrl":"https:\/\/vegapas.com\/wp-content\/uploads\/2017\/01\/vegapas_nutricional_ing_mojicon2.gif","datePublished":"2017-01-27T09:20:09+00:00","dateModified":"2017-02-21T18:04:01+00:00","description":"Vega Pas. Especialistas en la elaboraci\u00f3n y distribuci\u00f3n, a nivel nacional, de productos relacionados con la panader\u00eda y boller\u00eda, conservando una receta tradicional y cuidando la calidad de sus ingredientes.","breadcrumb":{"@id":"https:\/\/vegapas.com\/de\/muffins-natur\/#breadcrumb"},"inLanguage":"de","potentialAction":[{"@type":"ReadAction","target":["https:\/\/vegapas.com\/de\/muffins-natur\/"]}]},{"@type":"ImageObject","inLanguage":"de","@id":"https:\/\/vegapas.com\/de\/muffins-natur\/#primaryimage","url":"https:\/\/vegapas.com\/wp-content\/uploads\/2017\/01\/vegapas_nutricional_ing_mojicon2.gif","contentUrl":"https:\/\/vegapas.com\/wp-content\/uploads\/2017\/01\/vegapas_nutricional_ing_mojicon2.gif"},{"@type":"BreadcrumbList","@id":"https:\/\/vegapas.com\/de\/muffins-natur\/#breadcrumb","itemListElement":[{"@type":"ListItem","position":1,"name":"Portada","item":"https:\/\/vegapas.com\/de\/"},{"@type":"ListItem","position":2,"name":"Muffins Natur"}]},{"@type":"WebSite","@id":"https:\/\/vegapas.com\/#website","url":"https:\/\/vegapas.com\/","name":"VEGA PAS","description":"Productos pasiegos","potentialAction":[{"@type":"SearchAction","target":{"@type":"EntryPoint","urlTemplate":"https:\/\/vegapas.com\/?s={search_term_string}"},"query-input":{"@type":"PropertyValueSpecification","valueRequired":true,"valueName":"search_term_string"}}],"inLanguage":"de"}]}},"_links":{"self":[{"href":"https:\/\/vegapas.com\/de\/wp-json\/wp\/v2\/pages\/13265","targetHints":{"allow":["GET"]}}],"collection":[{"href":"https:\/\/vegapas.com\/de\/wp-json\/wp\/v2\/pages"}],"about":[{"href":"https:\/\/vegapas.com\/de\/wp-json\/wp\/v2\/types\/page"}],"author":[{"embeddable":true,"href":"https:\/\/vegapas.com\/de\/wp-json\/wp\/v2\/users\/1"}],"replies":[{"embeddable":true,"href":"https:\/\/vegapas.com\/de\/wp-json\/wp\/v2\/comments?post=13265"}],"version-history":[{"count":0,"href":"https:\/\/vegapas.com\/de\/wp-json\/wp\/v2\/pages\/13265\/revisions"}],"wp:attachment":[{"href":"https:\/\/vegapas.com\/de\/wp-json\/wp\/v2\/media?parent=13265"}],"curies":[{"name":"wp","href":"https:\/\/api.w.org\/{rel}","templated":true}]}}