{"id":12834,"date":"2016-07-08T12:28:00","date_gmt":"2016-07-08T10:28:00","guid":{"rendered":"http:\/\/vegapas.com\/quienes-somos\/"},"modified":"2017-02-14T17:04:26","modified_gmt":"2017-02-14T16:04:26","slug":"about-us","status":"publish","type":"page","link":"https:\/\/vegapas.com\/en\/about-us\/","title":{"rendered":"About us"},"content":{"rendered":"<p>[vc_row css=&#8221;.vc_custom_1485250435904{margin-bottom: 0px !important;padding-top: 100px !important;padding-bottom: 100px !important;}&#8221;][vc_column offset=&#8221;vc_col-lg-offset-2 vc_col-lg-8 vc_col-md-offset-1 vc_col-md-10&#8243;][vc_column_text css_animation=&#8221;bottom-to-top&#8221;]<\/p>\n<h2 style=\"text-align: left;\">Made of origin<\/h2>\n<p>[\/vc_column_text][vc_column_text css_animation=&#8221;bottom-to-top&#8221;]We come from a great <strong>baking tradition<\/strong>; our origins in the field of traditional bakery and pastries go back to <strong>1940<\/strong> with the acquisition of the bakery &#8220;La Constancia&#8221; in Santander, Spain, where the Coria Gallegos Family worked for decades for the growth of a family dream. In the 70&#8217;s we acquired the \u201cPanader\u00edas C\u00e1ntabras\u201d bakery to expand productive capacity and meet the needs of our customers.<\/p>\n<h6 style=\"color: #0084cf; text-align: left;\">Vega Pelayo<\/h6>\n<p>In the 90&#8217;s, with a generational change in progress, the new Coria R\u00edos family decided to expand its line of business into the field of confectionery, opting for the craft manufacture of products from Cantabria, attaching to the group of existing companies a small Sobaos Pasiegos bakery called &#8220;Vega Pelayo SL&#8221; located in Santander, a bakery that given the demand of the market was transferred at the end of this decade to the Guarnizo industrial estate, in order to expand productive capacity and with the aim of always being at the <strong>forefront of technology<\/strong>.<\/p>\n<p>.[\/vc_column_text][\/vc_column][\/vc_row][vc_row full_width=&#8221;stretch_row_content_no_spaces&#8221; equal_height=&#8221;yes&#8221; css=&#8221;.vc_custom_1485254233602{margin-bottom: 0px !important;background-color: #0084cf !important;}&#8221;][vc_column width=&#8221;1\/3&#8243; css=&#8221;.vc_custom_1485254885715{padding-top: 200px !important;padding-bottom: 200px !important;background-image: url(https:\/\/vegapas.com\/wp-content\/uploads\/2016\/07\/vega_pas_banners_fondo_fabrica.jpg?id=12151) !important;background-position: center !important;background-repeat: no-repeat !important;background-size: cover !important;}&#8221;][\/vc_column][vc_column width=&#8221;2\/3&#8243; css=&#8221;.vc_custom_1485252507606{padding-top: 70px !important;padding-right: 10% !important;padding-bottom: 40px !important;padding-left: 10% !important;}&#8221;][vc_column_text css_animation=&#8221;bottom-to-top&#8221;]<\/p>\n<h3 style=\"color: #fff;\">Made of quality<\/h3>\n<p>[\/vc_column_text][vc_column_text css_animation=&#8221;bottom-to-top&#8221;]<\/p>\n<p style=\"color: #fff;\">Currently, our products are present throughout the national territory, in major stores all over the country. We manufacture under our brand Vega Pas, as well as for the brand of the distributor. Our products are exported to Europe, Africa and Latin America.<\/p>\n<h6 style=\"color: #fff; text-align: left;\">Quality certifications<\/h6>\n<p style=\"color: #fff;\">In 2014, we were jointly certified for the first time in international quality standards: \u00a0 <span style=\"background-color: #fff; color: #0084cf;\">\u00a0International Food Standard \u2013 IFS \u00a0<\/span> and <span style=\"background-color: #fff; color: #0084cf;\"> \u00a0British Retail Consortium \u2013 BRC \u00a0<\/span>. Standards that are behind all our actions as a company to meet the quality objectives of all our customers.<\/p>\n<p>[\/vc_column_text][vc_separator color=&#8221;custom&#8221; align=&#8221;align_left&#8221; accent_color=&#8221;#eeeeee&#8221; css=&#8221;.vc_custom_1485252422983{padding-top: 20px !important;padding-bottom: 20px !important;}&#8221;][vc_row_inner gap=&#8221;30&#8243; css=&#8221;.vc_custom_1485252446989{margin-bottom: 0px !important;}&#8221;][vc_column_inner width=&#8221;1\/2&#8243;][vc_single_image image=&#8221;12148&#8243; img_size=&#8221;large&#8221; alignment=&#8221;center&#8221;][\/vc_column_inner][vc_column_inner width=&#8221;1\/2&#8243;][vc_single_image image=&#8221;12149&#8243; img_size=&#8221;large&#8221; alignment=&#8221;center&#8221;][\/vc_column_inner][\/vc_row_inner][\/vc_column][\/vc_row][vc_row css=&#8221;.vc_custom_1485253169481{padding-top: 40px !important;padding-bottom: 30px !important;}&#8221;][vc_column][vc_column_text css_animation=&#8221;bottom-to-top&#8221;]<\/p>\n<h6 style=\"color: #0084cf; text-align: center; margin-bottom: 0px;\">We are made of 4 basic ingredients:<\/h6>\n<h3 style=\"text-align: center; line-height: 24px;\">Talent, Enthusiasm, Innovation and Social Awareness<\/h3>\n<p>[\/vc_column_text][\/vc_column][\/vc_row][vc_row full_width=&#8221;stretch_row_content&#8221; gap=&#8221;30&#8243; equal_height=&#8221;yes&#8221; css=&#8221;.vc_custom_1468522568669{margin-bottom: 0px !important;padding-right: 15px !important;padding-left: 15px !important;}&#8221;][vc_column width=&#8221;5\/12&#8243; css=&#8221;.vc_custom_1485278380356{padding-top: 50px !important;padding-right: 80px !important;padding-bottom: 40px !important;padding-left: 80px !important;background-color: #f7f7f7 !important;}&#8221; offset=&#8221;vc_col-lg-4 vc_col-md-5&#8243;][vc_custom_heading text=&#8221;01.&#8221; font_container=&#8221;tag:h6|font_size:90px|text_align:left|color:%230084cf|line_height:90px&#8221; use_theme_fonts=&#8221;yes&#8221; css=&#8221;.vc_custom_1485278206519{padding-bottom: 20px !important;}&#8221;][vc_column_text css_animation=&#8221;bottom-to-top&#8221; css=&#8221;.vc_custom_1487088087872{margin-bottom: 10px !important;}&#8221;]<\/p>\n<h4>Talent<\/h4>\n<p>[\/vc_column_text][vc_column_text css_animation=&#8221;bottom-to-top&#8221;]The important thing is the people; the work is done by people and we firmly believe that our employees are part of our project and that each person is able to contribute from their area or job.[\/vc_column_text][vc_separator color=&#8221;custom&#8221; align=&#8221;align_left&#8221; border_width=&#8221;2&#8243; el_width=&#8221;30&#8243; accent_color=&#8221;#0084cf&#8221;][\/vc_column][vc_column css_animation=&#8221;bottom-to-top&#8221; width=&#8221;7\/12&#8243; css=&#8221;.vc_custom_1485344251029{padding-top: 100px !important;padding-bottom: 100px !important;background-image: url(https:\/\/vegapas.com\/wp-content\/uploads\/2016\/07\/vegapas_qs_d4.png?id=12223) !important;background-position: center !important;background-repeat: no-repeat !important;background-size: contain !important;}&#8221; offset=&#8221;vc_col-lg-8 vc_col-md-7&#8243;][\/vc_column][\/vc_row][vc_row full_width=&#8221;stretch_row_content_no_spaces&#8221; gap=&#8221;30&#8243; equal_height=&#8221;yes&#8221; css=&#8221;.vc_custom_1468522602118{margin-bottom: 0px !important;padding-right: 15px !important;padding-left: 15px !important;}&#8221;][vc_column css_animation=&#8221;bottom-to-top&#8221; width=&#8221;5\/12&#8243; css=&#8221;.vc_custom_1485349106139{padding-top: 100px !important;padding-bottom: 100px !important;background-image: url(https:\/\/vegapas.com\/wp-content\/uploads\/2016\/07\/vegapas_qs_d6.png?id=12246) !important;background-position: center !important;background-repeat: no-repeat !important;background-size: contain !important;}&#8221; offset=&#8221;vc_col-lg-8 vc_col-md-7&#8243;][\/vc_column][vc_column width=&#8221;7\/12&#8243; css=&#8221;.vc_custom_1485333839372{padding-top: 50px !important;padding-right: 80px !important;padding-bottom: 40px !important;padding-left: 80px !important;background-color: #f7f7f7 !important;}&#8221; offset=&#8221;vc_col-lg-4 vc_col-md-5&#8243;][vc_custom_heading text=&#8221;02.&#8221; font_container=&#8221;tag:h6|font_size:90px|text_align:left|color:%230084cf|line_height:90px&#8221; use_theme_fonts=&#8221;yes&#8221; css=&#8221;.vc_custom_1485333876228{padding-bottom: 20px !important;}&#8221;][vc_column_text css_animation=&#8221;bottom-to-top&#8221; css=&#8221;.vc_custom_1487088118247{margin-bottom: 10px !important;}&#8221;]<\/p>\n<h4>Enthusiasm<\/h4>\n<p>[\/vc_column_text][vc_column_text css_animation=&#8221;bottom-to-top&#8221;]We are ready for the new challenges. Vega Pelayo has a clear commitment to growth by increasing its presence in foreign markets, and we prepare ourselves daily to meet the needs and requirements of these new customers.[\/vc_column_text][vc_separator color=&#8221;custom&#8221; align=&#8221;align_left&#8221; border_width=&#8221;2&#8243; el_width=&#8221;30&#8243; accent_color=&#8221;#0084cf&#8221;][\/vc_column][\/vc_row][vc_row full_width=&#8221;stretch_row_content_no_spaces&#8221; gap=&#8221;30&#8243; equal_height=&#8221;yes&#8221; css=&#8221;.vc_custom_1468522619813{margin-bottom: 0px !important;padding-right: 15px !important;padding-left: 15px !important;}&#8221;][vc_column width=&#8221;7\/12&#8243; css=&#8221;.vc_custom_1485333850260{padding-top: 50px !important;padding-right: 80px !important;padding-bottom: 40px !important;padding-left: 80px !important;background-color: #f7f7f7 !important;}&#8221; offset=&#8221;vc_col-lg-4 vc_col-md-5&#8243;][vc_custom_heading text=&#8221;03.&#8221; font_container=&#8221;tag:h6|font_size:90px|text_align:left|color:%230084cf|line_height:90px&#8221; use_theme_fonts=&#8221;yes&#8221; css=&#8221;.vc_custom_1485333891596{padding-bottom: 20px !important;}&#8221;][vc_column_text css_animation=&#8221;bottom-to-top&#8221; css=&#8221;.vc_custom_1487088145608{margin-bottom: 10px !important;}&#8221;]<\/p>\n<h4>Innovation<\/h4>\n<p>[\/vc_column_text][vc_column_text css_animation=&#8221;bottom-to-top&#8221;]We want to be leading players in the future of the agri-food sector, being clearly committed to innovation in the search of more efficient processes and products through the use of technology, a tool that enhances our position in the market.[\/vc_column_text][vc_separator color=&#8221;custom&#8221; align=&#8221;align_left&#8221; border_width=&#8221;2&#8243; el_width=&#8221;30&#8243; accent_color=&#8221;#0084cf&#8221;][\/vc_column][vc_column css_animation=&#8221;bottom-to-top&#8221; width=&#8221;5\/12&#8243; css=&#8221;.vc_custom_1485352258756{padding-top: 100px !important;padding-bottom: 100px !important;background-image: url(https:\/\/vegapas.com\/wp-content\/uploads\/2016\/07\/vegapas_qs_d7.png?id=12248) !important;background-position: center !important;background-repeat: no-repeat !important;background-size: contain !important;}&#8221; offset=&#8221;vc_col-lg-8 vc_col-md-7&#8243;][\/vc_column][\/vc_row][vc_row full_width=&#8221;stretch_row_content_no_spaces&#8221; gap=&#8221;30&#8243; equal_height=&#8221;yes&#8221; css=&#8221;.vc_custom_1468522627637{margin-bottom: 0px !important;padding-right: 15px !important;padding-left: 15px !important;}&#8221;][vc_column css_animation=&#8221;bottom-to-top&#8221; width=&#8221;5\/12&#8243; css=&#8221;.vc_custom_1485434902495{padding-top: 100px !important;padding-bottom: 100px !important;background-image: url(https:\/\/vegapas.com\/wp-content\/uploads\/2016\/07\/vegapas_qs_d8.png?id=12335) !important;background-position: center !important;background-repeat: no-repeat !important;background-size: contain !important;}&#8221; offset=&#8221;vc_col-lg-8 vc_col-md-7&#8243;][\/vc_column][vc_column width=&#8221;7\/12&#8243; css=&#8221;.vc_custom_1485333862074{padding-top: 50px !important;padding-right: 80px !important;padding-bottom: 40px !important;padding-left: 80px !important;background-color: #f7f7f7 !important;}&#8221; offset=&#8221;vc_col-lg-4 vc_col-md-5&#8243;][vc_custom_heading text=&#8221;04.&#8221; font_container=&#8221;tag:h6|font_size:90px|text_align:left|color:%230084cf|line_height:90px&#8221; use_theme_fonts=&#8221;yes&#8221; css=&#8221;.vc_custom_1485333907199{padding-bottom: 20px !important;}&#8221;][vc_column_text css_animation=&#8221;bottom-to-top&#8221; css=&#8221;.vc_custom_1487088176422{margin-bottom: 10px !important;}&#8221;]<\/p>\n<h4>Responsibility<\/h4>\n<p>[\/vc_column_text][vc_column_text css_animation=&#8221;bottom-to-top&#8221;]One of the group\u2019s priorities is to support sporting, social and charity events; presence in local, national and international fairs in order to contribute to the dissemination of Cantabria products and the development of the region.[\/vc_column_text][vc_separator color=&#8221;custom&#8221; align=&#8221;align_left&#8221; border_width=&#8221;2&#8243; el_width=&#8221;30&#8243; accent_color=&#8221;#0084cf&#8221;][\/vc_column][\/vc_row]<\/p>\n","protected":false},"excerpt":{"rendered":"<p>[vc_row css=&#8221;.vc_custom_1485250435904{margin-bottom: 0px !important;padding-top: 100px !important;padding-bottom: 100px !important;}&#8221;][vc_column offset=&#8221;vc_col-lg-offset-2 vc_col-lg-8 vc_col-md-offset-1 vc_col-md-10&#8243;][vc_column_text css_animation=&#8221;bottom-to-top&#8221;] Made of origin [\/vc_column_text][vc_column_text css_animation=&#8221;bottom-to-top&#8221;]We come from a great baking tradition; our origins in the field of&#8230;<\/p>\n","protected":false},"author":1,"featured_media":0,"parent":0,"menu_order":0,"comment_status":"closed","ping_status":"closed","template":"","meta":{"footnotes":""},"class_list":["post-12834","page","type-page","status-publish","hentry"],"yoast_head":"<!-- This site is optimized with the Yoast SEO plugin v24.8.1 - https:\/\/yoast.com\/wordpress\/plugins\/seo\/ -->\n<title>About us - VEGA PAS<\/title>\n<meta name=\"description\" content=\"Vega Pas. Especialistas en la elaboraci\u00f3n y distribuci\u00f3n, a nivel nacional, de productos relacionados con la panader\u00eda y boller\u00eda, conservando una receta tradicional y cuidando la calidad de sus ingredientes.\" \/>\n<meta name=\"robots\" content=\"index, follow, max-snippet:-1, max-image-preview:large, max-video-preview:-1\" \/>\n<link rel=\"canonical\" href=\"https:\/\/vegapas.com\/en\/about-us\/\" \/>\n<meta property=\"og:locale\" content=\"en_US\" \/>\n<meta property=\"og:type\" content=\"article\" \/>\n<meta property=\"og:title\" content=\"About us - VEGA PAS\" \/>\n<meta property=\"og:description\" content=\"Vega Pas. Especialistas en la elaboraci\u00f3n y distribuci\u00f3n, a nivel nacional, de productos relacionados con la panader\u00eda y boller\u00eda, conservando una receta tradicional y cuidando la calidad de sus ingredientes.\" \/>\n<meta property=\"og:url\" content=\"https:\/\/vegapas.com\/en\/about-us\/\" \/>\n<meta property=\"og:site_name\" content=\"VEGA PAS\" \/>\n<meta property=\"article:publisher\" content=\"https:\/\/www.facebook.com\/vegapas\" \/>\n<meta property=\"article:modified_time\" content=\"2017-02-14T16:04:26+00:00\" \/>\n<meta name=\"twitter:card\" content=\"summary_large_image\" \/>\n<meta name=\"twitter:label1\" content=\"Est. reading time\" \/>\n\t<meta name=\"twitter:data1\" content=\"7 minutes\" \/>\n<script type=\"application\/ld+json\" class=\"yoast-schema-graph\">{\"@context\":\"https:\/\/schema.org\",\"@graph\":[{\"@type\":\"WebPage\",\"@id\":\"https:\/\/vegapas.com\/en\/about-us\/\",\"url\":\"https:\/\/vegapas.com\/en\/about-us\/\",\"name\":\"About us - VEGA PAS\",\"isPartOf\":{\"@id\":\"https:\/\/vegapas.com\/#website\"},\"datePublished\":\"2016-07-08T10:28:00+00:00\",\"dateModified\":\"2017-02-14T16:04:26+00:00\",\"description\":\"Vega Pas. Especialistas en la elaboraci\u00f3n y distribuci\u00f3n, a nivel nacional, de productos relacionados con la panader\u00eda y boller\u00eda, conservando una receta tradicional y cuidando la calidad de sus ingredientes.\",\"breadcrumb\":{\"@id\":\"https:\/\/vegapas.com\/en\/about-us\/#breadcrumb\"},\"inLanguage\":\"en-US\",\"potentialAction\":[{\"@type\":\"ReadAction\",\"target\":[\"https:\/\/vegapas.com\/en\/about-us\/\"]}]},{\"@type\":\"BreadcrumbList\",\"@id\":\"https:\/\/vegapas.com\/en\/about-us\/#breadcrumb\",\"itemListElement\":[{\"@type\":\"ListItem\",\"position\":1,\"name\":\"Portada\",\"item\":\"https:\/\/vegapas.com\/en\/\"},{\"@type\":\"ListItem\",\"position\":2,\"name\":\"About us\"}]},{\"@type\":\"WebSite\",\"@id\":\"https:\/\/vegapas.com\/#website\",\"url\":\"https:\/\/vegapas.com\/\",\"name\":\"VEGA PAS\",\"description\":\"Productos pasiegos\",\"potentialAction\":[{\"@type\":\"SearchAction\",\"target\":{\"@type\":\"EntryPoint\",\"urlTemplate\":\"https:\/\/vegapas.com\/?s={search_term_string}\"},\"query-input\":{\"@type\":\"PropertyValueSpecification\",\"valueRequired\":true,\"valueName\":\"search_term_string\"}}],\"inLanguage\":\"en-US\"}]}<\/script>\n<!-- \/ Yoast SEO plugin. -->","yoast_head_json":{"title":"About us - VEGA PAS","description":"Vega Pas. Especialistas en la elaboraci\u00f3n y distribuci\u00f3n, a nivel nacional, de productos relacionados con la panader\u00eda y boller\u00eda, conservando una receta tradicional y cuidando la calidad de sus ingredientes.","robots":{"index":"index","follow":"follow","max-snippet":"max-snippet:-1","max-image-preview":"max-image-preview:large","max-video-preview":"max-video-preview:-1"},"canonical":"https:\/\/vegapas.com\/en\/about-us\/","og_locale":"en_US","og_type":"article","og_title":"About us - VEGA PAS","og_description":"Vega Pas. Especialistas en la elaboraci\u00f3n y distribuci\u00f3n, a nivel nacional, de productos relacionados con la panader\u00eda y boller\u00eda, conservando una receta tradicional y cuidando la calidad de sus ingredientes.","og_url":"https:\/\/vegapas.com\/en\/about-us\/","og_site_name":"VEGA PAS","article_publisher":"https:\/\/www.facebook.com\/vegapas","article_modified_time":"2017-02-14T16:04:26+00:00","twitter_card":"summary_large_image","twitter_misc":{"Est. reading time":"7 minutes"},"schema":{"@context":"https:\/\/schema.org","@graph":[{"@type":"WebPage","@id":"https:\/\/vegapas.com\/en\/about-us\/","url":"https:\/\/vegapas.com\/en\/about-us\/","name":"About us - VEGA PAS","isPartOf":{"@id":"https:\/\/vegapas.com\/#website"},"datePublished":"2016-07-08T10:28:00+00:00","dateModified":"2017-02-14T16:04:26+00:00","description":"Vega Pas. Especialistas en la elaboraci\u00f3n y distribuci\u00f3n, a nivel nacional, de productos relacionados con la panader\u00eda y boller\u00eda, conservando una receta tradicional y cuidando la calidad de sus ingredientes.","breadcrumb":{"@id":"https:\/\/vegapas.com\/en\/about-us\/#breadcrumb"},"inLanguage":"en-US","potentialAction":[{"@type":"ReadAction","target":["https:\/\/vegapas.com\/en\/about-us\/"]}]},{"@type":"BreadcrumbList","@id":"https:\/\/vegapas.com\/en\/about-us\/#breadcrumb","itemListElement":[{"@type":"ListItem","position":1,"name":"Portada","item":"https:\/\/vegapas.com\/en\/"},{"@type":"ListItem","position":2,"name":"About us"}]},{"@type":"WebSite","@id":"https:\/\/vegapas.com\/#website","url":"https:\/\/vegapas.com\/","name":"VEGA PAS","description":"Productos pasiegos","potentialAction":[{"@type":"SearchAction","target":{"@type":"EntryPoint","urlTemplate":"https:\/\/vegapas.com\/?s={search_term_string}"},"query-input":{"@type":"PropertyValueSpecification","valueRequired":true,"valueName":"search_term_string"}}],"inLanguage":"en-US"}]}},"_links":{"self":[{"href":"https:\/\/vegapas.com\/en\/wp-json\/wp\/v2\/pages\/12834","targetHints":{"allow":["GET"]}}],"collection":[{"href":"https:\/\/vegapas.com\/en\/wp-json\/wp\/v2\/pages"}],"about":[{"href":"https:\/\/vegapas.com\/en\/wp-json\/wp\/v2\/types\/page"}],"author":[{"embeddable":true,"href":"https:\/\/vegapas.com\/en\/wp-json\/wp\/v2\/users\/1"}],"replies":[{"embeddable":true,"href":"https:\/\/vegapas.com\/en\/wp-json\/wp\/v2\/comments?post=12834"}],"version-history":[{"count":0,"href":"https:\/\/vegapas.com\/en\/wp-json\/wp\/v2\/pages\/12834\/revisions"}],"wp:attachment":[{"href":"https:\/\/vegapas.com\/en\/wp-json\/wp\/v2\/media?parent=12834"}],"curies":[{"name":"wp","href":"https:\/\/api.w.org\/{rel}","templated":true}]}}