{"id":12846,"date":"2017-01-27T13:26:59","date_gmt":"2017-01-27T12:26:59","guid":{"rendered":"http:\/\/vegapas.com\/magdalena-cuadrada-limon\/"},"modified":"2017-02-20T15:47:52","modified_gmt":"2017-02-20T14:47:52","slug":"lemon-madeleines","status":"publish","type":"page","link":"https:\/\/vegapas.com\/en\/lemon-madeleines\/","title":{"rendered":"Lemon Madeleines"},"content":{"rendered":"<p>[vc_row][vc_column][rev_slider_vc alias=&#8221;mag_limon_es&#8221;][\/vc_column][\/vc_row][vc_row gap=&#8221;20&#8243; css=&#8221;.vc_custom_1485452659600{padding-top: 10px !important;padding-bottom: 50px !important;}&#8221;][vc_column width=&#8221;1\/3&#8243; css=&#8221;.vc_custom_1485516231968{padding-right: 30px !important;padding-left: 30px !important;}&#8221;][vc_column_text css=&#8221;.vc_custom_1487597125457{margin-bottom: 20px !important;}&#8221;]<\/p>\n<h4 style=\"color: #0084cf; text-align: left;\">Lemon Madeleines<\/h4>\n<p>[\/vc_column_text][vc_column_text]Following the traditional recipe of our madeleines, our range includes madeleines with a touch of lemon obtained from the peel of the lemon itself. Its texture is soft, tender and fluffy and it has a mild lemon flavour for those who want a different touch in each bite.[\/vc_column_text][\/vc_column][vc_column width=&#8221;1\/3&#8243; css=&#8221;.vc_custom_1485516241992{padding-right: 30px !important;padding-left: 30px !important;}&#8221; el_class=&#8221;.linea_i&#8221;][vc_single_image image=&#8221;12489&#8243; img_size=&#8221;full&#8221;][vc_toggle title=&#8221;Nutritional facts&#8221; style=&#8221;round&#8221; size=&#8221;sm&#8221; css_animation=&#8221;bottom-to-top&#8221; el_id=&#8221;1444218122099-8431298f-18ff&#8221;]<\/p>\n<h6>INGREDIENTS:<\/h6>\n<p>Wheat flour, sunflower oil, sugar, egg, glucose syrup, water, 0.3 % natural flavour lemon, raising agent (E-450, E-500), Anti-caking agent (E- 516), salt, preservatives (E-202, E-270), flavouring and acid (E-330).<\/p>\n<p>Contain:<\/p>\n<p>Cereals containing gluten: <b>Wheat.\u00a0<\/b><b>Eggs <\/b>and products thereof.\u00a0<b>Milk<\/b> and products thereof (including lactose). \u00a0May contain traces <b>soybeans <\/b>and products thereof.\u00a0Free from GMO.<\/p>\n<p><img loading=\"lazy\" decoding=\"async\" class=\"alignnone wp-image-13157 size-full\" src=\"https:\/\/vegapas.com\/wp-content\/uploads\/2017\/01\/vegapas_nutricional_ing_limon2.gif\" width=\"297\" height=\"257\" \/>[\/vc_toggle][\/vc_column][vc_column width=&#8221;1\/3&#8243; css=&#8221;.vc_custom_1485454485962{padding-right: 30px !important;padding-left: 30px !important;}&#8221;][vc_column_text css=&#8221;.vc_custom_1487597167149{margin-bottom: 10px !important;}&#8221;]<\/p>\n<h6>Available sizes:<\/h6>\n<p>[\/vc_column_text][vc_single_image image=&#8221;13156&#8243; img_size=&#8221;full&#8221;][\/vc_column][\/vc_row]<\/p>\n","protected":false},"excerpt":{"rendered":"<p>[vc_row][vc_column][rev_slider_vc alias=&#8221;mag_limon_es&#8221;][\/vc_column][\/vc_row][vc_row gap=&#8221;20&#8243; css=&#8221;.vc_custom_1485452659600{padding-top: 10px !important;padding-bottom: 50px !important;}&#8221;][vc_column width=&#8221;1\/3&#8243; css=&#8221;.vc_custom_1485516231968{padding-right: 30px !important;padding-left: 30px !important;}&#8221;][vc_column_text css=&#8221;.vc_custom_1487597125457{margin-bottom: 20px !important;}&#8221;] Lemon Madeleines [\/vc_column_text][vc_column_text]Following the traditional recipe of our madeleines, our range includes madeleines&#8230;<\/p>\n","protected":false},"author":1,"featured_media":0,"parent":0,"menu_order":0,"comment_status":"closed","ping_status":"closed","template":"","meta":{"footnotes":""},"class_list":["post-12846","page","type-page","status-publish","hentry"],"yoast_head":"<!-- This site is optimized with the Yoast SEO plugin v24.8.1 - https:\/\/yoast.com\/wordpress\/plugins\/seo\/ -->\n<title>Lemon Madeleines - VEGA PAS<\/title>\n<meta name=\"description\" content=\"Vega Pas. Especialistas en la elaboraci\u00f3n y distribuci\u00f3n, a nivel nacional, de productos relacionados con la panader\u00eda y boller\u00eda, conservando una receta tradicional y cuidando la calidad de sus ingredientes.\" \/>\n<meta name=\"robots\" content=\"index, follow, max-snippet:-1, max-image-preview:large, max-video-preview:-1\" \/>\n<link rel=\"canonical\" href=\"https:\/\/vegapas.com\/en\/lemon-madeleines\/\" \/>\n<meta property=\"og:locale\" content=\"en_US\" \/>\n<meta property=\"og:type\" content=\"article\" \/>\n<meta property=\"og:title\" content=\"Lemon Madeleines - VEGA PAS\" \/>\n<meta property=\"og:description\" content=\"Vega Pas. Especialistas en la elaboraci\u00f3n y distribuci\u00f3n, a nivel nacional, de productos relacionados con la panader\u00eda y boller\u00eda, conservando una receta tradicional y cuidando la calidad de sus ingredientes.\" \/>\n<meta property=\"og:url\" content=\"https:\/\/vegapas.com\/en\/lemon-madeleines\/\" \/>\n<meta property=\"og:site_name\" content=\"VEGA PAS\" \/>\n<meta property=\"article:publisher\" content=\"https:\/\/www.facebook.com\/vegapas\" \/>\n<meta property=\"article:modified_time\" content=\"2017-02-20T14:47:52+00:00\" \/>\n<meta property=\"og:image\" content=\"https:\/\/vegapas.com\/wp-content\/uploads\/2017\/01\/vegapas_nutricional_ing_limon2.gif\" \/>\n<meta name=\"twitter:card\" content=\"summary_large_image\" \/>\n<meta name=\"twitter:label1\" content=\"Est. reading time\" \/>\n\t<meta name=\"twitter:data1\" content=\"1 minute\" \/>\n<script type=\"application\/ld+json\" class=\"yoast-schema-graph\">{\"@context\":\"https:\/\/schema.org\",\"@graph\":[{\"@type\":\"WebPage\",\"@id\":\"https:\/\/vegapas.com\/en\/lemon-madeleines\/\",\"url\":\"https:\/\/vegapas.com\/en\/lemon-madeleines\/\",\"name\":\"Lemon Madeleines - VEGA PAS\",\"isPartOf\":{\"@id\":\"https:\/\/vegapas.com\/#website\"},\"primaryImageOfPage\":{\"@id\":\"https:\/\/vegapas.com\/en\/lemon-madeleines\/#primaryimage\"},\"image\":{\"@id\":\"https:\/\/vegapas.com\/en\/lemon-madeleines\/#primaryimage\"},\"thumbnailUrl\":\"https:\/\/vegapas.com\/wp-content\/uploads\/2017\/01\/vegapas_nutricional_ing_limon2.gif\",\"datePublished\":\"2017-01-27T12:26:59+00:00\",\"dateModified\":\"2017-02-20T14:47:52+00:00\",\"description\":\"Vega Pas. Especialistas en la elaboraci\u00f3n y distribuci\u00f3n, a nivel nacional, de productos relacionados con la panader\u00eda y boller\u00eda, conservando una receta tradicional y cuidando la calidad de sus ingredientes.\",\"breadcrumb\":{\"@id\":\"https:\/\/vegapas.com\/en\/lemon-madeleines\/#breadcrumb\"},\"inLanguage\":\"en-US\",\"potentialAction\":[{\"@type\":\"ReadAction\",\"target\":[\"https:\/\/vegapas.com\/en\/lemon-madeleines\/\"]}]},{\"@type\":\"ImageObject\",\"inLanguage\":\"en-US\",\"@id\":\"https:\/\/vegapas.com\/en\/lemon-madeleines\/#primaryimage\",\"url\":\"https:\/\/vegapas.com\/wp-content\/uploads\/2017\/01\/vegapas_nutricional_ing_limon2.gif\",\"contentUrl\":\"https:\/\/vegapas.com\/wp-content\/uploads\/2017\/01\/vegapas_nutricional_ing_limon2.gif\"},{\"@type\":\"BreadcrumbList\",\"@id\":\"https:\/\/vegapas.com\/en\/lemon-madeleines\/#breadcrumb\",\"itemListElement\":[{\"@type\":\"ListItem\",\"position\":1,\"name\":\"Portada\",\"item\":\"https:\/\/vegapas.com\/en\/\"},{\"@type\":\"ListItem\",\"position\":2,\"name\":\"Lemon Madeleines\"}]},{\"@type\":\"WebSite\",\"@id\":\"https:\/\/vegapas.com\/#website\",\"url\":\"https:\/\/vegapas.com\/\",\"name\":\"VEGA PAS\",\"description\":\"Productos pasiegos\",\"potentialAction\":[{\"@type\":\"SearchAction\",\"target\":{\"@type\":\"EntryPoint\",\"urlTemplate\":\"https:\/\/vegapas.com\/?s={search_term_string}\"},\"query-input\":{\"@type\":\"PropertyValueSpecification\",\"valueRequired\":true,\"valueName\":\"search_term_string\"}}],\"inLanguage\":\"en-US\"}]}<\/script>\n<!-- \/ Yoast SEO plugin. -->","yoast_head_json":{"title":"Lemon Madeleines - VEGA PAS","description":"Vega Pas. Especialistas en la elaboraci\u00f3n y distribuci\u00f3n, a nivel nacional, de productos relacionados con la panader\u00eda y boller\u00eda, conservando una receta tradicional y cuidando la calidad de sus ingredientes.","robots":{"index":"index","follow":"follow","max-snippet":"max-snippet:-1","max-image-preview":"max-image-preview:large","max-video-preview":"max-video-preview:-1"},"canonical":"https:\/\/vegapas.com\/en\/lemon-madeleines\/","og_locale":"en_US","og_type":"article","og_title":"Lemon Madeleines - VEGA PAS","og_description":"Vega Pas. Especialistas en la elaboraci\u00f3n y distribuci\u00f3n, a nivel nacional, de productos relacionados con la panader\u00eda y boller\u00eda, conservando una receta tradicional y cuidando la calidad de sus ingredientes.","og_url":"https:\/\/vegapas.com\/en\/lemon-madeleines\/","og_site_name":"VEGA PAS","article_publisher":"https:\/\/www.facebook.com\/vegapas","article_modified_time":"2017-02-20T14:47:52+00:00","og_image":[{"url":"https:\/\/vegapas.com\/wp-content\/uploads\/2017\/01\/vegapas_nutricional_ing_limon2.gif","type":"","width":"","height":""}],"twitter_card":"summary_large_image","twitter_misc":{"Est. reading time":"1 minute"},"schema":{"@context":"https:\/\/schema.org","@graph":[{"@type":"WebPage","@id":"https:\/\/vegapas.com\/en\/lemon-madeleines\/","url":"https:\/\/vegapas.com\/en\/lemon-madeleines\/","name":"Lemon Madeleines - VEGA PAS","isPartOf":{"@id":"https:\/\/vegapas.com\/#website"},"primaryImageOfPage":{"@id":"https:\/\/vegapas.com\/en\/lemon-madeleines\/#primaryimage"},"image":{"@id":"https:\/\/vegapas.com\/en\/lemon-madeleines\/#primaryimage"},"thumbnailUrl":"https:\/\/vegapas.com\/wp-content\/uploads\/2017\/01\/vegapas_nutricional_ing_limon2.gif","datePublished":"2017-01-27T12:26:59+00:00","dateModified":"2017-02-20T14:47:52+00:00","description":"Vega Pas. Especialistas en la elaboraci\u00f3n y distribuci\u00f3n, a nivel nacional, de productos relacionados con la panader\u00eda y boller\u00eda, conservando una receta tradicional y cuidando la calidad de sus ingredientes.","breadcrumb":{"@id":"https:\/\/vegapas.com\/en\/lemon-madeleines\/#breadcrumb"},"inLanguage":"en-US","potentialAction":[{"@type":"ReadAction","target":["https:\/\/vegapas.com\/en\/lemon-madeleines\/"]}]},{"@type":"ImageObject","inLanguage":"en-US","@id":"https:\/\/vegapas.com\/en\/lemon-madeleines\/#primaryimage","url":"https:\/\/vegapas.com\/wp-content\/uploads\/2017\/01\/vegapas_nutricional_ing_limon2.gif","contentUrl":"https:\/\/vegapas.com\/wp-content\/uploads\/2017\/01\/vegapas_nutricional_ing_limon2.gif"},{"@type":"BreadcrumbList","@id":"https:\/\/vegapas.com\/en\/lemon-madeleines\/#breadcrumb","itemListElement":[{"@type":"ListItem","position":1,"name":"Portada","item":"https:\/\/vegapas.com\/en\/"},{"@type":"ListItem","position":2,"name":"Lemon Madeleines"}]},{"@type":"WebSite","@id":"https:\/\/vegapas.com\/#website","url":"https:\/\/vegapas.com\/","name":"VEGA PAS","description":"Productos pasiegos","potentialAction":[{"@type":"SearchAction","target":{"@type":"EntryPoint","urlTemplate":"https:\/\/vegapas.com\/?s={search_term_string}"},"query-input":{"@type":"PropertyValueSpecification","valueRequired":true,"valueName":"search_term_string"}}],"inLanguage":"en-US"}]}},"_links":{"self":[{"href":"https:\/\/vegapas.com\/en\/wp-json\/wp\/v2\/pages\/12846","targetHints":{"allow":["GET"]}}],"collection":[{"href":"https:\/\/vegapas.com\/en\/wp-json\/wp\/v2\/pages"}],"about":[{"href":"https:\/\/vegapas.com\/en\/wp-json\/wp\/v2\/types\/page"}],"author":[{"embeddable":true,"href":"https:\/\/vegapas.com\/en\/wp-json\/wp\/v2\/users\/1"}],"replies":[{"embeddable":true,"href":"https:\/\/vegapas.com\/en\/wp-json\/wp\/v2\/comments?post=12846"}],"version-history":[{"count":0,"href":"https:\/\/vegapas.com\/en\/wp-json\/wp\/v2\/pages\/12846\/revisions"}],"wp:attachment":[{"href":"https:\/\/vegapas.com\/en\/wp-json\/wp\/v2\/media?parent=12846"}],"curies":[{"name":"wp","href":"https:\/\/api.w.org\/{rel}","templated":true}]}}