{"id":12935,"date":"2016-07-08T12:28:00","date_gmt":"2016-07-08T10:28:00","guid":{"rendered":"http:\/\/vegapas.com\/quienes-somos\/"},"modified":"2017-02-21T09:39:30","modified_gmt":"2017-02-21T08:39:30","slug":"qui-sommes-nous","status":"publish","type":"page","link":"https:\/\/vegapas.com\/fr\/qui-sommes-nous\/","title":{"rendered":"Qui sommes-nous ?"},"content":{"rendered":"<p>[vc_row css=\u00a0\u00bb.vc_custom_1485250435904{margin-bottom: 0px !important;padding-top: 100px !important;padding-bottom: 100px !important;}\u00a0\u00bb][vc_column offset=\u00a0\u00bbvc_col-lg-offset-2 vc_col-lg-8 vc_col-md-offset-1 vc_col-md-10&Prime;][vc_column_text css_animation=\u00a0\u00bbbottom-to-top\u00a0\u00bb]<\/p>\n<h2 style=\"text-align: left;\">Fait de nos origines<\/h2>\n<p>[\/vc_column_text][vc_column_text css_animation=\u00a0\u00bbbottom-to-top\u00a0\u00bb el_class=\u00a0\u00bbdropcaps_9&Prime;]<strong>Nous venons d\u2019une grande tradition boulang\u00e8re,\u00a0<\/strong>nos origines dans le domaine de la boulangerie et la viennoiserie remontent en 1940 avec l\u2019achat de la boulangerie \u00ab\u00a0<strong>La Constancia\u00a0\u00bb<\/strong>\u00a0\u00e0 Santander, o\u00f9 la\u00a0<strong>Famille Coria Gallegos\u00a0<\/strong>a travaill\u00e9 pendant des d\u00e9cennies pour faire grandir un r\u00eave familial. La boulangerie de <strong>\u00ab<\/strong>\u00a0<strong>Panader\u00edas C\u00e1ntabras\u00a0\u00bb<\/strong>\u00a0a \u00e9t\u00e9 rachet\u00e9e pendant les ann\u00e9es 70 pour augmenter la capacit\u00e9 de production et r\u00e9pondre aux besoins de nos clients.<\/p>\n<h6 style=\"color: #0084cf; text-align: left;\">Vega Pelayo<\/h6>\n<p>Dans les ann\u00e9es 90 avec la rel\u00e8ve g\u00e9n\u00e9rationnelle en route, la nouvelle famille\u00a0<strong>Coria R\u00edos<\/strong>\u00a0d\u00e9cide d\u2019\u00e9largir sa ligne commerciale avec la p\u00e2tisserie en misant sur la fabrication artisanale de produits Cantabres, unissant au groupe d\u2019entreprises existantes la petite p\u00e2tisserie de Sobaos Pasiegos de \u00ab\u00a0<strong>Vega Pelayo SL\u00a0\u00bb\u00a0<\/strong>situ\u00e9e \u00e0 Santander, p\u00e2tisserie qui compte tenu de la demande du march\u00e9 a d\u00fb \u00eatre transf\u00e9r\u00e9e \u00e0 la fin des ann\u00e9es 90 dans la Zone Industrielle de Guarnizo, afin d\u2019augmenter sa capacit\u00e9 de production et disposer d\u2019infrastructures \u00e0 l\u2019avant-garde de la technologie.[\/vc_column_text][\/vc_column][\/vc_row][vc_row full_width=\u00a0\u00bbstretch_row_content_no_spaces\u00a0\u00bb equal_height=\u00a0\u00bbyes\u00a0\u00bb css=\u00a0\u00bb.vc_custom_1485254233602{margin-bottom: 0px !important;background-color: #0084cf !important;}\u00a0\u00bb][vc_column width=\u00a0\u00bb1\/3&Prime; css=\u00a0\u00bb.vc_custom_1485254885715{padding-top: 200px !important;padding-bottom: 200px !important;background-image: url(https:\/\/vegapas.com\/wp-content\/uploads\/2016\/07\/vega_pas_banners_fondo_fabrica.jpg?id=12151) !important;background-position: center !important;background-repeat: no-repeat !important;background-size: cover !important;}\u00a0\u00bb][\/vc_column][vc_column width=\u00a0\u00bb2\/3&Prime; css=\u00a0\u00bb.vc_custom_1485252507606{padding-top: 70px !important;padding-right: 10% !important;padding-bottom: 40px !important;padding-left: 10% !important;}\u00a0\u00bb][vc_column_text css_animation=\u00a0\u00bbbottom-to-top\u00a0\u00bb]<\/p>\n<h3 style=\"color: #fff;\">Nous prenons soin de vous en prenant soin de nos produits<\/h3>\n<p>[\/vc_column_text][vc_column_text css_animation=\u00a0\u00bbbottom-to-top\u00a0\u00bb]<\/p>\n<p style=\"color: #fff;\">Actuellement, nos produits sont pr\u00e9sents sur tout le territoire national, dans les principaux magasins du pays. Nous fabriquons sous notre propre marque Vega Pas, mais \u00e9galement pour la marque du distributeur.<\/p>\n<h6 style=\"color: #fff; text-align: left;\">Certifications de Qualit\u00e9<\/h6>\n<p style=\"color: #fff;\">En 2014 nous avons re\u00e7u conjointement pour la premi\u00e8re fois la certification des normes internationales de qualit\u00e9 : \u00a0 <span style=\"background-color: #fff; color: #0084cf;\">\u00a0International Food Standard \u2013 IFS \u00a0<\/span> et <span style=\"background-color: #fff; color: #0084cf;\"> \u00a0British Retail Consortium \u2013 BRC \u00a0<\/span>. Ces normes marquent nos actions en tant qu\u2019entreprise accomplissant les objectifs de qualit\u00e9 de tous nos clients.<\/p>\n<p>[\/vc_column_text][vc_separator color=\u00a0\u00bbcustom\u00a0\u00bb align=\u00a0\u00bbalign_left\u00a0\u00bb accent_color=\u00a0\u00bb#eeeeee\u00a0\u00bb css=\u00a0\u00bb.vc_custom_1485252422983{padding-top: 20px !important;padding-bottom: 20px !important;}\u00a0\u00bb][vc_row_inner gap=\u00a0\u00bb30&Prime; css=\u00a0\u00bb.vc_custom_1485252446989{margin-bottom: 0px !important;}\u00a0\u00bb][vc_column_inner width=\u00a0\u00bb1\/2&Prime;][vc_single_image image=\u00a0\u00bb12148&Prime; img_size=\u00a0\u00bblarge\u00a0\u00bb alignment=\u00a0\u00bbcenter\u00a0\u00bb][\/vc_column_inner][vc_column_inner width=\u00a0\u00bb1\/2&Prime;][vc_single_image image=\u00a0\u00bb12149&Prime; img_size=\u00a0\u00bblarge\u00a0\u00bb alignment=\u00a0\u00bbcenter\u00a0\u00bb][\/vc_column_inner][\/vc_row_inner][\/vc_column][\/vc_row][vc_row css=\u00a0\u00bb.vc_custom_1485253169481{padding-top: 40px !important;padding-bottom: 30px !important;}\u00a0\u00bb][vc_column][vc_column_text css_animation=\u00a0\u00bbbottom-to-top\u00a0\u00bb]<\/p>\n<h6 style=\"color: #0084cf; text-align: center; margin-bottom: 0px;\">Nous nous composons de 4 ingr\u00e9dients de base :<\/h6>\n<h3 style=\"text-align: center; line-height: 24px;\">Talent, Espoir, Innovation et Conscience Sociale<\/h3>\n<p>[\/vc_column_text][\/vc_column][\/vc_row][vc_row full_width=\u00a0\u00bbstretch_row_content\u00a0\u00bb gap=\u00a0\u00bb30&Prime; equal_height=\u00a0\u00bbyes\u00a0\u00bb css=\u00a0\u00bb.vc_custom_1468522568669{margin-bottom: 0px !important;padding-right: 15px !important;padding-left: 15px !important;}\u00a0\u00bb][vc_column width=\u00a0\u00bb5\/12&Prime; css=\u00a0\u00bb.vc_custom_1485278380356{padding-top: 50px !important;padding-right: 80px !important;padding-bottom: 40px !important;padding-left: 80px !important;background-color: #f7f7f7 !important;}\u00a0\u00bb offset=\u00a0\u00bbvc_col-lg-4 vc_col-md-5&Prime;][vc_custom_heading text=\u00a0\u00bb01.\u00a0\u00bb font_container=\u00a0\u00bbtag:h6|font_size:90px|text_align:left|color:%230084cf|line_height:90px\u00a0\u00bb use_theme_fonts=\u00a0\u00bbyes\u00a0\u00bb css=\u00a0\u00bb.vc_custom_1485278206519{padding-bottom: 20px !important;}\u00a0\u00bb][vc_column_text css_animation=\u00a0\u00bbbottom-to-top\u00a0\u00bb css=\u00a0\u00bb.vc_custom_1487665609330{margin-bottom: 10px !important;}\u00a0\u00bb]<\/p>\n<h4>Talent<\/h4>\n<p>[\/vc_column_text][vc_column_text css_animation=\u00a0\u00bbbottom-to-top\u00a0\u00bb]Les personnes sont importantes, ce sont elles qui se chargent du travail, nous sommes profond\u00e9ment convaincus que\u00a0<strong>nos collaborateurs font partie de notre projet<\/strong>\u00a0et que chaque personne peut apporter quelque chose depuis son domaine ou poste de travail.[\/vc_column_text][vc_separator color=\u00a0\u00bbcustom\u00a0\u00bb align=\u00a0\u00bbalign_left\u00a0\u00bb border_width=\u00a0\u00bb2&Prime; el_width=\u00a0\u00bb30&Prime; accent_color=\u00a0\u00bb#0084cf\u00a0\u00bb][\/vc_column][vc_column css_animation=\u00a0\u00bbbottom-to-top\u00a0\u00bb width=\u00a0\u00bb7\/12&Prime; css=\u00a0\u00bb.vc_custom_1485344251029{padding-top: 100px !important;padding-bottom: 100px !important;background-image: url(https:\/\/vegapas.com\/wp-content\/uploads\/2016\/07\/vegapas_qs_d4.png?id=12223) !important;background-position: center !important;background-repeat: no-repeat !important;background-size: contain !important;}\u00a0\u00bb offset=\u00a0\u00bbvc_col-lg-8 vc_col-md-7&Prime;][\/vc_column][\/vc_row][vc_row full_width=\u00a0\u00bbstretch_row_content_no_spaces\u00a0\u00bb gap=\u00a0\u00bb30&Prime; equal_height=\u00a0\u00bbyes\u00a0\u00bb css=\u00a0\u00bb.vc_custom_1468522602118{margin-bottom: 0px !important;padding-right: 15px !important;padding-left: 15px !important;}\u00a0\u00bb][vc_column css_animation=\u00a0\u00bbbottom-to-top\u00a0\u00bb width=\u00a0\u00bb5\/12&Prime; css=\u00a0\u00bb.vc_custom_1485349106139{padding-top: 100px !important;padding-bottom: 100px !important;background-image: url(https:\/\/vegapas.com\/wp-content\/uploads\/2016\/07\/vegapas_qs_d6.png?id=12246) !important;background-position: center !important;background-repeat: no-repeat !important;background-size: contain !important;}\u00a0\u00bb offset=\u00a0\u00bbvc_col-lg-8 vc_col-md-7&Prime;][\/vc_column][vc_column width=\u00a0\u00bb7\/12&Prime; css=\u00a0\u00bb.vc_custom_1485333839372{padding-top: 50px !important;padding-right: 80px !important;padding-bottom: 40px !important;padding-left: 80px !important;background-color: #f7f7f7 !important;}\u00a0\u00bb offset=\u00a0\u00bbvc_col-lg-4 vc_col-md-5&Prime;][vc_custom_heading text=\u00a0\u00bb02.\u00a0\u00bb font_container=\u00a0\u00bbtag:h6|font_size:90px|text_align:left|color:%230084cf|line_height:90px\u00a0\u00bb use_theme_fonts=\u00a0\u00bbyes\u00a0\u00bb css=\u00a0\u00bb.vc_custom_1485333876228{padding-bottom: 20px !important;}\u00a0\u00bb][vc_column_text css_animation=\u00a0\u00bbbottom-to-top\u00a0\u00bb css=\u00a0\u00bb.vc_custom_1487665733697{margin-bottom: 10px !important;}\u00a0\u00bb]<\/p>\n<h4>Espoir<\/h4>\n<p>[\/vc_column_text][vc_column_text css_animation=\u00a0\u00bbbottom-to-top\u00a0\u00bb]<strong>Nous sommes pr\u00eats pour de nouveaux d\u00e9fis.\u00a0<\/strong>Vega Pelayo a mis\u00e9 clairement sur la croissance \u00e0 travers l\u2019augmentation de sa pr\u00e9sence sur les march\u00e9s ext\u00e9rieurs, et nous nous pr\u00e9parons au jour le jour pour accomplir les besoins et exigences de ces nouveaux clients.[\/vc_column_text][vc_separator color=\u00a0\u00bbcustom\u00a0\u00bb align=\u00a0\u00bbalign_left\u00a0\u00bb border_width=\u00a0\u00bb2&Prime; el_width=\u00a0\u00bb30&Prime; accent_color=\u00a0\u00bb#0084cf\u00a0\u00bb][\/vc_column][\/vc_row][vc_row full_width=\u00a0\u00bbstretch_row_content_no_spaces\u00a0\u00bb gap=\u00a0\u00bb30&Prime; equal_height=\u00a0\u00bbyes\u00a0\u00bb css=\u00a0\u00bb.vc_custom_1468522619813{margin-bottom: 0px !important;padding-right: 15px !important;padding-left: 15px !important;}\u00a0\u00bb][vc_column width=\u00a0\u00bb7\/12&Prime; css=\u00a0\u00bb.vc_custom_1485333850260{padding-top: 50px !important;padding-right: 80px !important;padding-bottom: 40px !important;padding-left: 80px !important;background-color: #f7f7f7 !important;}\u00a0\u00bb offset=\u00a0\u00bbvc_col-lg-4 vc_col-md-5&Prime;][vc_custom_heading text=\u00a0\u00bb03.\u00a0\u00bb font_container=\u00a0\u00bbtag:h6|font_size:90px|text_align:left|color:%230084cf|line_height:90px\u00a0\u00bb use_theme_fonts=\u00a0\u00bbyes\u00a0\u00bb css=\u00a0\u00bb.vc_custom_1485333891596{padding-bottom: 20px !important;}\u00a0\u00bb][vc_column_text css_animation=\u00a0\u00bbbottom-to-top\u00a0\u00bb css=\u00a0\u00bb.vc_custom_1487665687607{margin-bottom: 10px !important;}\u00a0\u00bb]<\/p>\n<h4>Innovation<\/h4>\n<p>[\/vc_column_text][vc_column_text css_animation=\u00a0\u00bbbottom-to-top\u00a0\u00bb]Nous souhaitons \u00eatre les protagonistes \u00e0 l\u2019avenir du secteur agroalimentaire, en misant fermement sur l\u2019innovation dans la recherche des processus et produits les plus efficients \u00e0 travers l\u2019usage de la technologie, outil qui facilite notre position sur le march\u00e9.[\/vc_column_text][vc_separator color=\u00a0\u00bbcustom\u00a0\u00bb align=\u00a0\u00bbalign_left\u00a0\u00bb border_width=\u00a0\u00bb2&Prime; el_width=\u00a0\u00bb30&Prime; accent_color=\u00a0\u00bb#0084cf\u00a0\u00bb][\/vc_column][vc_column css_animation=\u00a0\u00bbbottom-to-top\u00a0\u00bb width=\u00a0\u00bb5\/12&Prime; css=\u00a0\u00bb.vc_custom_1485352258756{padding-top: 100px !important;padding-bottom: 100px !important;background-image: url(https:\/\/vegapas.com\/wp-content\/uploads\/2016\/07\/vegapas_qs_d7.png?id=12248) !important;background-position: center !important;background-repeat: no-repeat !important;background-size: contain !important;}\u00a0\u00bb offset=\u00a0\u00bbvc_col-lg-8 vc_col-md-7&Prime;][\/vc_column][\/vc_row][vc_row full_width=\u00a0\u00bbstretch_row_content_no_spaces\u00a0\u00bb gap=\u00a0\u00bb30&Prime; equal_height=\u00a0\u00bbyes\u00a0\u00bb css=\u00a0\u00bb.vc_custom_1468522627637{margin-bottom: 0px !important;padding-right: 15px !important;padding-left: 15px !important;}\u00a0\u00bb][vc_column css_animation=\u00a0\u00bbbottom-to-top\u00a0\u00bb width=\u00a0\u00bb5\/12&Prime; css=\u00a0\u00bb.vc_custom_1485434902495{padding-top: 100px !important;padding-bottom: 100px !important;background-image: url(https:\/\/vegapas.com\/wp-content\/uploads\/2016\/07\/vegapas_qs_d8.png?id=12335) !important;background-position: center !important;background-repeat: no-repeat !important;background-size: contain !important;}\u00a0\u00bb offset=\u00a0\u00bbvc_col-lg-8 vc_col-md-7&Prime;][\/vc_column][vc_column width=\u00a0\u00bb7\/12&Prime; css=\u00a0\u00bb.vc_custom_1485333862074{padding-top: 50px !important;padding-right: 80px !important;padding-bottom: 40px !important;padding-left: 80px !important;background-color: #f7f7f7 !important;}\u00a0\u00bb offset=\u00a0\u00bbvc_col-lg-4 vc_col-md-5&Prime;][vc_custom_heading text=\u00a0\u00bb04.\u00a0\u00bb font_container=\u00a0\u00bbtag:h6|font_size:90px|text_align:left|color:%230084cf|line_height:90px\u00a0\u00bb use_theme_fonts=\u00a0\u00bbyes\u00a0\u00bb css=\u00a0\u00bb.vc_custom_1485333907199{padding-bottom: 20px !important;}\u00a0\u00bb][vc_column_text css_animation=\u00a0\u00bbbottom-to-top\u00a0\u00bb css=\u00a0\u00bb.vc_custom_1487665789846{margin-bottom: 10px !important;}\u00a0\u00bb]<\/p>\n<h4>Conscience Sociale<\/h4>\n<p>[\/vc_column_text][vc_column_text css_animation=\u00a0\u00bbbottom-to-top\u00a0\u00bb]Le groupe a comme pr\u00e9misse le soutien d\u2019\u00e9v\u00e8nements sportifs, sociaux et de caract\u00e8re solidaire\u00a0; la participation \u00e0 des salons locaux, nationaux et internationaux afin de contribuer \u00e0 la diffusion des produits de Cantabrie et au d\u00e9veloppement de la r\u00e9gion.[\/vc_column_text][vc_separator color=\u00a0\u00bbcustom\u00a0\u00bb align=\u00a0\u00bbalign_left\u00a0\u00bb border_width=\u00a0\u00bb2&Prime; el_width=\u00a0\u00bb30&Prime; accent_color=\u00a0\u00bb#0084cf\u00a0\u00bb][\/vc_column][\/vc_row]<\/p>\n","protected":false},"excerpt":{"rendered":"<p>[vc_row css=\u00a0\u00bb.vc_custom_1485250435904{margin-bottom: 0px !important;padding-top: 100px !important;padding-bottom: 100px !important;}\u00a0\u00bb][vc_column offset=\u00a0\u00bbvc_col-lg-offset-2 vc_col-lg-8 vc_col-md-offset-1 vc_col-md-10&Prime;][vc_column_text css_animation=\u00a0\u00bbbottom-to-top\u00a0\u00bb] Fait de nos origines [\/vc_column_text][vc_column_text css_animation=\u00a0\u00bbbottom-to-top\u00a0\u00bb el_class=\u00a0\u00bbdropcaps_9&Prime;]Nous venons d\u2019une grande tradition boulang\u00e8re,\u00a0nos origines dans le domaine de&#8230;<\/p>\n","protected":false},"author":1,"featured_media":0,"parent":0,"menu_order":0,"comment_status":"closed","ping_status":"closed","template":"","meta":{"footnotes":""},"class_list":["post-12935","page","type-page","status-publish","hentry"],"yoast_head":"<!-- This site is optimized with the Yoast SEO plugin v24.8.1 - https:\/\/yoast.com\/wordpress\/plugins\/seo\/ -->\n<title>Qui sommes-nous ? - VEGA PAS<\/title>\n<meta name=\"description\" content=\"Vega Pas. Especialistas en la elaboraci\u00f3n y distribuci\u00f3n, a nivel nacional, de productos relacionados con la panader\u00eda y boller\u00eda, conservando una receta tradicional y cuidando la calidad de sus ingredientes.\" \/>\n<meta name=\"robots\" content=\"index, follow, max-snippet:-1, max-image-preview:large, max-video-preview:-1\" \/>\n<link rel=\"canonical\" href=\"https:\/\/vegapas.com\/fr\/qui-sommes-nous\/\" \/>\n<meta property=\"og:locale\" content=\"fr_FR\" \/>\n<meta property=\"og:type\" content=\"article\" \/>\n<meta property=\"og:title\" content=\"Qui sommes-nous ? - VEGA PAS\" \/>\n<meta property=\"og:description\" content=\"Vega Pas. Especialistas en la elaboraci\u00f3n y distribuci\u00f3n, a nivel nacional, de productos relacionados con la panader\u00eda y boller\u00eda, conservando una receta tradicional y cuidando la calidad de sus ingredientes.\" \/>\n<meta property=\"og:url\" content=\"https:\/\/vegapas.com\/fr\/qui-sommes-nous\/\" \/>\n<meta property=\"og:site_name\" content=\"VEGA PAS\" \/>\n<meta property=\"article:publisher\" content=\"https:\/\/www.facebook.com\/vegapas\" \/>\n<meta property=\"article:modified_time\" content=\"2017-02-21T08:39:30+00:00\" \/>\n<meta name=\"twitter:card\" content=\"summary_large_image\" \/>\n<meta name=\"twitter:label1\" content=\"Dur\u00e9e de lecture estim\u00e9e\" \/>\n\t<meta name=\"twitter:data1\" content=\"7 minutes\" \/>\n<script type=\"application\/ld+json\" class=\"yoast-schema-graph\">{\"@context\":\"https:\/\/schema.org\",\"@graph\":[{\"@type\":\"WebPage\",\"@id\":\"https:\/\/vegapas.com\/fr\/qui-sommes-nous\/\",\"url\":\"https:\/\/vegapas.com\/fr\/qui-sommes-nous\/\",\"name\":\"Qui sommes-nous ? - VEGA PAS\",\"isPartOf\":{\"@id\":\"https:\/\/vegapas.com\/#website\"},\"datePublished\":\"2016-07-08T10:28:00+00:00\",\"dateModified\":\"2017-02-21T08:39:30+00:00\",\"description\":\"Vega Pas. Especialistas en la elaboraci\u00f3n y distribuci\u00f3n, a nivel nacional, de productos relacionados con la panader\u00eda y boller\u00eda, conservando una receta tradicional y cuidando la calidad de sus ingredientes.\",\"breadcrumb\":{\"@id\":\"https:\/\/vegapas.com\/fr\/qui-sommes-nous\/#breadcrumb\"},\"inLanguage\":\"fr-FR\",\"potentialAction\":[{\"@type\":\"ReadAction\",\"target\":[\"https:\/\/vegapas.com\/fr\/qui-sommes-nous\/\"]}]},{\"@type\":\"BreadcrumbList\",\"@id\":\"https:\/\/vegapas.com\/fr\/qui-sommes-nous\/#breadcrumb\",\"itemListElement\":[{\"@type\":\"ListItem\",\"position\":1,\"name\":\"Portada\",\"item\":\"https:\/\/vegapas.com\/fr\/\"},{\"@type\":\"ListItem\",\"position\":2,\"name\":\"Qui sommes-nous ?\"}]},{\"@type\":\"WebSite\",\"@id\":\"https:\/\/vegapas.com\/#website\",\"url\":\"https:\/\/vegapas.com\/\",\"name\":\"VEGA PAS\",\"description\":\"Productos pasiegos\",\"potentialAction\":[{\"@type\":\"SearchAction\",\"target\":{\"@type\":\"EntryPoint\",\"urlTemplate\":\"https:\/\/vegapas.com\/?s={search_term_string}\"},\"query-input\":{\"@type\":\"PropertyValueSpecification\",\"valueRequired\":true,\"valueName\":\"search_term_string\"}}],\"inLanguage\":\"fr-FR\"}]}<\/script>\n<!-- \/ Yoast SEO plugin. -->","yoast_head_json":{"title":"Qui sommes-nous ? - VEGA PAS","description":"Vega Pas. Especialistas en la elaboraci\u00f3n y distribuci\u00f3n, a nivel nacional, de productos relacionados con la panader\u00eda y boller\u00eda, conservando una receta tradicional y cuidando la calidad de sus ingredientes.","robots":{"index":"index","follow":"follow","max-snippet":"max-snippet:-1","max-image-preview":"max-image-preview:large","max-video-preview":"max-video-preview:-1"},"canonical":"https:\/\/vegapas.com\/fr\/qui-sommes-nous\/","og_locale":"fr_FR","og_type":"article","og_title":"Qui sommes-nous ? - VEGA PAS","og_description":"Vega Pas. Especialistas en la elaboraci\u00f3n y distribuci\u00f3n, a nivel nacional, de productos relacionados con la panader\u00eda y boller\u00eda, conservando una receta tradicional y cuidando la calidad de sus ingredientes.","og_url":"https:\/\/vegapas.com\/fr\/qui-sommes-nous\/","og_site_name":"VEGA PAS","article_publisher":"https:\/\/www.facebook.com\/vegapas","article_modified_time":"2017-02-21T08:39:30+00:00","twitter_card":"summary_large_image","twitter_misc":{"Dur\u00e9e de lecture estim\u00e9e":"7 minutes"},"schema":{"@context":"https:\/\/schema.org","@graph":[{"@type":"WebPage","@id":"https:\/\/vegapas.com\/fr\/qui-sommes-nous\/","url":"https:\/\/vegapas.com\/fr\/qui-sommes-nous\/","name":"Qui sommes-nous ? - VEGA PAS","isPartOf":{"@id":"https:\/\/vegapas.com\/#website"},"datePublished":"2016-07-08T10:28:00+00:00","dateModified":"2017-02-21T08:39:30+00:00","description":"Vega Pas. Especialistas en la elaboraci\u00f3n y distribuci\u00f3n, a nivel nacional, de productos relacionados con la panader\u00eda y boller\u00eda, conservando una receta tradicional y cuidando la calidad de sus ingredientes.","breadcrumb":{"@id":"https:\/\/vegapas.com\/fr\/qui-sommes-nous\/#breadcrumb"},"inLanguage":"fr-FR","potentialAction":[{"@type":"ReadAction","target":["https:\/\/vegapas.com\/fr\/qui-sommes-nous\/"]}]},{"@type":"BreadcrumbList","@id":"https:\/\/vegapas.com\/fr\/qui-sommes-nous\/#breadcrumb","itemListElement":[{"@type":"ListItem","position":1,"name":"Portada","item":"https:\/\/vegapas.com\/fr\/"},{"@type":"ListItem","position":2,"name":"Qui sommes-nous ?"}]},{"@type":"WebSite","@id":"https:\/\/vegapas.com\/#website","url":"https:\/\/vegapas.com\/","name":"VEGA PAS","description":"Productos pasiegos","potentialAction":[{"@type":"SearchAction","target":{"@type":"EntryPoint","urlTemplate":"https:\/\/vegapas.com\/?s={search_term_string}"},"query-input":{"@type":"PropertyValueSpecification","valueRequired":true,"valueName":"search_term_string"}}],"inLanguage":"fr-FR"}]}},"_links":{"self":[{"href":"https:\/\/vegapas.com\/fr\/wp-json\/wp\/v2\/pages\/12935","targetHints":{"allow":["GET"]}}],"collection":[{"href":"https:\/\/vegapas.com\/fr\/wp-json\/wp\/v2\/pages"}],"about":[{"href":"https:\/\/vegapas.com\/fr\/wp-json\/wp\/v2\/types\/page"}],"author":[{"embeddable":true,"href":"https:\/\/vegapas.com\/fr\/wp-json\/wp\/v2\/users\/1"}],"replies":[{"embeddable":true,"href":"https:\/\/vegapas.com\/fr\/wp-json\/wp\/v2\/comments?post=12935"}],"version-history":[{"count":0,"href":"https:\/\/vegapas.com\/fr\/wp-json\/wp\/v2\/pages\/12935\/revisions"}],"wp:attachment":[{"href":"https:\/\/vegapas.com\/fr\/wp-json\/wp\/v2\/media?parent=12935"}],"curies":[{"name":"wp","href":"https:\/\/api.w.org\/{rel}","templated":true}]}}