{"id":13227,"date":"2017-01-27T09:42:16","date_gmt":"2017-01-27T08:42:16","guid":{"rendered":"http:\/\/vegapas.com\/puff-pastry-ties\/"},"modified":"2017-04-17T16:02:20","modified_gmt":"2017-04-17T14:02:20","slug":"cravates-allumettes-feuilletees","status":"publish","type":"page","link":"https:\/\/vegapas.com\/fr\/cravates-allumettes-feuilletees\/","title":{"rendered":"Cravates Allumettes feuillet\u00e9es"},"content":{"rendered":"<p>[vc_row][vc_column][rev_slider_vc alias=\u00a0\u00bbcorbatas_es\u00a0\u00bb][\/vc_column][\/vc_row][vc_row gap=\u00a0\u00bb20&Prime; css=\u00a0\u00bb.vc_custom_1485452659600{padding-top: 10px !important;padding-bottom: 50px !important;}\u00a0\u00bb][vc_column width=\u00a0\u00bb1\/3&Prime; css=\u00a0\u00bb.vc_custom_1485454892387{padding-right: 30px !important;padding-left: 30px !important;}\u00a0\u00bb el_class=\u00a0\u00bb.linea_d\u00a0\u00bb][vc_column_text css=\u00a0\u00bb.vc_custom_1487694285823{margin-bottom: 20px !important;}\u00a0\u00bb]<\/p>\n<h4 style=\"color: #0084cf; text-align: left;\">Cravates Allumettes feuillet\u00e9es<\/h4>\n<p>[\/vc_column_text][vc_column_text]Ce produit est le fruit du mariage d\u2019ingr\u00e9dients de base (beurre, \u0153ufs et farine) avec une tradition d\u2019excellents petits g\u00e2teaux feuillet\u00e9s de la r\u00e9gion. Ce mariage a donn\u00e9 naissance \u00e0 une \u0153uvre d\u2019art gastronomique \u00ab\u00a0Las Corbatas de Hojaldre\u00a0\u00bb. La cravate VegaPas est recouverte sur le dessus d\u2019un gla\u00e7age avec des amandes concass\u00e9es, ce qui lui conf\u00e8re un aspect particulier et un go\u00fbt sucr\u00e9. Pour conserver cette \u0153uvre intacte depuis sa fabrication jusqu\u2019\u00e0 son premier coup de dent, le produit est conditionn\u00e9 individuellement.[\/vc_column_text][\/vc_column][vc_column width=\u00a0\u00bb1\/3&Prime; css=\u00a0\u00bb.vc_custom_1485454899328{padding-right: 30px !important;padding-left: 30px !important;}\u00a0\u00bb][vc_images_carousel images=\u00a0\u00bb12441,12440&Prime; img_size=\u00a0\u00bbfull\u00a0\u00bb onclick=\u00a0\u00bblink_no\u00a0\u00bb speed=\u00a0\u00bb6000&Prime; autoplay=\u00a0\u00bbyes\u00a0\u00bb hide_pagination_control=\u00a0\u00bbyes\u00a0\u00bb wrap=\u00a0\u00bbyes\u00a0\u00bb][vc_toggle title=\u00a0\u00bbInformations Nutritionnelles\u00a0\u00bb style=\u00a0\u00bbround\u00a0\u00bb size=\u00a0\u00bbsm\u00a0\u00bb css_animation=\u00a0\u00bbbottom-to-top\u00a0\u00bb el_id=\u00a0\u00bb1444218122099-8431298f-18ff\u00a0\u00bb]<\/p>\n<h6>INGR\u00c9DIENTS:<\/h6>\n<p>Farine <strong>bl\u00e9<\/strong>, margarine [graisses et huiles v\u00e9g\u00e9tales (partiellement hydrog\u00e9n\u00e9e huile de palme, graisse de <strong>soja<\/strong> partiellement hydrog\u00e9n\u00e9e, <strong>soja<\/strong>, tournesol, colza et de ma\u00efs dans des proportions variables, graisse de palme) \u00e9mulsifiants (E-471, E-322- l\u00e9cithine de soja), acidifiant (E-330, E-331), sel, conservateur (E-202), ar\u00f4mes y colorant (E-160a)], sucre, eau, <strong>beurre (10%)<\/strong>, blanc d&rsquo;\u0153uf, <strong>amande (1%)<\/strong>, sel, levures, amidon de ma\u00efs et ar\u00f4mes.<\/p>\n<p><strong>Contient:<\/strong> C\u00e9r\u00e9ales contenant gluten <strong>(bl\u00e9)<\/strong>. <strong>\u0152uf <\/strong>et des produits \u00e0 base d&rsquo;\u0153ufs. <strong>Lait<\/strong> et produits laitiers (compris lactose). Et traces de <strong>soja<\/strong>. Noix:<strong> amandes<\/strong><\/p>\n<p><img loading=\"lazy\" decoding=\"async\" class=\"alignnone wp-image-13756 size-full\" src=\"https:\/\/vegapas.com\/wp-content\/uploads\/2017\/04\/vegapas_nutricional_fr-corbatas.gif\" alt=\"\" width=\"297\" height=\"257\" \/>[\/vc_toggle][\/vc_column][vc_column width=\u00a0\u00bb1\/3&Prime; css=\u00a0\u00bb.vc_custom_1485454485962{padding-right: 30px !important;padding-left: 30px !important;}\u00a0\u00bb][vc_column_text css=\u00a0\u00bb.vc_custom_1487694270646{margin-bottom: 10px !important;}\u00a0\u00bb]<\/p>\n<h6>Conditionnements disponibles :<\/h6>\n<p>[\/vc_column_text][vc_single_image image=\u00a0\u00bb13477&Prime; img_size=\u00a0\u00bbfull\u00a0\u00bb][\/vc_column][\/vc_row]<\/p>\n","protected":false},"excerpt":{"rendered":"<p>[vc_row][vc_column][rev_slider_vc alias=\u00a0\u00bbcorbatas_es\u00a0\u00bb][\/vc_column][\/vc_row][vc_row gap=\u00a0\u00bb20&Prime; css=\u00a0\u00bb.vc_custom_1485452659600{padding-top: 10px !important;padding-bottom: 50px !important;}\u00a0\u00bb][vc_column width=\u00a0\u00bb1\/3&Prime; css=\u00a0\u00bb.vc_custom_1485454892387{padding-right: 30px !important;padding-left: 30px !important;}\u00a0\u00bb el_class=\u00a0\u00bb.linea_d\u00a0\u00bb][vc_column_text css=\u00a0\u00bb.vc_custom_1487694285823{margin-bottom: 20px !important;}\u00a0\u00bb] Cravates Allumettes feuillet\u00e9es [\/vc_column_text][vc_column_text]Ce produit est le fruit du mariage d\u2019ingr\u00e9dients de&#8230;<\/p>\n","protected":false},"author":1,"featured_media":0,"parent":0,"menu_order":0,"comment_status":"closed","ping_status":"closed","template":"","meta":{"footnotes":""},"class_list":["post-13227","page","type-page","status-publish","hentry"],"yoast_head":"<!-- This site is optimized with the Yoast SEO plugin v24.8.1 - https:\/\/yoast.com\/wordpress\/plugins\/seo\/ -->\n<title>Cravates Allumettes feuillet\u00e9es - VEGA PAS<\/title>\n<meta name=\"description\" content=\"Vega Pas. Especialistas en la elaboraci\u00f3n y distribuci\u00f3n, a nivel nacional, de productos relacionados con la panader\u00eda y boller\u00eda, conservando una receta tradicional y cuidando la calidad de sus ingredientes.\" \/>\n<meta name=\"robots\" content=\"index, follow, max-snippet:-1, max-image-preview:large, max-video-preview:-1\" \/>\n<link rel=\"canonical\" href=\"https:\/\/vegapas.com\/fr\/cravates-allumettes-feuilletees\/\" \/>\n<meta property=\"og:locale\" content=\"fr_FR\" \/>\n<meta property=\"og:type\" content=\"article\" \/>\n<meta property=\"og:title\" content=\"Cravates Allumettes feuillet\u00e9es - VEGA PAS\" \/>\n<meta property=\"og:description\" content=\"Vega Pas. Especialistas en la elaboraci\u00f3n y distribuci\u00f3n, a nivel nacional, de productos relacionados con la panader\u00eda y boller\u00eda, conservando una receta tradicional y cuidando la calidad de sus ingredientes.\" \/>\n<meta property=\"og:url\" content=\"https:\/\/vegapas.com\/fr\/cravates-allumettes-feuilletees\/\" \/>\n<meta property=\"og:site_name\" content=\"VEGA PAS\" \/>\n<meta property=\"article:publisher\" content=\"https:\/\/www.facebook.com\/vegapas\" \/>\n<meta property=\"article:modified_time\" content=\"2017-04-17T14:02:20+00:00\" \/>\n<meta property=\"og:image\" content=\"https:\/\/vegapas.com\/wp-content\/uploads\/2017\/04\/vegapas_nutricional_fr-corbatas.gif\" \/>\n<meta name=\"twitter:card\" content=\"summary_large_image\" \/>\n<meta name=\"twitter:label1\" content=\"Dur\u00e9e de lecture estim\u00e9e\" \/>\n\t<meta name=\"twitter:data1\" content=\"2 minutes\" \/>\n<script type=\"application\/ld+json\" class=\"yoast-schema-graph\">{\"@context\":\"https:\/\/schema.org\",\"@graph\":[{\"@type\":\"WebPage\",\"@id\":\"https:\/\/vegapas.com\/fr\/cravates-allumettes-feuilletees\/\",\"url\":\"https:\/\/vegapas.com\/fr\/cravates-allumettes-feuilletees\/\",\"name\":\"Cravates Allumettes feuillet\u00e9es - VEGA PAS\",\"isPartOf\":{\"@id\":\"https:\/\/vegapas.com\/#website\"},\"primaryImageOfPage\":{\"@id\":\"https:\/\/vegapas.com\/fr\/cravates-allumettes-feuilletees\/#primaryimage\"},\"image\":{\"@id\":\"https:\/\/vegapas.com\/fr\/cravates-allumettes-feuilletees\/#primaryimage\"},\"thumbnailUrl\":\"https:\/\/vegapas.com\/wp-content\/uploads\/2017\/04\/vegapas_nutricional_fr-corbatas.gif\",\"datePublished\":\"2017-01-27T08:42:16+00:00\",\"dateModified\":\"2017-04-17T14:02:20+00:00\",\"description\":\"Vega Pas. Especialistas en la elaboraci\u00f3n y distribuci\u00f3n, a nivel nacional, de productos relacionados con la panader\u00eda y boller\u00eda, conservando una receta tradicional y cuidando la calidad de sus ingredientes.\",\"breadcrumb\":{\"@id\":\"https:\/\/vegapas.com\/fr\/cravates-allumettes-feuilletees\/#breadcrumb\"},\"inLanguage\":\"fr-FR\",\"potentialAction\":[{\"@type\":\"ReadAction\",\"target\":[\"https:\/\/vegapas.com\/fr\/cravates-allumettes-feuilletees\/\"]}]},{\"@type\":\"ImageObject\",\"inLanguage\":\"fr-FR\",\"@id\":\"https:\/\/vegapas.com\/fr\/cravates-allumettes-feuilletees\/#primaryimage\",\"url\":\"https:\/\/vegapas.com\/wp-content\/uploads\/2017\/04\/vegapas_nutricional_fr-corbatas.gif\",\"contentUrl\":\"https:\/\/vegapas.com\/wp-content\/uploads\/2017\/04\/vegapas_nutricional_fr-corbatas.gif\"},{\"@type\":\"BreadcrumbList\",\"@id\":\"https:\/\/vegapas.com\/fr\/cravates-allumettes-feuilletees\/#breadcrumb\",\"itemListElement\":[{\"@type\":\"ListItem\",\"position\":1,\"name\":\"Portada\",\"item\":\"https:\/\/vegapas.com\/fr\/\"},{\"@type\":\"ListItem\",\"position\":2,\"name\":\"Cravates Allumettes feuillet\u00e9es\"}]},{\"@type\":\"WebSite\",\"@id\":\"https:\/\/vegapas.com\/#website\",\"url\":\"https:\/\/vegapas.com\/\",\"name\":\"VEGA PAS\",\"description\":\"Productos pasiegos\",\"potentialAction\":[{\"@type\":\"SearchAction\",\"target\":{\"@type\":\"EntryPoint\",\"urlTemplate\":\"https:\/\/vegapas.com\/?s={search_term_string}\"},\"query-input\":{\"@type\":\"PropertyValueSpecification\",\"valueRequired\":true,\"valueName\":\"search_term_string\"}}],\"inLanguage\":\"fr-FR\"}]}<\/script>\n<!-- \/ Yoast SEO plugin. -->","yoast_head_json":{"title":"Cravates Allumettes feuillet\u00e9es - VEGA PAS","description":"Vega Pas. Especialistas en la elaboraci\u00f3n y distribuci\u00f3n, a nivel nacional, de productos relacionados con la panader\u00eda y boller\u00eda, conservando una receta tradicional y cuidando la calidad de sus ingredientes.","robots":{"index":"index","follow":"follow","max-snippet":"max-snippet:-1","max-image-preview":"max-image-preview:large","max-video-preview":"max-video-preview:-1"},"canonical":"https:\/\/vegapas.com\/fr\/cravates-allumettes-feuilletees\/","og_locale":"fr_FR","og_type":"article","og_title":"Cravates Allumettes feuillet\u00e9es - VEGA PAS","og_description":"Vega Pas. Especialistas en la elaboraci\u00f3n y distribuci\u00f3n, a nivel nacional, de productos relacionados con la panader\u00eda y boller\u00eda, conservando una receta tradicional y cuidando la calidad de sus ingredientes.","og_url":"https:\/\/vegapas.com\/fr\/cravates-allumettes-feuilletees\/","og_site_name":"VEGA PAS","article_publisher":"https:\/\/www.facebook.com\/vegapas","article_modified_time":"2017-04-17T14:02:20+00:00","og_image":[{"url":"https:\/\/vegapas.com\/wp-content\/uploads\/2017\/04\/vegapas_nutricional_fr-corbatas.gif","type":"","width":"","height":""}],"twitter_card":"summary_large_image","twitter_misc":{"Dur\u00e9e de lecture estim\u00e9e":"2 minutes"},"schema":{"@context":"https:\/\/schema.org","@graph":[{"@type":"WebPage","@id":"https:\/\/vegapas.com\/fr\/cravates-allumettes-feuilletees\/","url":"https:\/\/vegapas.com\/fr\/cravates-allumettes-feuilletees\/","name":"Cravates Allumettes feuillet\u00e9es - VEGA PAS","isPartOf":{"@id":"https:\/\/vegapas.com\/#website"},"primaryImageOfPage":{"@id":"https:\/\/vegapas.com\/fr\/cravates-allumettes-feuilletees\/#primaryimage"},"image":{"@id":"https:\/\/vegapas.com\/fr\/cravates-allumettes-feuilletees\/#primaryimage"},"thumbnailUrl":"https:\/\/vegapas.com\/wp-content\/uploads\/2017\/04\/vegapas_nutricional_fr-corbatas.gif","datePublished":"2017-01-27T08:42:16+00:00","dateModified":"2017-04-17T14:02:20+00:00","description":"Vega Pas. Especialistas en la elaboraci\u00f3n y distribuci\u00f3n, a nivel nacional, de productos relacionados con la panader\u00eda y boller\u00eda, conservando una receta tradicional y cuidando la calidad de sus ingredientes.","breadcrumb":{"@id":"https:\/\/vegapas.com\/fr\/cravates-allumettes-feuilletees\/#breadcrumb"},"inLanguage":"fr-FR","potentialAction":[{"@type":"ReadAction","target":["https:\/\/vegapas.com\/fr\/cravates-allumettes-feuilletees\/"]}]},{"@type":"ImageObject","inLanguage":"fr-FR","@id":"https:\/\/vegapas.com\/fr\/cravates-allumettes-feuilletees\/#primaryimage","url":"https:\/\/vegapas.com\/wp-content\/uploads\/2017\/04\/vegapas_nutricional_fr-corbatas.gif","contentUrl":"https:\/\/vegapas.com\/wp-content\/uploads\/2017\/04\/vegapas_nutricional_fr-corbatas.gif"},{"@type":"BreadcrumbList","@id":"https:\/\/vegapas.com\/fr\/cravates-allumettes-feuilletees\/#breadcrumb","itemListElement":[{"@type":"ListItem","position":1,"name":"Portada","item":"https:\/\/vegapas.com\/fr\/"},{"@type":"ListItem","position":2,"name":"Cravates Allumettes feuillet\u00e9es"}]},{"@type":"WebSite","@id":"https:\/\/vegapas.com\/#website","url":"https:\/\/vegapas.com\/","name":"VEGA PAS","description":"Productos pasiegos","potentialAction":[{"@type":"SearchAction","target":{"@type":"EntryPoint","urlTemplate":"https:\/\/vegapas.com\/?s={search_term_string}"},"query-input":{"@type":"PropertyValueSpecification","valueRequired":true,"valueName":"search_term_string"}}],"inLanguage":"fr-FR"}]}},"_links":{"self":[{"href":"https:\/\/vegapas.com\/fr\/wp-json\/wp\/v2\/pages\/13227","targetHints":{"allow":["GET"]}}],"collection":[{"href":"https:\/\/vegapas.com\/fr\/wp-json\/wp\/v2\/pages"}],"about":[{"href":"https:\/\/vegapas.com\/fr\/wp-json\/wp\/v2\/types\/page"}],"author":[{"embeddable":true,"href":"https:\/\/vegapas.com\/fr\/wp-json\/wp\/v2\/users\/1"}],"replies":[{"embeddable":true,"href":"https:\/\/vegapas.com\/fr\/wp-json\/wp\/v2\/comments?post=13227"}],"version-history":[{"count":0,"href":"https:\/\/vegapas.com\/fr\/wp-json\/wp\/v2\/pages\/13227\/revisions"}],"wp:attachment":[{"href":"https:\/\/vegapas.com\/fr\/wp-json\/wp\/v2\/media?parent=13227"}],"curies":[{"name":"wp","href":"https:\/\/api.w.org\/{rel}","templated":true}]}}