{"id":13245,"date":"2017-01-27T11:18:00","date_gmt":"2017-01-27T10:18:00","guid":{"rendered":"http:\/\/vegapas.com\/madeleines\/"},"modified":"2017-04-17T16:07:11","modified_gmt":"2017-04-17T14:07:11","slug":"madeleines","status":"publish","type":"page","link":"https:\/\/vegapas.com\/fr\/madeleines\/","title":{"rendered":"Madeleines"},"content":{"rendered":"<p>[vc_row][vc_column][rev_slider_vc alias=\u00a0\u00bbmantecadas_es\u00a0\u00bb][\/vc_column][\/vc_row][vc_row gap=\u00a0\u00bb20&Prime; css=\u00a0\u00bb.vc_custom_1485452659600{padding-top: 10px !important;padding-bottom: 50px !important;}\u00a0\u00bb][vc_column width=\u00a0\u00bb1\/3&Prime; css=\u00a0\u00bb.vc_custom_1485512441188{padding-right: 30px !important;padding-left: 30px !important;}\u00a0\u00bb][vc_column_text css=\u00a0\u00bb.vc_custom_1487596465653{margin-bottom: 20px !important;}\u00a0\u00bb]<\/p>\n<h4 style=\"color: #0084cf; text-align: left;\">Madeleines<\/h4>\n<p>[\/vc_column_text][vc_column_text]Une bonne m\u00e8re et un bon p\u00e8re ne peuvent faire que quelque chose de bien. Et c\u2019est que les mantecadas sont le fruit du mariage du Cake au beurre et de la madeleine traditionnelle. La mantecada est parvenue \u00e0 unir le go\u00fbt intense et exclusif de beurre du Cake au beurre \u00e0 la texture compacte de la madeleine. Un produit tr\u00e8s sp\u00e9cial pour les palais les plus exigeants. Toujours dor\u00e9s et frais, comme tout juste sortis du four.[\/vc_column_text][\/vc_column][vc_column width=\u00a0\u00bb1\/3&Prime; css=\u00a0\u00bb.vc_custom_1485512448231{padding-right: 30px !important;padding-left: 30px !important;}\u00a0\u00bb el_class=\u00a0\u00bb.linea_i\u00a0\u00bb][vc_single_image image=\u00a0\u00bb12465&Prime; img_size=\u00a0\u00bbfull\u00a0\u00bb][vc_toggle title=\u00a0\u00bbInformations Nutritionnelles\u00a0\u00bb style=\u00a0\u00bbround\u00a0\u00bb size=\u00a0\u00bbsm\u00a0\u00bb css_animation=\u00a0\u00bbbottom-to-top\u00a0\u00bb el_id=\u00a0\u00bb1444218122099-8431298f-18ff\u00a0\u00bb]<\/p>\n<h6>INGR\u00c9DIENTS:<\/h6>\n<p>Farine <strong>bl\u00e9<\/strong>, tournesol, sucre, <strong>\u0153uf<\/strong>, sirop de glucose, eau, poudre \u00e0 lever (E-450, E-500, E-331), antiagglom\u00e9rants (E-516, E-170), amidon, ar\u00f4mes, sel y conservateur (E-202, E-270).<\/p>\n<p><strong>Contient:<\/strong> C\u00e9r\u00e9ales contenant gluten <strong>(bl\u00e9)<\/strong>. <strong>\u0152uf <\/strong>et des produits \u00e0 base d&rsquo;\u0153ufs. <strong>Lait<\/strong> et produits laitiers (compris lactose). Et traces de <strong>soja<\/strong>.<\/p>\n<p><img loading=\"lazy\" decoding=\"async\" class=\"alignnone wp-image-13760 size-full\" src=\"https:\/\/vegapas.com\/wp-content\/uploads\/2017\/04\/vegapas_nutricional_fr-mantecadas.gif\" alt=\"\" width=\"297\" height=\"257\" \/>[\/vc_toggle][\/vc_column][vc_column width=\u00a0\u00bb1\/3&Prime; css=\u00a0\u00bb.vc_custom_1485454485962{padding-right: 30px !important;padding-left: 30px !important;}\u00a0\u00bb][vc_column_text css=\u00a0\u00bb.vc_custom_1487694478368{margin-bottom: 10px !important;}\u00a0\u00bb]<\/p>\n<h6>Conditionnements disponibles :<\/h6>\n<p>[\/vc_column_text][vc_single_image image=\u00a0\u00bb13482&Prime; img_size=\u00a0\u00bbfull\u00a0\u00bb][\/vc_column][\/vc_row]<\/p>\n","protected":false},"excerpt":{"rendered":"<p>[vc_row][vc_column][rev_slider_vc alias=\u00a0\u00bbmantecadas_es\u00a0\u00bb][\/vc_column][\/vc_row][vc_row gap=\u00a0\u00bb20&Prime; css=\u00a0\u00bb.vc_custom_1485452659600{padding-top: 10px !important;padding-bottom: 50px !important;}\u00a0\u00bb][vc_column width=\u00a0\u00bb1\/3&Prime; css=\u00a0\u00bb.vc_custom_1485512441188{padding-right: 30px !important;padding-left: 30px !important;}\u00a0\u00bb][vc_column_text css=\u00a0\u00bb.vc_custom_1487596465653{margin-bottom: 20px !important;}\u00a0\u00bb] Madeleines [\/vc_column_text][vc_column_text]Une bonne m\u00e8re et un bon p\u00e8re ne peuvent faire que quelque&#8230;<\/p>\n","protected":false},"author":1,"featured_media":0,"parent":0,"menu_order":0,"comment_status":"closed","ping_status":"closed","template":"","meta":{"footnotes":""},"class_list":["post-13245","page","type-page","status-publish","hentry"],"yoast_head":"<!-- This site is optimized with the Yoast SEO plugin v24.8.1 - https:\/\/yoast.com\/wordpress\/plugins\/seo\/ -->\n<title>Madeleines - VEGA PAS<\/title>\n<meta name=\"description\" content=\"Vega Pas. Especialistas en la elaboraci\u00f3n y distribuci\u00f3n, a nivel nacional, de productos relacionados con la panader\u00eda y boller\u00eda, conservando una receta tradicional y cuidando la calidad de sus ingredientes.\" \/>\n<meta name=\"robots\" content=\"index, follow, max-snippet:-1, max-image-preview:large, max-video-preview:-1\" \/>\n<link rel=\"canonical\" href=\"https:\/\/vegapas.com\/fr\/madeleines\/\" \/>\n<meta property=\"og:locale\" content=\"fr_FR\" \/>\n<meta property=\"og:type\" content=\"article\" \/>\n<meta property=\"og:title\" content=\"Madeleines - VEGA PAS\" \/>\n<meta property=\"og:description\" content=\"Vega Pas. Especialistas en la elaboraci\u00f3n y distribuci\u00f3n, a nivel nacional, de productos relacionados con la panader\u00eda y boller\u00eda, conservando una receta tradicional y cuidando la calidad de sus ingredientes.\" \/>\n<meta property=\"og:url\" content=\"https:\/\/vegapas.com\/fr\/madeleines\/\" \/>\n<meta property=\"og:site_name\" content=\"VEGA PAS\" \/>\n<meta property=\"article:publisher\" content=\"https:\/\/www.facebook.com\/vegapas\" \/>\n<meta property=\"article:modified_time\" content=\"2017-04-17T14:07:11+00:00\" \/>\n<meta property=\"og:image\" content=\"https:\/\/vegapas.com\/wp-content\/uploads\/2017\/04\/vegapas_nutricional_fr-mantecadas.gif\" \/>\n<meta name=\"twitter:card\" content=\"summary_large_image\" \/>\n<meta name=\"twitter:label1\" content=\"Dur\u00e9e de lecture estim\u00e9e\" \/>\n\t<meta name=\"twitter:data1\" content=\"1 minute\" \/>\n<script type=\"application\/ld+json\" class=\"yoast-schema-graph\">{\"@context\":\"https:\/\/schema.org\",\"@graph\":[{\"@type\":\"WebPage\",\"@id\":\"https:\/\/vegapas.com\/fr\/madeleines\/\",\"url\":\"https:\/\/vegapas.com\/fr\/madeleines\/\",\"name\":\"Madeleines - VEGA PAS\",\"isPartOf\":{\"@id\":\"https:\/\/vegapas.com\/#website\"},\"primaryImageOfPage\":{\"@id\":\"https:\/\/vegapas.com\/fr\/madeleines\/#primaryimage\"},\"image\":{\"@id\":\"https:\/\/vegapas.com\/fr\/madeleines\/#primaryimage\"},\"thumbnailUrl\":\"https:\/\/vegapas.com\/wp-content\/uploads\/2017\/04\/vegapas_nutricional_fr-mantecadas.gif\",\"datePublished\":\"2017-01-27T10:18:00+00:00\",\"dateModified\":\"2017-04-17T14:07:11+00:00\",\"description\":\"Vega Pas. Especialistas en la elaboraci\u00f3n y distribuci\u00f3n, a nivel nacional, de productos relacionados con la panader\u00eda y boller\u00eda, conservando una receta tradicional y cuidando la calidad de sus ingredientes.\",\"breadcrumb\":{\"@id\":\"https:\/\/vegapas.com\/fr\/madeleines\/#breadcrumb\"},\"inLanguage\":\"fr-FR\",\"potentialAction\":[{\"@type\":\"ReadAction\",\"target\":[\"https:\/\/vegapas.com\/fr\/madeleines\/\"]}]},{\"@type\":\"ImageObject\",\"inLanguage\":\"fr-FR\",\"@id\":\"https:\/\/vegapas.com\/fr\/madeleines\/#primaryimage\",\"url\":\"https:\/\/vegapas.com\/wp-content\/uploads\/2017\/04\/vegapas_nutricional_fr-mantecadas.gif\",\"contentUrl\":\"https:\/\/vegapas.com\/wp-content\/uploads\/2017\/04\/vegapas_nutricional_fr-mantecadas.gif\"},{\"@type\":\"BreadcrumbList\",\"@id\":\"https:\/\/vegapas.com\/fr\/madeleines\/#breadcrumb\",\"itemListElement\":[{\"@type\":\"ListItem\",\"position\":1,\"name\":\"Portada\",\"item\":\"https:\/\/vegapas.com\/fr\/\"},{\"@type\":\"ListItem\",\"position\":2,\"name\":\"Madeleines\"}]},{\"@type\":\"WebSite\",\"@id\":\"https:\/\/vegapas.com\/#website\",\"url\":\"https:\/\/vegapas.com\/\",\"name\":\"VEGA PAS\",\"description\":\"Productos pasiegos\",\"potentialAction\":[{\"@type\":\"SearchAction\",\"target\":{\"@type\":\"EntryPoint\",\"urlTemplate\":\"https:\/\/vegapas.com\/?s={search_term_string}\"},\"query-input\":{\"@type\":\"PropertyValueSpecification\",\"valueRequired\":true,\"valueName\":\"search_term_string\"}}],\"inLanguage\":\"fr-FR\"}]}<\/script>\n<!-- \/ Yoast SEO plugin. -->","yoast_head_json":{"title":"Madeleines - VEGA PAS","description":"Vega Pas. Especialistas en la elaboraci\u00f3n y distribuci\u00f3n, a nivel nacional, de productos relacionados con la panader\u00eda y boller\u00eda, conservando una receta tradicional y cuidando la calidad de sus ingredientes.","robots":{"index":"index","follow":"follow","max-snippet":"max-snippet:-1","max-image-preview":"max-image-preview:large","max-video-preview":"max-video-preview:-1"},"canonical":"https:\/\/vegapas.com\/fr\/madeleines\/","og_locale":"fr_FR","og_type":"article","og_title":"Madeleines - VEGA PAS","og_description":"Vega Pas. Especialistas en la elaboraci\u00f3n y distribuci\u00f3n, a nivel nacional, de productos relacionados con la panader\u00eda y boller\u00eda, conservando una receta tradicional y cuidando la calidad de sus ingredientes.","og_url":"https:\/\/vegapas.com\/fr\/madeleines\/","og_site_name":"VEGA PAS","article_publisher":"https:\/\/www.facebook.com\/vegapas","article_modified_time":"2017-04-17T14:07:11+00:00","og_image":[{"url":"https:\/\/vegapas.com\/wp-content\/uploads\/2017\/04\/vegapas_nutricional_fr-mantecadas.gif","type":"","width":"","height":""}],"twitter_card":"summary_large_image","twitter_misc":{"Dur\u00e9e de lecture estim\u00e9e":"1 minute"},"schema":{"@context":"https:\/\/schema.org","@graph":[{"@type":"WebPage","@id":"https:\/\/vegapas.com\/fr\/madeleines\/","url":"https:\/\/vegapas.com\/fr\/madeleines\/","name":"Madeleines - VEGA PAS","isPartOf":{"@id":"https:\/\/vegapas.com\/#website"},"primaryImageOfPage":{"@id":"https:\/\/vegapas.com\/fr\/madeleines\/#primaryimage"},"image":{"@id":"https:\/\/vegapas.com\/fr\/madeleines\/#primaryimage"},"thumbnailUrl":"https:\/\/vegapas.com\/wp-content\/uploads\/2017\/04\/vegapas_nutricional_fr-mantecadas.gif","datePublished":"2017-01-27T10:18:00+00:00","dateModified":"2017-04-17T14:07:11+00:00","description":"Vega Pas. Especialistas en la elaboraci\u00f3n y distribuci\u00f3n, a nivel nacional, de productos relacionados con la panader\u00eda y boller\u00eda, conservando una receta tradicional y cuidando la calidad de sus ingredientes.","breadcrumb":{"@id":"https:\/\/vegapas.com\/fr\/madeleines\/#breadcrumb"},"inLanguage":"fr-FR","potentialAction":[{"@type":"ReadAction","target":["https:\/\/vegapas.com\/fr\/madeleines\/"]}]},{"@type":"ImageObject","inLanguage":"fr-FR","@id":"https:\/\/vegapas.com\/fr\/madeleines\/#primaryimage","url":"https:\/\/vegapas.com\/wp-content\/uploads\/2017\/04\/vegapas_nutricional_fr-mantecadas.gif","contentUrl":"https:\/\/vegapas.com\/wp-content\/uploads\/2017\/04\/vegapas_nutricional_fr-mantecadas.gif"},{"@type":"BreadcrumbList","@id":"https:\/\/vegapas.com\/fr\/madeleines\/#breadcrumb","itemListElement":[{"@type":"ListItem","position":1,"name":"Portada","item":"https:\/\/vegapas.com\/fr\/"},{"@type":"ListItem","position":2,"name":"Madeleines"}]},{"@type":"WebSite","@id":"https:\/\/vegapas.com\/#website","url":"https:\/\/vegapas.com\/","name":"VEGA PAS","description":"Productos pasiegos","potentialAction":[{"@type":"SearchAction","target":{"@type":"EntryPoint","urlTemplate":"https:\/\/vegapas.com\/?s={search_term_string}"},"query-input":{"@type":"PropertyValueSpecification","valueRequired":true,"valueName":"search_term_string"}}],"inLanguage":"fr-FR"}]}},"_links":{"self":[{"href":"https:\/\/vegapas.com\/fr\/wp-json\/wp\/v2\/pages\/13245","targetHints":{"allow":["GET"]}}],"collection":[{"href":"https:\/\/vegapas.com\/fr\/wp-json\/wp\/v2\/pages"}],"about":[{"href":"https:\/\/vegapas.com\/fr\/wp-json\/wp\/v2\/types\/page"}],"author":[{"embeddable":true,"href":"https:\/\/vegapas.com\/fr\/wp-json\/wp\/v2\/users\/1"}],"replies":[{"embeddable":true,"href":"https:\/\/vegapas.com\/fr\/wp-json\/wp\/v2\/comments?post=13245"}],"version-history":[{"count":0,"href":"https:\/\/vegapas.com\/fr\/wp-json\/wp\/v2\/pages\/13245\/revisions"}],"wp:attachment":[{"href":"https:\/\/vegapas.com\/fr\/wp-json\/wp\/v2\/media?parent=13245"}],"curies":[{"name":"wp","href":"https:\/\/api.w.org\/{rel}","templated":true}]}}