{"id":13259,"date":"2017-01-27T14:09:48","date_gmt":"2017-01-27T13:09:48","guid":{"rendered":"http:\/\/vegapas.com\/muffins\/"},"modified":"2017-04-17T16:14:47","modified_gmt":"2017-04-17T14:14:47","slug":"muffins","status":"publish","type":"page","link":"https:\/\/vegapas.com\/fr\/muffins\/","title":{"rendered":"Muffins"},"content":{"rendered":"<p>[vc_row][vc_column][rev_slider_vc alias=\u00a0\u00bbmuffins_es\u00a0\u00bb][\/vc_column][\/vc_row][vc_row gap=\u00a0\u00bb20&Prime; css=\u00a0\u00bb.vc_custom_1485452659600{padding-top: 10px !important;padding-bottom: 50px !important;}\u00a0\u00bb][vc_column width=\u00a0\u00bb1\/3&Prime; css=\u00a0\u00bb.vc_custom_1485523048230{padding-right: 30px !important;padding-left: 30px !important;}\u00a0\u00bb el_class=\u00a0\u00bb.linea_d\u00a0\u00bb][vc_column_text css=\u00a0\u00bb.vc_custom_1485522577732{margin-bottom: 20px !important;}\u00a0\u00bb]<\/p>\n<h4 style=\"color: #0084cf; text-align: left;\">Muffins<\/h4>\n<p>[\/vc_column_text][vc_column_text]L\u2019origine de cette recette est anglaise. Elle ressemble beaucoup d\u2019aspect \u00e0 une madeleine, mais sa pr\u00e9paration diff\u00e8re ainsi que ses ingr\u00e9dients, et elle pr\u00e9sente un go\u00fbt moins sucr\u00e9. Les muffins sont des g\u00e2teaux qui au fil des ann\u00e9es se sont caract\u00e9ris\u00e9s pour leur cr\u00e9ativit\u00e9, pouvant les faire sous une infinit\u00e9 de formes et leur ajoutant une infinit\u00e9 d\u2019ingr\u00e9dients dans leurs recettes.<\/p>\n<p>Nous vous laissons choisir !<\/p>\n<p><span style=\"color: #26272d; font-weight: 900; font-family: 'Source Sans Pro'; font-size: 15px;\">Muffins chocolat :<\/span> si vous aimez beaucoup le chocolat, ce muffin avec du cacao naturel et pr\u00e9par\u00e9 soigneusement par nos experts p\u00e2tissiers est fait pour vous.<\/p>\n<p><span style=\"color: #26272d; font-weight: 900; font-family: 'Source Sans Pro'; font-size: 15px;\">Muffins double chocolat :<\/span> si vous aimez beaucoup le chocolat, nous vous pr\u00e9sentons un muffin au chocolat avec des p\u00e9pites de chocolat au lait.<\/p>\n<p><span style=\"color: #26272d; font-weight: 900; font-family: 'Source Sans Pro'; font-size: 15px;\">Muffins choco chips :<\/span> pour les classiques ! Ce muffin est bas\u00e9 sur la recette traditionnelle avec des p\u00e9pites de chocolat au lait rajout\u00e9es et une touche sp\u00e9ciale de vanille.[\/vc_column_text][\/vc_column][vc_column width=\u00a0\u00bb1\/3&Prime; css=\u00a0\u00bb.vc_custom_1485523040268{padding-right: 30px !important;padding-left: 30px !important;}\u00a0\u00bb][vc_images_carousel images=\u00a0\u00bb12528,12525,12527,12526&Prime; img_size=\u00a0\u00bbfull\u00a0\u00bb onclick=\u00a0\u00bblink_no\u00a0\u00bb speed=\u00a0\u00bb6000&Prime; autoplay=\u00a0\u00bbyes\u00a0\u00bb hide_pagination_control=\u00a0\u00bbyes\u00a0\u00bb wrap=\u00a0\u00bbyes\u00a0\u00bb][vc_toggle title=\u00a0\u00bbInformations Nutritionnelles\u00a0\u00bb style=\u00a0\u00bbround\u00a0\u00bb size=\u00a0\u00bbsm\u00a0\u00bb css_animation=\u00a0\u00bbbottom-to-top\u00a0\u00bb el_id=\u00a0\u00bb1444218122099-8431298f-18ff\u00a0\u00bb]<\/p>\n<h6>INGR\u00c9DIENTS:<\/h6>\n<p><b>Chocolat\u00e9<\/b><\/p>\n<p>Sucre, farine <strong>bl\u00e9<\/strong>, <strong>\u0153uf<\/strong>, huile de tournesol, eau, \u00e9mulsifiant (E-422), <strong>poudre de cacao maigre 3,8%<\/strong>, sirop de glucose, poudre \u00e0 lever(E-450, E-500, E-331), antiagglom\u00e9rant (E-516), prot\u00e9ines de lait, amidon de ma\u00efs, \u00e9mulsifiant (E-472, E-475), sel, conservateur (E-200), stabilisant (E-415), y ar\u00f4mes.<\/p>\n<p><strong>Contient:<\/strong> C\u00e9r\u00e9ales contenant gluten <strong>(bl\u00e9)<\/strong>. <strong>\u0152uf <\/strong>et des produits \u00e0 base d&rsquo;\u0153ufs. <strong>Lait<\/strong> et produits laitiers (compris lactose). Et traces de <strong>soja<\/strong>.<\/p>\n<p><img loading=\"lazy\" decoding=\"async\" class=\"alignnone wp-image-13766 size-full\" src=\"https:\/\/vegapas.com\/wp-content\/uploads\/2017\/04\/vegapas_nutricional_fr-choco.gif\" alt=\"\" width=\"297\" height=\"257\" \/><\/p>\n<p>&nbsp;<\/p>\n<p><b>Doble choco<\/b><\/p>\n<p>sucre, farine <strong>bl\u00e9<\/strong>,<strong> \u0153uf<\/strong>, huile de tournesol, eau, \u00e9mulsifiant (E-422), <strong>poudre de cacao maigre 3.7%<\/strong>, <strong>p\u00e9pites de chocolat noir 3.5%<\/strong> [Masse de cacao, beurre de cacao, \u00e9mulsifiant: l\u00e9cithine de soja (E-322)], sirop de glucose, poudre \u00e0 lever(E-450, E-500, E-331), antiagglom\u00e9rant (E-516), prot\u00e9ines de lait, amidon de ma\u00efs, \u00e9mulsifiant (E-472, E-475), stabilisant (E-415), sel, conservateur (E-200) y ar\u00f4mes.<\/p>\n<p><strong>Contient:<\/strong> C\u00e9r\u00e9ales contenant gluten <strong>(bl\u00e9)<\/strong>. <strong>\u0152uf <\/strong>et des produits \u00e0 base d&rsquo;\u0153ufs. <strong>Lait<\/strong> et produits laitiers (compris lactose). Et traces de <strong>soja<\/strong>.<\/p>\n<p><img loading=\"lazy\" decoding=\"async\" class=\"alignnone wp-image-13754 size-full\" src=\"https:\/\/vegapas.com\/wp-content\/uploads\/2017\/04\/vegapas_nutricional_fr-doblechoco.gif\" alt=\"\" width=\"297\" height=\"257\" \/><\/p>\n<p>&nbsp;<\/p>\n<p><b>Choco chips<\/b><\/p>\n<p>Farine <strong>bl\u00e9<\/strong>, sucre, tournesol, <strong>\u0153uf<\/strong>, eau, p\u00e9pites de chocolat noir 10% [Masse de cacao, beurre de cacao, \u00e9mulsifiant: l\u00e9cithine de soja (E-322)], \u00e9mulsifiant (E-422), sirop de glucose, poudre \u00e0 lever(E-450, E-500, E-331), antiagglom\u00e9rant (E-516), prot\u00e9ines du <strong>lait<\/strong>, sel, conservateur (E-202, E270), ar\u00f4mes y acidifiant (E-330).<\/p>\n<p><strong>Contient:<\/strong> C\u00e9r\u00e9ales contenant gluten <strong>(bl\u00e9)<\/strong>. <strong>\u0152uf <\/strong>et des produits \u00e0 base d&rsquo;\u0153ufs. <strong>Lait<\/strong> et produits laitiers (compris lactose). Et traces de <strong>soja<\/strong>.<\/p>\n<p><img loading=\"lazy\" decoding=\"async\" class=\"alignnone wp-image-13755 size-full\" src=\"https:\/\/vegapas.com\/wp-content\/uploads\/2017\/04\/vegapas_nutricional_fr-cochochips.gif\" alt=\"\" width=\"297\" height=\"257\" \/>[\/vc_toggle][\/vc_column][vc_column width=\u00a0\u00bb1\/3&Prime; css=\u00a0\u00bb.vc_custom_1485454485962{padding-right: 30px !important;padding-left: 30px !important;}\u00a0\u00bb][vc_column_text css=\u00a0\u00bb.vc_custom_1487694911686{margin-bottom: 10px !important;}\u00a0\u00bb]<\/p>\n<h6>Conditionnements disponibles :<\/h6>\n<p>[\/vc_column_text][vc_single_image image=\u00a0\u00bb13484&Prime; img_size=\u00a0\u00bbfull\u00a0\u00bb][\/vc_column][\/vc_row]<\/p>\n","protected":false},"excerpt":{"rendered":"<p>[vc_row][vc_column][rev_slider_vc alias=\u00a0\u00bbmuffins_es\u00a0\u00bb][\/vc_column][\/vc_row][vc_row gap=\u00a0\u00bb20&Prime; css=\u00a0\u00bb.vc_custom_1485452659600{padding-top: 10px !important;padding-bottom: 50px !important;}\u00a0\u00bb][vc_column width=\u00a0\u00bb1\/3&Prime; css=\u00a0\u00bb.vc_custom_1485523048230{padding-right: 30px !important;padding-left: 30px !important;}\u00a0\u00bb el_class=\u00a0\u00bb.linea_d\u00a0\u00bb][vc_column_text css=\u00a0\u00bb.vc_custom_1485522577732{margin-bottom: 20px !important;}\u00a0\u00bb] Muffins [\/vc_column_text][vc_column_text]L\u2019origine de cette recette est anglaise. Elle ressemble beaucoup d\u2019aspect \u00e0&#8230;<\/p>\n","protected":false},"author":1,"featured_media":0,"parent":0,"menu_order":0,"comment_status":"closed","ping_status":"closed","template":"","meta":{"footnotes":""},"class_list":["post-13259","page","type-page","status-publish","hentry"],"yoast_head":"<!-- This site is optimized with the Yoast SEO plugin v24.8.1 - https:\/\/yoast.com\/wordpress\/plugins\/seo\/ -->\n<title>Muffins - VEGA PAS<\/title>\n<meta name=\"description\" content=\"Vega Pas. Especialistas en la elaboraci\u00f3n y distribuci\u00f3n, a nivel nacional, de productos relacionados con la panader\u00eda y boller\u00eda, conservando una receta tradicional y cuidando la calidad de sus ingredientes.\" \/>\n<meta name=\"robots\" content=\"index, follow, max-snippet:-1, max-image-preview:large, max-video-preview:-1\" \/>\n<link rel=\"canonical\" href=\"https:\/\/vegapas.com\/fr\/muffins\/\" \/>\n<meta property=\"og:locale\" content=\"fr_FR\" \/>\n<meta property=\"og:type\" content=\"article\" \/>\n<meta property=\"og:title\" content=\"Muffins - VEGA PAS\" \/>\n<meta property=\"og:description\" content=\"Vega Pas. Especialistas en la elaboraci\u00f3n y distribuci\u00f3n, a nivel nacional, de productos relacionados con la panader\u00eda y boller\u00eda, conservando una receta tradicional y cuidando la calidad de sus ingredientes.\" \/>\n<meta property=\"og:url\" content=\"https:\/\/vegapas.com\/fr\/muffins\/\" \/>\n<meta property=\"og:site_name\" content=\"VEGA PAS\" \/>\n<meta property=\"article:publisher\" content=\"https:\/\/www.facebook.com\/vegapas\" \/>\n<meta property=\"article:modified_time\" content=\"2017-04-17T14:14:47+00:00\" \/>\n<meta property=\"og:image\" content=\"https:\/\/vegapas.com\/wp-content\/uploads\/2017\/04\/vegapas_nutricional_fr-choco.gif\" \/>\n<meta name=\"twitter:card\" content=\"summary_large_image\" \/>\n<meta name=\"twitter:label1\" content=\"Dur\u00e9e de lecture estim\u00e9e\" \/>\n\t<meta name=\"twitter:data1\" content=\"3 minutes\" \/>\n<script type=\"application\/ld+json\" class=\"yoast-schema-graph\">{\"@context\":\"https:\/\/schema.org\",\"@graph\":[{\"@type\":\"WebPage\",\"@id\":\"https:\/\/vegapas.com\/fr\/muffins\/\",\"url\":\"https:\/\/vegapas.com\/fr\/muffins\/\",\"name\":\"Muffins - VEGA PAS\",\"isPartOf\":{\"@id\":\"https:\/\/vegapas.com\/#website\"},\"primaryImageOfPage\":{\"@id\":\"https:\/\/vegapas.com\/fr\/muffins\/#primaryimage\"},\"image\":{\"@id\":\"https:\/\/vegapas.com\/fr\/muffins\/#primaryimage\"},\"thumbnailUrl\":\"https:\/\/vegapas.com\/wp-content\/uploads\/2017\/04\/vegapas_nutricional_fr-choco.gif\",\"datePublished\":\"2017-01-27T13:09:48+00:00\",\"dateModified\":\"2017-04-17T14:14:47+00:00\",\"description\":\"Vega Pas. Especialistas en la elaboraci\u00f3n y distribuci\u00f3n, a nivel nacional, de productos relacionados con la panader\u00eda y boller\u00eda, conservando una receta tradicional y cuidando la calidad de sus ingredientes.\",\"breadcrumb\":{\"@id\":\"https:\/\/vegapas.com\/fr\/muffins\/#breadcrumb\"},\"inLanguage\":\"fr-FR\",\"potentialAction\":[{\"@type\":\"ReadAction\",\"target\":[\"https:\/\/vegapas.com\/fr\/muffins\/\"]}]},{\"@type\":\"ImageObject\",\"inLanguage\":\"fr-FR\",\"@id\":\"https:\/\/vegapas.com\/fr\/muffins\/#primaryimage\",\"url\":\"https:\/\/vegapas.com\/wp-content\/uploads\/2017\/04\/vegapas_nutricional_fr-choco.gif\",\"contentUrl\":\"https:\/\/vegapas.com\/wp-content\/uploads\/2017\/04\/vegapas_nutricional_fr-choco.gif\"},{\"@type\":\"BreadcrumbList\",\"@id\":\"https:\/\/vegapas.com\/fr\/muffins\/#breadcrumb\",\"itemListElement\":[{\"@type\":\"ListItem\",\"position\":1,\"name\":\"Portada\",\"item\":\"https:\/\/vegapas.com\/fr\/\"},{\"@type\":\"ListItem\",\"position\":2,\"name\":\"Muffins\"}]},{\"@type\":\"WebSite\",\"@id\":\"https:\/\/vegapas.com\/#website\",\"url\":\"https:\/\/vegapas.com\/\",\"name\":\"VEGA PAS\",\"description\":\"Productos pasiegos\",\"potentialAction\":[{\"@type\":\"SearchAction\",\"target\":{\"@type\":\"EntryPoint\",\"urlTemplate\":\"https:\/\/vegapas.com\/?s={search_term_string}\"},\"query-input\":{\"@type\":\"PropertyValueSpecification\",\"valueRequired\":true,\"valueName\":\"search_term_string\"}}],\"inLanguage\":\"fr-FR\"}]}<\/script>\n<!-- \/ Yoast SEO plugin. -->","yoast_head_json":{"title":"Muffins - VEGA PAS","description":"Vega Pas. Especialistas en la elaboraci\u00f3n y distribuci\u00f3n, a nivel nacional, de productos relacionados con la panader\u00eda y boller\u00eda, conservando una receta tradicional y cuidando la calidad de sus ingredientes.","robots":{"index":"index","follow":"follow","max-snippet":"max-snippet:-1","max-image-preview":"max-image-preview:large","max-video-preview":"max-video-preview:-1"},"canonical":"https:\/\/vegapas.com\/fr\/muffins\/","og_locale":"fr_FR","og_type":"article","og_title":"Muffins - VEGA PAS","og_description":"Vega Pas. Especialistas en la elaboraci\u00f3n y distribuci\u00f3n, a nivel nacional, de productos relacionados con la panader\u00eda y boller\u00eda, conservando una receta tradicional y cuidando la calidad de sus ingredientes.","og_url":"https:\/\/vegapas.com\/fr\/muffins\/","og_site_name":"VEGA PAS","article_publisher":"https:\/\/www.facebook.com\/vegapas","article_modified_time":"2017-04-17T14:14:47+00:00","og_image":[{"url":"https:\/\/vegapas.com\/wp-content\/uploads\/2017\/04\/vegapas_nutricional_fr-choco.gif","type":"","width":"","height":""}],"twitter_card":"summary_large_image","twitter_misc":{"Dur\u00e9e de lecture estim\u00e9e":"3 minutes"},"schema":{"@context":"https:\/\/schema.org","@graph":[{"@type":"WebPage","@id":"https:\/\/vegapas.com\/fr\/muffins\/","url":"https:\/\/vegapas.com\/fr\/muffins\/","name":"Muffins - VEGA PAS","isPartOf":{"@id":"https:\/\/vegapas.com\/#website"},"primaryImageOfPage":{"@id":"https:\/\/vegapas.com\/fr\/muffins\/#primaryimage"},"image":{"@id":"https:\/\/vegapas.com\/fr\/muffins\/#primaryimage"},"thumbnailUrl":"https:\/\/vegapas.com\/wp-content\/uploads\/2017\/04\/vegapas_nutricional_fr-choco.gif","datePublished":"2017-01-27T13:09:48+00:00","dateModified":"2017-04-17T14:14:47+00:00","description":"Vega Pas. Especialistas en la elaboraci\u00f3n y distribuci\u00f3n, a nivel nacional, de productos relacionados con la panader\u00eda y boller\u00eda, conservando una receta tradicional y cuidando la calidad de sus ingredientes.","breadcrumb":{"@id":"https:\/\/vegapas.com\/fr\/muffins\/#breadcrumb"},"inLanguage":"fr-FR","potentialAction":[{"@type":"ReadAction","target":["https:\/\/vegapas.com\/fr\/muffins\/"]}]},{"@type":"ImageObject","inLanguage":"fr-FR","@id":"https:\/\/vegapas.com\/fr\/muffins\/#primaryimage","url":"https:\/\/vegapas.com\/wp-content\/uploads\/2017\/04\/vegapas_nutricional_fr-choco.gif","contentUrl":"https:\/\/vegapas.com\/wp-content\/uploads\/2017\/04\/vegapas_nutricional_fr-choco.gif"},{"@type":"BreadcrumbList","@id":"https:\/\/vegapas.com\/fr\/muffins\/#breadcrumb","itemListElement":[{"@type":"ListItem","position":1,"name":"Portada","item":"https:\/\/vegapas.com\/fr\/"},{"@type":"ListItem","position":2,"name":"Muffins"}]},{"@type":"WebSite","@id":"https:\/\/vegapas.com\/#website","url":"https:\/\/vegapas.com\/","name":"VEGA PAS","description":"Productos pasiegos","potentialAction":[{"@type":"SearchAction","target":{"@type":"EntryPoint","urlTemplate":"https:\/\/vegapas.com\/?s={search_term_string}"},"query-input":{"@type":"PropertyValueSpecification","valueRequired":true,"valueName":"search_term_string"}}],"inLanguage":"fr-FR"}]}},"_links":{"self":[{"href":"https:\/\/vegapas.com\/fr\/wp-json\/wp\/v2\/pages\/13259","targetHints":{"allow":["GET"]}}],"collection":[{"href":"https:\/\/vegapas.com\/fr\/wp-json\/wp\/v2\/pages"}],"about":[{"href":"https:\/\/vegapas.com\/fr\/wp-json\/wp\/v2\/types\/page"}],"author":[{"embeddable":true,"href":"https:\/\/vegapas.com\/fr\/wp-json\/wp\/v2\/users\/1"}],"replies":[{"embeddable":true,"href":"https:\/\/vegapas.com\/fr\/wp-json\/wp\/v2\/comments?post=13259"}],"version-history":[{"count":0,"href":"https:\/\/vegapas.com\/fr\/wp-json\/wp\/v2\/pages\/13259\/revisions"}],"wp:attachment":[{"href":"https:\/\/vegapas.com\/fr\/wp-json\/wp\/v2\/media?parent=13259"}],"curies":[{"name":"wp","href":"https:\/\/api.w.org\/{rel}","templated":true}]}}