{"id":12994,"date":"2016-07-08T12:28:00","date_gmt":"2016-07-08T10:28:00","guid":{"rendered":"http:\/\/vegapas.com\/quienes-somos\/"},"modified":"2017-02-21T09:55:13","modified_gmt":"2017-02-21T08:55:13","slug":"chi-siamo","status":"publish","type":"page","link":"https:\/\/vegapas.com\/it\/chi-siamo\/","title":{"rendered":"Chi siamo?"},"content":{"rendered":"<p>[vc_row css=&#8221;.vc_custom_1485250435904{margin-bottom: 0px !important;padding-top: 100px !important;padding-bottom: 100px !important;}&#8221;][vc_column offset=&#8221;vc_col-lg-offset-2 vc_col-lg-8 vc_col-md-offset-1 vc_col-md-10&#8243;][vc_column_text css_animation=&#8221;bottom-to-top&#8221;]<\/p>\n<h2 style=\"text-align: left;\">Fatto di origini<\/h2>\n<p>[\/vc_column_text][vc_column_text css_animation=&#8221;bottom-to-top&#8221; el_class=&#8221;dropcaps_9&#8243;]<strong>Proveniamo da una grande tradizione di panificazione<\/strong><strong>,\u00a0<\/strong>le nostre origini nell\u2019ambito della panificazione e della pasticceria tradizionale risalgono all\u2019anno 1940, con l\u2019acquisizione del laboratorio di panificazione <strong>\u201cLa Constancia\u201d<\/strong>\u00a0di Santander, dove la <strong>Famiglia Coria Gallegos\u00a0<\/strong>lavor\u00f2 per decenni per far crescere un sogno familiare. Negli anni 70 viene acquisito il laboratorio di <strong>\u201cPanader\u00edas C\u00e1ntabras\u201d<\/strong><strong>,<\/strong>\u00a0per ampliare la capacit\u00e0 produttiva e per far fronte alle necessit\u00e0 dei nostri clienti.<\/p>\n<h6 style=\"color: #0084cf; text-align: left;\">Vega Pelayo<\/h6>\n<p>Negli anni 90, con un cambio generazionale in essere, la nuova famiglia <strong>Coria R\u00edos<\/strong>\u00a0decide di espandere il proprio settore d\u2019attivit\u00e0 sul versante della pasticceria, puntando sulla produzione artigianale di prodotti della Cantabria e accogliendo nel gruppo aziendale esistente un piccolo laboratorio di Sobaos Pasiegos chiamato\u00a0<strong>\u201cVega Pelayo SL\u201d\u00a0<\/strong>di Santander, laboratorio che, in considerazione della domanda del mercato, si trasferisce al termine di questo decennio nella Zona Industriale di Guarnizo, con il fine di ampliare la capacit\u00e0 produttiva e di poter disporre di installazioni tecnologicamente all\u2019avanguardia.[\/vc_column_text][\/vc_column][\/vc_row][vc_row full_width=&#8221;stretch_row_content_no_spaces&#8221; equal_height=&#8221;yes&#8221; css=&#8221;.vc_custom_1485254233602{margin-bottom: 0px !important;background-color: #0084cf !important;}&#8221;][vc_column width=&#8221;1\/3&#8243; css=&#8221;.vc_custom_1485254885715{padding-top: 200px !important;padding-bottom: 200px !important;background-image: url(https:\/\/vegapas.com\/wp-content\/uploads\/2016\/07\/vega_pas_banners_fondo_fabrica.jpg?id=12151) !important;background-position: center !important;background-repeat: no-repeat !important;background-size: cover !important;}&#8221;][\/vc_column][vc_column width=&#8221;2\/3&#8243; css=&#8221;.vc_custom_1485252507606{padding-top: 70px !important;padding-right: 10% !important;padding-bottom: 40px !important;padding-left: 10% !important;}&#8221;][vc_column_text css_animation=&#8221;bottom-to-top&#8221;]<\/p>\n<h3 style=\"color: #fff;\">Ci prendiamo cura di te curando i nostri prodotti<\/h3>\n<p>[\/vc_column_text][vc_column_text css_animation=&#8221;bottom-to-top&#8221;]<\/p>\n<p style=\"color: #fff;\">Attualmente, i nostri prodotti sono presenti su tutto il territorio nazionale, nei principali negozi di tutto il paese. Produciamo con il nostro marchio Vega Pas, nonch\u00e9 per i marchi del distributore.<\/p>\n<h6 style=\"color: #fff; text-align: left;\">Certificazioni di Qualit\u00e0<\/h6>\n<p style=\"color: #fff;\">Nell\u2019anno 2014 abbiamo ottenuto per la prima volta la certificazione congiunta secondo le norme internazionali sulla qualit\u00e0: \u00a0 <span style=\"background-color: #fff; color: #0084cf;\">\u00a0International Food Standard \u2013 IFS \u00a0<\/span> e <span style=\"background-color: #fff; color: #0084cf;\"> \u00a0British Retail Consortium \u2013 BRC \u00a0<\/span>. Norme che contraddistinguono la nostra condotta come azienda per soddisfare gli obiettivi di qualit\u00e0 di tutti i nostri clienti.<\/p>\n<p>[\/vc_column_text][vc_separator color=&#8221;custom&#8221; align=&#8221;align_left&#8221; accent_color=&#8221;#eeeeee&#8221; css=&#8221;.vc_custom_1485252422983{padding-top: 20px !important;padding-bottom: 20px !important;}&#8221;][vc_row_inner gap=&#8221;30&#8243; css=&#8221;.vc_custom_1485252446989{margin-bottom: 0px !important;}&#8221;][vc_column_inner width=&#8221;1\/2&#8243;][vc_single_image image=&#8221;12148&#8243; img_size=&#8221;large&#8221; alignment=&#8221;center&#8221;][\/vc_column_inner][vc_column_inner width=&#8221;1\/2&#8243;][vc_single_image image=&#8221;12149&#8243; img_size=&#8221;large&#8221; alignment=&#8221;center&#8221;][\/vc_column_inner][\/vc_row_inner][\/vc_column][\/vc_row][vc_row css=&#8221;.vc_custom_1485253169481{padding-top: 40px !important;padding-bottom: 30px !important;}&#8221;][vc_column][vc_column_text css_animation=&#8221;bottom-to-top&#8221;]<\/p>\n<h6 style=\"color: #0084cf; text-align: center; margin-bottom: 0px;\">Siamo fatti di 4 ingredienti base:<\/h6>\n<h3 style=\"text-align: center; line-height: 24px;\">Talento, Entusiasmo, Innovazione e Coscienza Sociale<\/h3>\n<p>[\/vc_column_text][\/vc_column][\/vc_row][vc_row full_width=&#8221;stretch_row_content&#8221; gap=&#8221;30&#8243; equal_height=&#8221;yes&#8221; css=&#8221;.vc_custom_1468522568669{margin-bottom: 0px !important;padding-right: 15px !important;padding-left: 15px !important;}&#8221;][vc_column width=&#8221;5\/12&#8243; css=&#8221;.vc_custom_1485278380356{padding-top: 50px !important;padding-right: 80px !important;padding-bottom: 40px !important;padding-left: 80px !important;background-color: #f7f7f7 !important;}&#8221; offset=&#8221;vc_col-lg-4 vc_col-md-5&#8243;][vc_custom_heading text=&#8221;01.&#8221; font_container=&#8221;tag:h6|font_size:90px|text_align:left|color:%230084cf|line_height:90px&#8221; use_theme_fonts=&#8221;yes&#8221; css=&#8221;.vc_custom_1485278206519{padding-bottom: 20px !important;}&#8221;][vc_column_text css_animation=&#8221;bottom-to-top&#8221; css=&#8221;.vc_custom_1485278353040{margin-bottom: 10px !important;}&#8221;]<\/p>\n<h4>Talento<\/h4>\n<p>[\/vc_column_text][vc_column_text css_animation=&#8221;bottom-to-top&#8221;]Ci\u00f2 che pi\u00f9 conta sono le persone perch\u00e9 il lavoro lo fanno le persone, crediamo fermamente nel fatto che i\u00a0<strong>nostri collaboratori fanno parte del nostro progetto<\/strong> e che ciascuna persona ha la capacit\u00e0 di apportare il proprio contributo dalla propria area o posizione di lavoro.[\/vc_column_text][vc_separator color=&#8221;custom&#8221; align=&#8221;align_left&#8221; border_width=&#8221;2&#8243; el_width=&#8221;30&#8243; accent_color=&#8221;#0084cf&#8221;][\/vc_column][vc_column css_animation=&#8221;bottom-to-top&#8221; width=&#8221;7\/12&#8243; css=&#8221;.vc_custom_1485344251029{padding-top: 100px !important;padding-bottom: 100px !important;background-image: url(https:\/\/vegapas.com\/wp-content\/uploads\/2016\/07\/vegapas_qs_d4.png?id=12223) !important;background-position: center !important;background-repeat: no-repeat !important;background-size: contain !important;}&#8221; offset=&#8221;vc_col-lg-8 vc_col-md-7&#8243;][\/vc_column][\/vc_row][vc_row full_width=&#8221;stretch_row_content_no_spaces&#8221; gap=&#8221;30&#8243; equal_height=&#8221;yes&#8221; css=&#8221;.vc_custom_1468522602118{margin-bottom: 0px !important;padding-right: 15px !important;padding-left: 15px !important;}&#8221;][vc_column css_animation=&#8221;bottom-to-top&#8221; width=&#8221;5\/12&#8243; css=&#8221;.vc_custom_1485349106139{padding-top: 100px !important;padding-bottom: 100px !important;background-image: url(https:\/\/vegapas.com\/wp-content\/uploads\/2016\/07\/vegapas_qs_d6.png?id=12246) !important;background-position: center !important;background-repeat: no-repeat !important;background-size: contain !important;}&#8221; offset=&#8221;vc_col-lg-8 vc_col-md-7&#8243;][\/vc_column][vc_column width=&#8221;7\/12&#8243; css=&#8221;.vc_custom_1485333839372{padding-top: 50px !important;padding-right: 80px !important;padding-bottom: 40px !important;padding-left: 80px !important;background-color: #f7f7f7 !important;}&#8221; offset=&#8221;vc_col-lg-4 vc_col-md-5&#8243;][vc_custom_heading text=&#8221;02.&#8221; font_container=&#8221;tag:h6|font_size:90px|text_align:left|color:%230084cf|line_height:90px&#8221; use_theme_fonts=&#8221;yes&#8221; css=&#8221;.vc_custom_1485333876228{padding-bottom: 20px !important;}&#8221;][vc_column_text css_animation=&#8221;bottom-to-top&#8221; css=&#8221;.vc_custom_1487667247906{margin-bottom: 10px !important;}&#8221;]<\/p>\n<h4>Entusiasmo<\/h4>\n<p>[\/vc_column_text][vc_column_text css_animation=&#8221;bottom-to-top&#8221;]<strong>Siamo pronti per le nuove sfide.\u00a0<\/strong>Vega Pelayo punta chiaramente sulla crescita mediante l\u2019incremento della propria presenza nei mercati stranieri e ci prepariamo ogni giorno per far fronte alle necessit\u00e0 ed esigenze di tali nuovi clienti.[\/vc_column_text][vc_separator color=&#8221;custom&#8221; align=&#8221;align_left&#8221; border_width=&#8221;2&#8243; el_width=&#8221;30&#8243; accent_color=&#8221;#0084cf&#8221;][\/vc_column][\/vc_row][vc_row full_width=&#8221;stretch_row_content_no_spaces&#8221; gap=&#8221;30&#8243; equal_height=&#8221;yes&#8221; css=&#8221;.vc_custom_1468522619813{margin-bottom: 0px !important;padding-right: 15px !important;padding-left: 15px !important;}&#8221;][vc_column width=&#8221;7\/12&#8243; css=&#8221;.vc_custom_1485333850260{padding-top: 50px !important;padding-right: 80px !important;padding-bottom: 40px !important;padding-left: 80px !important;background-color: #f7f7f7 !important;}&#8221; offset=&#8221;vc_col-lg-4 vc_col-md-5&#8243;][vc_custom_heading text=&#8221;03.&#8221; font_container=&#8221;tag:h6|font_size:90px|text_align:left|color:%230084cf|line_height:90px&#8221; use_theme_fonts=&#8221;yes&#8221; css=&#8221;.vc_custom_1485333891596{padding-bottom: 20px !important;}&#8221;][vc_column_text css_animation=&#8221;bottom-to-top&#8221; css=&#8221;.vc_custom_1487667274737{margin-bottom: 10px !important;}&#8221;]<\/p>\n<h4>Innovazione<\/h4>\n<p>[\/vc_column_text][vc_column_text css_animation=&#8221;bottom-to-top&#8221;]Vogliamo essere protagonisti nel futuro del settore agroalimentare, puntando con decisione sull\u2019innovazione alla ricerca di processi e prodotti pi\u00f9 efficienti grazie all\u2019uso della tecnologia, strumento che rende pi\u00f9 agevole la nostra posizione sul mercato.[\/vc_column_text][vc_separator color=&#8221;custom&#8221; align=&#8221;align_left&#8221; border_width=&#8221;2&#8243; el_width=&#8221;30&#8243; accent_color=&#8221;#0084cf&#8221;][\/vc_column][vc_column css_animation=&#8221;bottom-to-top&#8221; width=&#8221;5\/12&#8243; css=&#8221;.vc_custom_1485352258756{padding-top: 100px !important;padding-bottom: 100px !important;background-image: url(https:\/\/vegapas.com\/wp-content\/uploads\/2016\/07\/vegapas_qs_d7.png?id=12248) !important;background-position: center !important;background-repeat: no-repeat !important;background-size: contain !important;}&#8221; offset=&#8221;vc_col-lg-8 vc_col-md-7&#8243;][\/vc_column][\/vc_row][vc_row full_width=&#8221;stretch_row_content_no_spaces&#8221; gap=&#8221;30&#8243; equal_height=&#8221;yes&#8221; css=&#8221;.vc_custom_1468522627637{margin-bottom: 0px !important;padding-right: 15px !important;padding-left: 15px !important;}&#8221;][vc_column css_animation=&#8221;bottom-to-top&#8221; width=&#8221;5\/12&#8243; css=&#8221;.vc_custom_1485434902495{padding-top: 100px !important;padding-bottom: 100px !important;background-image: url(https:\/\/vegapas.com\/wp-content\/uploads\/2016\/07\/vegapas_qs_d8.png?id=12335) !important;background-position: center !important;background-repeat: no-repeat !important;background-size: contain !important;}&#8221; offset=&#8221;vc_col-lg-8 vc_col-md-7&#8243;][\/vc_column][vc_column width=&#8221;7\/12&#8243; css=&#8221;.vc_custom_1485333862074{padding-top: 50px !important;padding-right: 80px !important;padding-bottom: 40px !important;padding-left: 80px !important;background-color: #f7f7f7 !important;}&#8221; offset=&#8221;vc_col-lg-4 vc_col-md-5&#8243;][vc_custom_heading text=&#8221;04.&#8221; font_container=&#8221;tag:h6|font_size:90px|text_align:left|color:%230084cf|line_height:90px&#8221; use_theme_fonts=&#8221;yes&#8221; css=&#8221;.vc_custom_1485333907199{padding-bottom: 20px !important;}&#8221;][vc_column_text css_animation=&#8221;bottom-to-top&#8221; css=&#8221;.vc_custom_1487667294830{margin-bottom: 10px !important;}&#8221;]<\/p>\n<h4>Coscienza Sociale<\/h4>\n<p>[\/vc_column_text][vc_column_text css_animation=&#8221;bottom-to-top&#8221;]Per il gruppo costituisce una questione fondamentale il sostegno di eventi sportivi, sociali e solidali; la presenza in fiere locali, nazionali e internazionali, allo scopo di contribuire alla diffusione dei prodotti della Cantabria e allo sviluppo della regione.[\/vc_column_text][vc_separator color=&#8221;custom&#8221; align=&#8221;align_left&#8221; border_width=&#8221;2&#8243; el_width=&#8221;30&#8243; accent_color=&#8221;#0084cf&#8221;][\/vc_column][\/vc_row]<\/p>\n","protected":false},"excerpt":{"rendered":"<p>[vc_row css=&#8221;.vc_custom_1485250435904{margin-bottom: 0px !important;padding-top: 100px !important;padding-bottom: 100px !important;}&#8221;][vc_column offset=&#8221;vc_col-lg-offset-2 vc_col-lg-8 vc_col-md-offset-1 vc_col-md-10&#8243;][vc_column_text css_animation=&#8221;bottom-to-top&#8221;] Fatto di origini [\/vc_column_text][vc_column_text css_animation=&#8221;bottom-to-top&#8221; el_class=&#8221;dropcaps_9&#8243;]Proveniamo da una grande tradizione di panificazione,\u00a0le nostre origini nell\u2019ambito della panificazione&#8230;<\/p>\n","protected":false},"author":1,"featured_media":0,"parent":0,"menu_order":0,"comment_status":"closed","ping_status":"closed","template":"","meta":{"footnotes":""},"class_list":["post-12994","page","type-page","status-publish","hentry"],"yoast_head":"<!-- This site is optimized with the Yoast SEO plugin v24.8.1 - https:\/\/yoast.com\/wordpress\/plugins\/seo\/ -->\n<title>Chi siamo? - VEGA PAS<\/title>\n<meta name=\"description\" content=\"Vega Pas. Especialistas en la elaboraci\u00f3n y distribuci\u00f3n, a nivel nacional, de productos relacionados con la panader\u00eda y boller\u00eda, conservando una receta tradicional y cuidando la calidad de sus ingredientes.\" \/>\n<meta name=\"robots\" content=\"index, follow, max-snippet:-1, max-image-preview:large, max-video-preview:-1\" \/>\n<link rel=\"canonical\" href=\"https:\/\/vegapas.com\/it\/chi-siamo\/\" \/>\n<meta property=\"og:locale\" content=\"it_IT\" \/>\n<meta property=\"og:type\" content=\"article\" \/>\n<meta property=\"og:title\" content=\"Chi siamo? - VEGA PAS\" \/>\n<meta property=\"og:description\" content=\"Vega Pas. Especialistas en la elaboraci\u00f3n y distribuci\u00f3n, a nivel nacional, de productos relacionados con la panader\u00eda y boller\u00eda, conservando una receta tradicional y cuidando la calidad de sus ingredientes.\" \/>\n<meta property=\"og:url\" content=\"https:\/\/vegapas.com\/it\/chi-siamo\/\" \/>\n<meta property=\"og:site_name\" content=\"VEGA PAS\" \/>\n<meta property=\"article:publisher\" content=\"https:\/\/www.facebook.com\/vegapas\" \/>\n<meta property=\"article:modified_time\" content=\"2017-02-21T08:55:13+00:00\" \/>\n<meta name=\"twitter:card\" content=\"summary_large_image\" \/>\n<meta name=\"twitter:label1\" content=\"Tempo di lettura stimato\" \/>\n\t<meta name=\"twitter:data1\" content=\"7 minuti\" \/>\n<script type=\"application\/ld+json\" class=\"yoast-schema-graph\">{\"@context\":\"https:\/\/schema.org\",\"@graph\":[{\"@type\":\"WebPage\",\"@id\":\"https:\/\/vegapas.com\/it\/chi-siamo\/\",\"url\":\"https:\/\/vegapas.com\/it\/chi-siamo\/\",\"name\":\"Chi siamo? - VEGA PAS\",\"isPartOf\":{\"@id\":\"https:\/\/vegapas.com\/#website\"},\"datePublished\":\"2016-07-08T10:28:00+00:00\",\"dateModified\":\"2017-02-21T08:55:13+00:00\",\"description\":\"Vega Pas. Especialistas en la elaboraci\u00f3n y distribuci\u00f3n, a nivel nacional, de productos relacionados con la panader\u00eda y boller\u00eda, conservando una receta tradicional y cuidando la calidad de sus ingredientes.\",\"breadcrumb\":{\"@id\":\"https:\/\/vegapas.com\/it\/chi-siamo\/#breadcrumb\"},\"inLanguage\":\"it-IT\",\"potentialAction\":[{\"@type\":\"ReadAction\",\"target\":[\"https:\/\/vegapas.com\/it\/chi-siamo\/\"]}]},{\"@type\":\"BreadcrumbList\",\"@id\":\"https:\/\/vegapas.com\/it\/chi-siamo\/#breadcrumb\",\"itemListElement\":[{\"@type\":\"ListItem\",\"position\":1,\"name\":\"Portada\",\"item\":\"https:\/\/vegapas.com\/it\/\"},{\"@type\":\"ListItem\",\"position\":2,\"name\":\"Chi siamo?\"}]},{\"@type\":\"WebSite\",\"@id\":\"https:\/\/vegapas.com\/#website\",\"url\":\"https:\/\/vegapas.com\/\",\"name\":\"VEGA PAS\",\"description\":\"Productos pasiegos\",\"potentialAction\":[{\"@type\":\"SearchAction\",\"target\":{\"@type\":\"EntryPoint\",\"urlTemplate\":\"https:\/\/vegapas.com\/?s={search_term_string}\"},\"query-input\":{\"@type\":\"PropertyValueSpecification\",\"valueRequired\":true,\"valueName\":\"search_term_string\"}}],\"inLanguage\":\"it-IT\"}]}<\/script>\n<!-- \/ Yoast SEO plugin. -->","yoast_head_json":{"title":"Chi siamo? - VEGA PAS","description":"Vega Pas. Especialistas en la elaboraci\u00f3n y distribuci\u00f3n, a nivel nacional, de productos relacionados con la panader\u00eda y boller\u00eda, conservando una receta tradicional y cuidando la calidad de sus ingredientes.","robots":{"index":"index","follow":"follow","max-snippet":"max-snippet:-1","max-image-preview":"max-image-preview:large","max-video-preview":"max-video-preview:-1"},"canonical":"https:\/\/vegapas.com\/it\/chi-siamo\/","og_locale":"it_IT","og_type":"article","og_title":"Chi siamo? - VEGA PAS","og_description":"Vega Pas. Especialistas en la elaboraci\u00f3n y distribuci\u00f3n, a nivel nacional, de productos relacionados con la panader\u00eda y boller\u00eda, conservando una receta tradicional y cuidando la calidad de sus ingredientes.","og_url":"https:\/\/vegapas.com\/it\/chi-siamo\/","og_site_name":"VEGA PAS","article_publisher":"https:\/\/www.facebook.com\/vegapas","article_modified_time":"2017-02-21T08:55:13+00:00","twitter_card":"summary_large_image","twitter_misc":{"Tempo di lettura stimato":"7 minuti"},"schema":{"@context":"https:\/\/schema.org","@graph":[{"@type":"WebPage","@id":"https:\/\/vegapas.com\/it\/chi-siamo\/","url":"https:\/\/vegapas.com\/it\/chi-siamo\/","name":"Chi siamo? - VEGA PAS","isPartOf":{"@id":"https:\/\/vegapas.com\/#website"},"datePublished":"2016-07-08T10:28:00+00:00","dateModified":"2017-02-21T08:55:13+00:00","description":"Vega Pas. Especialistas en la elaboraci\u00f3n y distribuci\u00f3n, a nivel nacional, de productos relacionados con la panader\u00eda y boller\u00eda, conservando una receta tradicional y cuidando la calidad de sus ingredientes.","breadcrumb":{"@id":"https:\/\/vegapas.com\/it\/chi-siamo\/#breadcrumb"},"inLanguage":"it-IT","potentialAction":[{"@type":"ReadAction","target":["https:\/\/vegapas.com\/it\/chi-siamo\/"]}]},{"@type":"BreadcrumbList","@id":"https:\/\/vegapas.com\/it\/chi-siamo\/#breadcrumb","itemListElement":[{"@type":"ListItem","position":1,"name":"Portada","item":"https:\/\/vegapas.com\/it\/"},{"@type":"ListItem","position":2,"name":"Chi siamo?"}]},{"@type":"WebSite","@id":"https:\/\/vegapas.com\/#website","url":"https:\/\/vegapas.com\/","name":"VEGA PAS","description":"Productos pasiegos","potentialAction":[{"@type":"SearchAction","target":{"@type":"EntryPoint","urlTemplate":"https:\/\/vegapas.com\/?s={search_term_string}"},"query-input":{"@type":"PropertyValueSpecification","valueRequired":true,"valueName":"search_term_string"}}],"inLanguage":"it-IT"}]}},"_links":{"self":[{"href":"https:\/\/vegapas.com\/it\/wp-json\/wp\/v2\/pages\/12994","targetHints":{"allow":["GET"]}}],"collection":[{"href":"https:\/\/vegapas.com\/it\/wp-json\/wp\/v2\/pages"}],"about":[{"href":"https:\/\/vegapas.com\/it\/wp-json\/wp\/v2\/types\/page"}],"author":[{"embeddable":true,"href":"https:\/\/vegapas.com\/it\/wp-json\/wp\/v2\/users\/1"}],"replies":[{"embeddable":true,"href":"https:\/\/vegapas.com\/it\/wp-json\/wp\/v2\/comments?post=12994"}],"version-history":[{"count":0,"href":"https:\/\/vegapas.com\/it\/wp-json\/wp\/v2\/pages\/12994\/revisions"}],"wp:attachment":[{"href":"https:\/\/vegapas.com\/it\/wp-json\/wp\/v2\/media?parent=12994"}],"curies":[{"name":"wp","href":"https:\/\/api.w.org\/{rel}","templated":true}]}}