{"id":13282,"date":"2017-01-18T18:55:05","date_gmt":"2017-01-18T17:55:05","guid":{"rendered":"http:\/\/vegapas.com\/spanish-sponge-cake-pgi\/"},"modified":"2017-02-21T19:34:43","modified_gmt":"2017-02-21T18:34:43","slug":"pan-di-spagna-igp","status":"publish","type":"page","link":"https:\/\/vegapas.com\/it\/pan-di-spagna-igp\/","title":{"rendered":"Pan di Spagna IGP"},"content":{"rendered":"<p>[vc_row][vc_column][rev_slider_vc alias=&#8221;sobao-igp-es&#8221;][\/vc_column][\/vc_row][vc_row gap=&#8221;20&#8243; css=&#8221;.vc_custom_1485452659600{padding-top: 10px !important;padding-bottom: 50px !important;}&#8221;][vc_column width=&#8221;1\/3&#8243; css=&#8221;.vc_custom_1485454892387{padding-right: 30px !important;padding-left: 30px !important;}&#8221; el_class=&#8221;.linea_d&#8221;][vc_column_text css=&#8221;.vc_custom_1487697211703{margin-bottom: 20px !important;}&#8221;]<\/p>\n<h4 style=\"color: #0084cf; text-align: left;\">Pan di Spagna IGP<\/h4>\n<p>[\/vc_column_text][vc_column_text css=&#8221;.vc_custom_1487697222863{margin-bottom: 10px !important;}&#8221;]<\/p>\n<h6>\u00bfCos\u2019\u00e8 l\u2019IGP?<\/h6>\n<p>[\/vc_column_text][vc_column_text]<strong>INDICAZIONE GEOGRAFICA PROTETTA<\/strong>, questo indica che i nostri Pan di Spagna possiedono una QUALIT\u00c0 e una fama dovuti alla zona d\u2019origine nella quale vengono preparati, con con questo marchio saprai che \u00e8 stato preparato e confezionato nel comprensorio del Pas, una zona geografica delimitata dai fiumi Pas e Pisue\u00f1a, nella zona centrale dalla Regione Autonoma della Cantabria (Spagna).<\/p>\n<p>\u00c8 caratterizzato da un colore giallo intenso, dovuto all\u2019uso di un burro naturale al 100%, e da una tenera superficie di colore tostato. La sua consistenza \u00e8 densa, ma molto morbida e con un gusto dolce, dove il sapore predominante \u00e8 quello del burro[\/vc_column_text][vc_single_image image=&#8221;12398&#8243; img_size=&#8221;full&#8221; css=&#8221;.vc_custom_1485454839436{margin-top: 0px !important;padding-top: 0px !important;}&#8221;][\/vc_column][vc_column width=&#8221;1\/3&#8243; css=&#8221;.vc_custom_1485454899328{padding-right: 30px !important;padding-left: 30px !important;}&#8221;][vc_images_carousel images=&#8221;12416,12418,12417,12419&#8243; img_size=&#8221;full&#8221; onclick=&#8221;link_no&#8221; speed=&#8221;6000&#8243; autoplay=&#8221;yes&#8221; hide_pagination_control=&#8221;yes&#8221; wrap=&#8221;yes&#8221;][vc_toggle title=&#8221;Nutritional facts&#8221; style=&#8221;round&#8221; size=&#8221;sm&#8221; css_animation=&#8221;bottom-to-top&#8221; el_id=&#8221;1444218122099-8431298f-18ff&#8221;]<\/p>\n<h6>INGREDIENTS:<\/h6>\n<p><b>Wheat<\/b> flour (28%), <b>butter <\/b>(26 %), sugar,<b> egg <\/b>(21%), humectant (E-422), glucose syrup, dextrose. raising agent (E-450, E-500), Anti-caking agent (E-516), salt, preservative (E-202) and flavouring<\/p>\n<p>Contain:<\/p>\n<p>Cereals containing gluten:<b>\u00a0<\/b><b>Wheat<\/b>, <b>Eggs<\/b> and products thereof.\u00a0<b>Milk <\/b>and products thereof (including <b>lactose<\/b>). \u00a0May contain traces <b>soybean<\/b>s and products thereof.\u00a0Free from GMO<\/p>\n<p><img loading=\"lazy\" decoding=\"async\" class=\"alignnone wp-image-13155 size-full\" src=\"https:\/\/vegapas.com\/wp-content\/uploads\/2017\/01\/vegapas_nutricional_ing_igp2.gif\" width=\"297\" height=\"257\" \/>[\/vc_toggle][\/vc_column][vc_column width=&#8221;1\/3&#8243; css=&#8221;.vc_custom_1485454485962{padding-right: 30px !important;padding-left: 30px !important;}&#8221;][vc_column_text css=&#8221;.vc_custom_1487697168425{margin-bottom: 10px !important;}&#8221;]<\/p>\n<h6>Confezioni disponibili:<\/h6>\n<p>[\/vc_column_text][vc_single_image image=&#8221;13541&#8243; img_size=&#8221;full&#8221;][\/vc_column][\/vc_row]<\/p>\n","protected":false},"excerpt":{"rendered":"<p>[vc_row][vc_column][rev_slider_vc alias=&#8221;sobao-igp-es&#8221;][\/vc_column][\/vc_row][vc_row gap=&#8221;20&#8243; css=&#8221;.vc_custom_1485452659600{padding-top: 10px !important;padding-bottom: 50px !important;}&#8221;][vc_column width=&#8221;1\/3&#8243; css=&#8221;.vc_custom_1485454892387{padding-right: 30px !important;padding-left: 30px !important;}&#8221; el_class=&#8221;.linea_d&#8221;][vc_column_text css=&#8221;.vc_custom_1487697211703{margin-bottom: 20px !important;}&#8221;] Pan di Spagna IGP [\/vc_column_text][vc_column_text css=&#8221;.vc_custom_1487697222863{margin-bottom: 10px !important;}&#8221;] \u00bfCos\u2019\u00e8 l\u2019IGP? [\/vc_column_text][vc_column_text]INDICAZIONE GEOGRAFICA&#8230;<\/p>\n","protected":false},"author":1,"featured_media":0,"parent":0,"menu_order":0,"comment_status":"closed","ping_status":"closed","template":"","meta":{"footnotes":""},"class_list":["post-13282","page","type-page","status-publish","hentry"],"yoast_head":"<!-- This site is optimized with the Yoast SEO plugin v24.8.1 - https:\/\/yoast.com\/wordpress\/plugins\/seo\/ -->\n<title>Pan di Spagna IGP - VEGA PAS<\/title>\n<meta name=\"description\" content=\"Vega Pas. Especialistas en la elaboraci\u00f3n y distribuci\u00f3n, a nivel nacional, de productos relacionados con la panader\u00eda y boller\u00eda, conservando una receta tradicional y cuidando la calidad de sus ingredientes.\" \/>\n<meta name=\"robots\" content=\"index, follow, max-snippet:-1, max-image-preview:large, max-video-preview:-1\" \/>\n<link rel=\"canonical\" href=\"https:\/\/vegapas.com\/it\/pan-di-spagna-igp\/\" \/>\n<meta property=\"og:locale\" content=\"it_IT\" \/>\n<meta property=\"og:type\" content=\"article\" \/>\n<meta property=\"og:title\" content=\"Pan di Spagna IGP - VEGA PAS\" \/>\n<meta property=\"og:description\" content=\"Vega Pas. Especialistas en la elaboraci\u00f3n y distribuci\u00f3n, a nivel nacional, de productos relacionados con la panader\u00eda y boller\u00eda, conservando una receta tradicional y cuidando la calidad de sus ingredientes.\" \/>\n<meta property=\"og:url\" content=\"https:\/\/vegapas.com\/it\/pan-di-spagna-igp\/\" \/>\n<meta property=\"og:site_name\" content=\"VEGA PAS\" \/>\n<meta property=\"article:publisher\" content=\"https:\/\/www.facebook.com\/vegapas\" \/>\n<meta property=\"article:modified_time\" content=\"2017-02-21T18:34:43+00:00\" \/>\n<meta property=\"og:image\" content=\"https:\/\/vegapas.com\/wp-content\/uploads\/2017\/01\/vegapas_nutricional_ing_igp2.gif\" \/>\n<meta name=\"twitter:card\" content=\"summary_large_image\" \/>\n<meta name=\"twitter:label1\" content=\"Tempo di lettura stimato\" \/>\n\t<meta name=\"twitter:data1\" content=\"2 minuti\" \/>\n<script type=\"application\/ld+json\" class=\"yoast-schema-graph\">{\"@context\":\"https:\/\/schema.org\",\"@graph\":[{\"@type\":\"WebPage\",\"@id\":\"https:\/\/vegapas.com\/it\/pan-di-spagna-igp\/\",\"url\":\"https:\/\/vegapas.com\/it\/pan-di-spagna-igp\/\",\"name\":\"Pan di Spagna IGP - VEGA PAS\",\"isPartOf\":{\"@id\":\"https:\/\/vegapas.com\/#website\"},\"primaryImageOfPage\":{\"@id\":\"https:\/\/vegapas.com\/it\/pan-di-spagna-igp\/#primaryimage\"},\"image\":{\"@id\":\"https:\/\/vegapas.com\/it\/pan-di-spagna-igp\/#primaryimage\"},\"thumbnailUrl\":\"https:\/\/vegapas.com\/wp-content\/uploads\/2017\/01\/vegapas_nutricional_ing_igp2.gif\",\"datePublished\":\"2017-01-18T17:55:05+00:00\",\"dateModified\":\"2017-02-21T18:34:43+00:00\",\"description\":\"Vega Pas. Especialistas en la elaboraci\u00f3n y distribuci\u00f3n, a nivel nacional, de productos relacionados con la panader\u00eda y boller\u00eda, conservando una receta tradicional y cuidando la calidad de sus ingredientes.\",\"breadcrumb\":{\"@id\":\"https:\/\/vegapas.com\/it\/pan-di-spagna-igp\/#breadcrumb\"},\"inLanguage\":\"it-IT\",\"potentialAction\":[{\"@type\":\"ReadAction\",\"target\":[\"https:\/\/vegapas.com\/it\/pan-di-spagna-igp\/\"]}]},{\"@type\":\"ImageObject\",\"inLanguage\":\"it-IT\",\"@id\":\"https:\/\/vegapas.com\/it\/pan-di-spagna-igp\/#primaryimage\",\"url\":\"https:\/\/vegapas.com\/wp-content\/uploads\/2017\/01\/vegapas_nutricional_ing_igp2.gif\",\"contentUrl\":\"https:\/\/vegapas.com\/wp-content\/uploads\/2017\/01\/vegapas_nutricional_ing_igp2.gif\"},{\"@type\":\"BreadcrumbList\",\"@id\":\"https:\/\/vegapas.com\/it\/pan-di-spagna-igp\/#breadcrumb\",\"itemListElement\":[{\"@type\":\"ListItem\",\"position\":1,\"name\":\"Portada\",\"item\":\"https:\/\/vegapas.com\/it\/\"},{\"@type\":\"ListItem\",\"position\":2,\"name\":\"Pan di Spagna IGP\"}]},{\"@type\":\"WebSite\",\"@id\":\"https:\/\/vegapas.com\/#website\",\"url\":\"https:\/\/vegapas.com\/\",\"name\":\"VEGA PAS\",\"description\":\"Productos pasiegos\",\"potentialAction\":[{\"@type\":\"SearchAction\",\"target\":{\"@type\":\"EntryPoint\",\"urlTemplate\":\"https:\/\/vegapas.com\/?s={search_term_string}\"},\"query-input\":{\"@type\":\"PropertyValueSpecification\",\"valueRequired\":true,\"valueName\":\"search_term_string\"}}],\"inLanguage\":\"it-IT\"}]}<\/script>\n<!-- \/ Yoast SEO plugin. -->","yoast_head_json":{"title":"Pan di Spagna IGP - VEGA PAS","description":"Vega Pas. Especialistas en la elaboraci\u00f3n y distribuci\u00f3n, a nivel nacional, de productos relacionados con la panader\u00eda y boller\u00eda, conservando una receta tradicional y cuidando la calidad de sus ingredientes.","robots":{"index":"index","follow":"follow","max-snippet":"max-snippet:-1","max-image-preview":"max-image-preview:large","max-video-preview":"max-video-preview:-1"},"canonical":"https:\/\/vegapas.com\/it\/pan-di-spagna-igp\/","og_locale":"it_IT","og_type":"article","og_title":"Pan di Spagna IGP - VEGA PAS","og_description":"Vega Pas. Especialistas en la elaboraci\u00f3n y distribuci\u00f3n, a nivel nacional, de productos relacionados con la panader\u00eda y boller\u00eda, conservando una receta tradicional y cuidando la calidad de sus ingredientes.","og_url":"https:\/\/vegapas.com\/it\/pan-di-spagna-igp\/","og_site_name":"VEGA PAS","article_publisher":"https:\/\/www.facebook.com\/vegapas","article_modified_time":"2017-02-21T18:34:43+00:00","og_image":[{"url":"https:\/\/vegapas.com\/wp-content\/uploads\/2017\/01\/vegapas_nutricional_ing_igp2.gif","type":"","width":"","height":""}],"twitter_card":"summary_large_image","twitter_misc":{"Tempo di lettura stimato":"2 minuti"},"schema":{"@context":"https:\/\/schema.org","@graph":[{"@type":"WebPage","@id":"https:\/\/vegapas.com\/it\/pan-di-spagna-igp\/","url":"https:\/\/vegapas.com\/it\/pan-di-spagna-igp\/","name":"Pan di Spagna IGP - VEGA PAS","isPartOf":{"@id":"https:\/\/vegapas.com\/#website"},"primaryImageOfPage":{"@id":"https:\/\/vegapas.com\/it\/pan-di-spagna-igp\/#primaryimage"},"image":{"@id":"https:\/\/vegapas.com\/it\/pan-di-spagna-igp\/#primaryimage"},"thumbnailUrl":"https:\/\/vegapas.com\/wp-content\/uploads\/2017\/01\/vegapas_nutricional_ing_igp2.gif","datePublished":"2017-01-18T17:55:05+00:00","dateModified":"2017-02-21T18:34:43+00:00","description":"Vega Pas. Especialistas en la elaboraci\u00f3n y distribuci\u00f3n, a nivel nacional, de productos relacionados con la panader\u00eda y boller\u00eda, conservando una receta tradicional y cuidando la calidad de sus ingredientes.","breadcrumb":{"@id":"https:\/\/vegapas.com\/it\/pan-di-spagna-igp\/#breadcrumb"},"inLanguage":"it-IT","potentialAction":[{"@type":"ReadAction","target":["https:\/\/vegapas.com\/it\/pan-di-spagna-igp\/"]}]},{"@type":"ImageObject","inLanguage":"it-IT","@id":"https:\/\/vegapas.com\/it\/pan-di-spagna-igp\/#primaryimage","url":"https:\/\/vegapas.com\/wp-content\/uploads\/2017\/01\/vegapas_nutricional_ing_igp2.gif","contentUrl":"https:\/\/vegapas.com\/wp-content\/uploads\/2017\/01\/vegapas_nutricional_ing_igp2.gif"},{"@type":"BreadcrumbList","@id":"https:\/\/vegapas.com\/it\/pan-di-spagna-igp\/#breadcrumb","itemListElement":[{"@type":"ListItem","position":1,"name":"Portada","item":"https:\/\/vegapas.com\/it\/"},{"@type":"ListItem","position":2,"name":"Pan di Spagna IGP"}]},{"@type":"WebSite","@id":"https:\/\/vegapas.com\/#website","url":"https:\/\/vegapas.com\/","name":"VEGA PAS","description":"Productos pasiegos","potentialAction":[{"@type":"SearchAction","target":{"@type":"EntryPoint","urlTemplate":"https:\/\/vegapas.com\/?s={search_term_string}"},"query-input":{"@type":"PropertyValueSpecification","valueRequired":true,"valueName":"search_term_string"}}],"inLanguage":"it-IT"}]}},"_links":{"self":[{"href":"https:\/\/vegapas.com\/it\/wp-json\/wp\/v2\/pages\/13282","targetHints":{"allow":["GET"]}}],"collection":[{"href":"https:\/\/vegapas.com\/it\/wp-json\/wp\/v2\/pages"}],"about":[{"href":"https:\/\/vegapas.com\/it\/wp-json\/wp\/v2\/types\/page"}],"author":[{"embeddable":true,"href":"https:\/\/vegapas.com\/it\/wp-json\/wp\/v2\/users\/1"}],"replies":[{"embeddable":true,"href":"https:\/\/vegapas.com\/it\/wp-json\/wp\/v2\/comments?post=13282"}],"version-history":[{"count":0,"href":"https:\/\/vegapas.com\/it\/wp-json\/wp\/v2\/pages\/13282\/revisions"}],"wp:attachment":[{"href":"https:\/\/vegapas.com\/it\/wp-json\/wp\/v2\/media?parent=13282"}],"curies":[{"name":"wp","href":"https:\/\/api.w.org\/{rel}","templated":true}]}}