{"id":13300,"date":"2017-01-27T12:27:56","date_gmt":"2017-01-27T11:27:56","guid":{"rendered":"http:\/\/vegapas.com\/square-madeleines\/"},"modified":"2017-02-21T19:39:09","modified_gmt":"2017-02-21T18:39:09","slug":"madeleine-quadrata","status":"publish","type":"page","link":"https:\/\/vegapas.com\/it\/madeleine-quadrata\/","title":{"rendered":"Madeleine quadrata"},"content":{"rendered":"<p>[vc_row][vc_column][rev_slider_vc alias=&#8221;mag_cuadrada_es&#8221;][\/vc_column][\/vc_row][vc_row gap=&#8221;20&#8243; css=&#8221;.vc_custom_1485452659600{padding-top: 10px !important;padding-bottom: 50px !important;}&#8221;][vc_column width=&#8221;1\/3&#8243; css=&#8221;.vc_custom_1485516231968{padding-right: 30px !important;padding-left: 30px !important;}&#8221;][vc_column_text css=&#8221;.vc_custom_1487697465313{margin-bottom: 20px !important;}&#8221;]<\/p>\n<h4 style=\"color: #0084cf; text-align: left;\">Madeleine quadrata<\/h4>\n<p>[\/vc_column_text][vc_column_text]<strong>Ci sono due storie sulla sua origine, quale scegli?<\/strong><\/p>\n<p>Una racconta che l\u2019origine di questo dolce viene dalla mano di una giovane francese che cucinava con amore questa Madeleine per il re della Polonia Stanislao I, che possedeva un palazzo in terra francese.<\/p>\n<p>L\u2019altra risale ai Pellegrini che si recavano a Santiago di Compostela, laddove si racconta che una giovane chiamata Madeleine serviva ai Pellegrini dei dolcetti che avevano la forma di una conchiglia, che \u00e8 anche il simbolo di questo pellegrinaggio, estendendo cos\u00ec la tradizione di mangiare Maddalene per tutto il cammino di Santiago.[\/vc_column_text][\/vc_column][vc_column width=&#8221;1\/3&#8243; css=&#8221;.vc_custom_1485516241992{padding-right: 30px !important;padding-left: 30px !important;}&#8221; el_class=&#8221;.linea_i&#8221;][vc_single_image image=&#8221;12490&#8243; img_size=&#8221;full&#8221;][vc_toggle title=&#8221;Nutritional facts&#8221; style=&#8221;round&#8221; size=&#8221;sm&#8221; css_animation=&#8221;bottom-to-top&#8221; el_id=&#8221;1444218122099-8431298f-18ff&#8221;]<\/p>\n<h6>INGREDIENTS:<\/h6>\n<p>Wheat flour, sunflower oil, sugar, egg, glucose syrup, water, raising agent (E-450, E-500), anti-caking agent (E- 516), salt, preservatives (E-202, E-270), flavouring and acid (E-330).<\/p>\n<p>Contain:<\/p>\n<p>Cereals containing gluten: <b>Wheat<\/b>.\u00a0<b>Eggs <\/b>and products thereof.\u00a0<b>Milk <\/b>and products thereof (including lactose). May contain traces <b>soybeans<\/b> and products thereof.\u00a0Free from GMO.<\/p>\n<p><img loading=\"lazy\" decoding=\"async\" class=\"alignnone wp-image-13151 size-full\" src=\"https:\/\/vegapas.com\/wp-content\/uploads\/2017\/01\/vegapas_nutricional_ing_cuadrada2.gif\" width=\"297\" height=\"257\" \/>[\/vc_toggle][\/vc_column][vc_column width=&#8221;1\/3&#8243; css=&#8221;.vc_custom_1485454485962{padding-right: 30px !important;padding-left: 30px !important;}&#8221;][vc_column_text css=&#8221;.vc_custom_1487697421212{margin-bottom: 10px !important;}&#8221;]<\/p>\n<h6>Confezioni disponibili:<\/h6>\n<p>[\/vc_column_text][vc_single_image image=&#8221;13539&#8243; img_size=&#8221;full&#8221;][\/vc_column][\/vc_row]<\/p>\n","protected":false},"excerpt":{"rendered":"<p>[vc_row][vc_column][rev_slider_vc alias=&#8221;mag_cuadrada_es&#8221;][\/vc_column][\/vc_row][vc_row gap=&#8221;20&#8243; css=&#8221;.vc_custom_1485452659600{padding-top: 10px !important;padding-bottom: 50px !important;}&#8221;][vc_column width=&#8221;1\/3&#8243; css=&#8221;.vc_custom_1485516231968{padding-right: 30px !important;padding-left: 30px !important;}&#8221;][vc_column_text css=&#8221;.vc_custom_1487697465313{margin-bottom: 20px !important;}&#8221;] Madeleine quadrata [\/vc_column_text][vc_column_text]Ci sono due storie sulla sua origine, quale scegli? Una racconta&#8230;<\/p>\n","protected":false},"author":1,"featured_media":0,"parent":0,"menu_order":0,"comment_status":"closed","ping_status":"closed","template":"","meta":{"footnotes":""},"class_list":["post-13300","page","type-page","status-publish","hentry"],"yoast_head":"<!-- This site is optimized with the Yoast SEO plugin v24.8.1 - https:\/\/yoast.com\/wordpress\/plugins\/seo\/ -->\n<title>Madeleine quadrata - VEGA PAS<\/title>\n<meta name=\"description\" content=\"Vega Pas. Especialistas en la elaboraci\u00f3n y distribuci\u00f3n, a nivel nacional, de productos relacionados con la panader\u00eda y boller\u00eda, conservando una receta tradicional y cuidando la calidad de sus ingredientes.\" \/>\n<meta name=\"robots\" content=\"index, follow, max-snippet:-1, max-image-preview:large, max-video-preview:-1\" \/>\n<link rel=\"canonical\" href=\"https:\/\/vegapas.com\/it\/madeleine-quadrata\/\" \/>\n<meta property=\"og:locale\" content=\"it_IT\" \/>\n<meta property=\"og:type\" content=\"article\" \/>\n<meta property=\"og:title\" content=\"Madeleine quadrata - VEGA PAS\" \/>\n<meta property=\"og:description\" content=\"Vega Pas. Especialistas en la elaboraci\u00f3n y distribuci\u00f3n, a nivel nacional, de productos relacionados con la panader\u00eda y boller\u00eda, conservando una receta tradicional y cuidando la calidad de sus ingredientes.\" \/>\n<meta property=\"og:url\" content=\"https:\/\/vegapas.com\/it\/madeleine-quadrata\/\" \/>\n<meta property=\"og:site_name\" content=\"VEGA PAS\" \/>\n<meta property=\"article:publisher\" content=\"https:\/\/www.facebook.com\/vegapas\" \/>\n<meta property=\"article:modified_time\" content=\"2017-02-21T18:39:09+00:00\" \/>\n<meta property=\"og:image\" content=\"https:\/\/vegapas.com\/wp-content\/uploads\/2017\/01\/vegapas_nutricional_ing_cuadrada2.gif\" \/>\n<meta name=\"twitter:card\" content=\"summary_large_image\" \/>\n<meta name=\"twitter:label1\" content=\"Tempo di lettura stimato\" \/>\n\t<meta name=\"twitter:data1\" content=\"1 minuto\" \/>\n<script type=\"application\/ld+json\" class=\"yoast-schema-graph\">{\"@context\":\"https:\/\/schema.org\",\"@graph\":[{\"@type\":\"WebPage\",\"@id\":\"https:\/\/vegapas.com\/it\/madeleine-quadrata\/\",\"url\":\"https:\/\/vegapas.com\/it\/madeleine-quadrata\/\",\"name\":\"Madeleine quadrata - VEGA PAS\",\"isPartOf\":{\"@id\":\"https:\/\/vegapas.com\/#website\"},\"primaryImageOfPage\":{\"@id\":\"https:\/\/vegapas.com\/it\/madeleine-quadrata\/#primaryimage\"},\"image\":{\"@id\":\"https:\/\/vegapas.com\/it\/madeleine-quadrata\/#primaryimage\"},\"thumbnailUrl\":\"https:\/\/vegapas.com\/wp-content\/uploads\/2017\/01\/vegapas_nutricional_ing_cuadrada2.gif\",\"datePublished\":\"2017-01-27T11:27:56+00:00\",\"dateModified\":\"2017-02-21T18:39:09+00:00\",\"description\":\"Vega Pas. Especialistas en la elaboraci\u00f3n y distribuci\u00f3n, a nivel nacional, de productos relacionados con la panader\u00eda y boller\u00eda, conservando una receta tradicional y cuidando la calidad de sus ingredientes.\",\"breadcrumb\":{\"@id\":\"https:\/\/vegapas.com\/it\/madeleine-quadrata\/#breadcrumb\"},\"inLanguage\":\"it-IT\",\"potentialAction\":[{\"@type\":\"ReadAction\",\"target\":[\"https:\/\/vegapas.com\/it\/madeleine-quadrata\/\"]}]},{\"@type\":\"ImageObject\",\"inLanguage\":\"it-IT\",\"@id\":\"https:\/\/vegapas.com\/it\/madeleine-quadrata\/#primaryimage\",\"url\":\"https:\/\/vegapas.com\/wp-content\/uploads\/2017\/01\/vegapas_nutricional_ing_cuadrada2.gif\",\"contentUrl\":\"https:\/\/vegapas.com\/wp-content\/uploads\/2017\/01\/vegapas_nutricional_ing_cuadrada2.gif\"},{\"@type\":\"BreadcrumbList\",\"@id\":\"https:\/\/vegapas.com\/it\/madeleine-quadrata\/#breadcrumb\",\"itemListElement\":[{\"@type\":\"ListItem\",\"position\":1,\"name\":\"Portada\",\"item\":\"https:\/\/vegapas.com\/it\/\"},{\"@type\":\"ListItem\",\"position\":2,\"name\":\"Madeleine quadrata\"}]},{\"@type\":\"WebSite\",\"@id\":\"https:\/\/vegapas.com\/#website\",\"url\":\"https:\/\/vegapas.com\/\",\"name\":\"VEGA PAS\",\"description\":\"Productos pasiegos\",\"potentialAction\":[{\"@type\":\"SearchAction\",\"target\":{\"@type\":\"EntryPoint\",\"urlTemplate\":\"https:\/\/vegapas.com\/?s={search_term_string}\"},\"query-input\":{\"@type\":\"PropertyValueSpecification\",\"valueRequired\":true,\"valueName\":\"search_term_string\"}}],\"inLanguage\":\"it-IT\"}]}<\/script>\n<!-- \/ Yoast SEO plugin. -->","yoast_head_json":{"title":"Madeleine quadrata - VEGA PAS","description":"Vega Pas. Especialistas en la elaboraci\u00f3n y distribuci\u00f3n, a nivel nacional, de productos relacionados con la panader\u00eda y boller\u00eda, conservando una receta tradicional y cuidando la calidad de sus ingredientes.","robots":{"index":"index","follow":"follow","max-snippet":"max-snippet:-1","max-image-preview":"max-image-preview:large","max-video-preview":"max-video-preview:-1"},"canonical":"https:\/\/vegapas.com\/it\/madeleine-quadrata\/","og_locale":"it_IT","og_type":"article","og_title":"Madeleine quadrata - VEGA PAS","og_description":"Vega Pas. Especialistas en la elaboraci\u00f3n y distribuci\u00f3n, a nivel nacional, de productos relacionados con la panader\u00eda y boller\u00eda, conservando una receta tradicional y cuidando la calidad de sus ingredientes.","og_url":"https:\/\/vegapas.com\/it\/madeleine-quadrata\/","og_site_name":"VEGA PAS","article_publisher":"https:\/\/www.facebook.com\/vegapas","article_modified_time":"2017-02-21T18:39:09+00:00","og_image":[{"url":"https:\/\/vegapas.com\/wp-content\/uploads\/2017\/01\/vegapas_nutricional_ing_cuadrada2.gif","type":"","width":"","height":""}],"twitter_card":"summary_large_image","twitter_misc":{"Tempo di lettura stimato":"1 minuto"},"schema":{"@context":"https:\/\/schema.org","@graph":[{"@type":"WebPage","@id":"https:\/\/vegapas.com\/it\/madeleine-quadrata\/","url":"https:\/\/vegapas.com\/it\/madeleine-quadrata\/","name":"Madeleine quadrata - VEGA PAS","isPartOf":{"@id":"https:\/\/vegapas.com\/#website"},"primaryImageOfPage":{"@id":"https:\/\/vegapas.com\/it\/madeleine-quadrata\/#primaryimage"},"image":{"@id":"https:\/\/vegapas.com\/it\/madeleine-quadrata\/#primaryimage"},"thumbnailUrl":"https:\/\/vegapas.com\/wp-content\/uploads\/2017\/01\/vegapas_nutricional_ing_cuadrada2.gif","datePublished":"2017-01-27T11:27:56+00:00","dateModified":"2017-02-21T18:39:09+00:00","description":"Vega Pas. Especialistas en la elaboraci\u00f3n y distribuci\u00f3n, a nivel nacional, de productos relacionados con la panader\u00eda y boller\u00eda, conservando una receta tradicional y cuidando la calidad de sus ingredientes.","breadcrumb":{"@id":"https:\/\/vegapas.com\/it\/madeleine-quadrata\/#breadcrumb"},"inLanguage":"it-IT","potentialAction":[{"@type":"ReadAction","target":["https:\/\/vegapas.com\/it\/madeleine-quadrata\/"]}]},{"@type":"ImageObject","inLanguage":"it-IT","@id":"https:\/\/vegapas.com\/it\/madeleine-quadrata\/#primaryimage","url":"https:\/\/vegapas.com\/wp-content\/uploads\/2017\/01\/vegapas_nutricional_ing_cuadrada2.gif","contentUrl":"https:\/\/vegapas.com\/wp-content\/uploads\/2017\/01\/vegapas_nutricional_ing_cuadrada2.gif"},{"@type":"BreadcrumbList","@id":"https:\/\/vegapas.com\/it\/madeleine-quadrata\/#breadcrumb","itemListElement":[{"@type":"ListItem","position":1,"name":"Portada","item":"https:\/\/vegapas.com\/it\/"},{"@type":"ListItem","position":2,"name":"Madeleine quadrata"}]},{"@type":"WebSite","@id":"https:\/\/vegapas.com\/#website","url":"https:\/\/vegapas.com\/","name":"VEGA PAS","description":"Productos pasiegos","potentialAction":[{"@type":"SearchAction","target":{"@type":"EntryPoint","urlTemplate":"https:\/\/vegapas.com\/?s={search_term_string}"},"query-input":{"@type":"PropertyValueSpecification","valueRequired":true,"valueName":"search_term_string"}}],"inLanguage":"it-IT"}]}},"_links":{"self":[{"href":"https:\/\/vegapas.com\/it\/wp-json\/wp\/v2\/pages\/13300","targetHints":{"allow":["GET"]}}],"collection":[{"href":"https:\/\/vegapas.com\/it\/wp-json\/wp\/v2\/pages"}],"about":[{"href":"https:\/\/vegapas.com\/it\/wp-json\/wp\/v2\/types\/page"}],"author":[{"embeddable":true,"href":"https:\/\/vegapas.com\/it\/wp-json\/wp\/v2\/users\/1"}],"replies":[{"embeddable":true,"href":"https:\/\/vegapas.com\/it\/wp-json\/wp\/v2\/comments?post=13300"}],"version-history":[{"count":0,"href":"https:\/\/vegapas.com\/it\/wp-json\/wp\/v2\/pages\/13300\/revisions"}],"wp:attachment":[{"href":"https:\/\/vegapas.com\/it\/wp-json\/wp\/v2\/media?parent=13300"}],"curies":[{"name":"wp","href":"https:\/\/api.w.org\/{rel}","templated":true}]}}