{"id":12995,"date":"2016-07-08T12:28:00","date_gmt":"2016-07-08T10:28:00","guid":{"rendered":"http:\/\/vegapas.com\/quienes-somos\/"},"modified":"2017-02-21T09:43:06","modified_gmt":"2017-02-21T08:43:06","slug":"quem-somos","status":"publish","type":"page","link":"https:\/\/vegapas.com\/pt-pt\/quem-somos\/","title":{"rendered":"Quem somos?"},"content":{"rendered":"<p>[vc_row css=&#8221;.vc_custom_1485250435904{margin-bottom: 0px !important;padding-top: 100px !important;padding-bottom: 100px !important;}&#8221;][vc_column offset=&#8221;vc_col-lg-offset-2 vc_col-lg-8 vc_col-md-offset-1 vc_col-md-10&#8243;][vc_column_text css_animation=&#8221;bottom-to-top&#8221;]<\/p>\n<h2 style=\"text-align: left;\">Feito de origem<\/h2>\n<p>[\/vc_column_text][vc_column_text css_animation=&#8221;bottom-to-top&#8221; el_class=&#8221;dropcaps_9&#8243;]<strong>Vimos de uma grande tradi\u00e7\u00e3o padeira, <\/strong>as nossas origens na \u00e1rea da padaria e pastelaria tradicional remontam ao ano de 1940 com a aquisi\u00e7\u00e3o da padaria \u201c<strong>La Constancia\u201d<\/strong>\u00a0em Santander, na qual a\u00a0<strong>Fam\u00edlia Coria Gallegos <\/strong>trabalhou durante d\u00e9cadas pelo crescimento de um sonho familiar. Na d\u00e9cada dos 70 comprou-se a empresa <strong>\u201cPanader\u00edas C\u00e1ntabras\u201d<\/strong>\u00a0para ampliar capacidade produtiva e atender as necessidades dos nossos clientes.<\/p>\n<h6 style=\"color: #0084cf; text-align: left;\">Vega Pelayo<\/h6>\n<p>Nos anos 90, com um relevo de gera\u00e7\u00e3o em andamento, a nova fam\u00edlia\u00a0<strong>Coria R\u00edos<\/strong>\u00a0decide aumentar a sua linha de neg\u00f3cio pela vertente da pastelaria, apostando na fabrica\u00e7\u00e3o artesanal de produtos da Cant\u00e1bria, unindo ao grupo de empresas existentes uma pequena pastelaria de Sobaos Pasiegos chamada\u00a0<strong>\u201cVega Pelayo S.L.\u201d <\/strong>localizada em Santander. Dada a procura do mercado transfere-se no final desta d\u00e9cada esta pastelaria para o Pol\u00edgono Industrial de Guarnizo, para ampliar a capacidade produtiva e contar com umas instala\u00e7\u00f5es na vanguarda da tecnologia.[\/vc_column_text][\/vc_column][\/vc_row][vc_row full_width=&#8221;stretch_row_content_no_spaces&#8221; equal_height=&#8221;yes&#8221; css=&#8221;.vc_custom_1485254233602{margin-bottom: 0px !important;background-color: #0084cf !important;}&#8221;][vc_column width=&#8221;1\/3&#8243; css=&#8221;.vc_custom_1485254885715{padding-top: 200px !important;padding-bottom: 200px !important;background-image: url(https:\/\/vegapas.com\/wp-content\/uploads\/2016\/07\/vega_pas_banners_fondo_fabrica.jpg?id=12151) !important;background-position: center !important;background-repeat: no-repeat !important;background-size: cover !important;}&#8221;][\/vc_column][vc_column width=&#8221;2\/3&#8243; css=&#8221;.vc_custom_1485252507606{padding-top: 70px !important;padding-right: 10% !important;padding-bottom: 40px !important;padding-left: 10% !important;}&#8221;][vc_column_text css_animation=&#8221;bottom-to-top&#8221;]<\/p>\n<h3 style=\"color: #fff;\">Cuidamos de si cuidando os nossos produtos<\/h3>\n<p>[\/vc_column_text][vc_column_text css_animation=&#8221;bottom-to-top&#8221;]<\/p>\n<p style=\"color: #fff;\">Hoje em dia, os nossos produtos est\u00e3o presentes em todo o territ\u00f3rio nacional, nas principais lojas de todo o pa\u00eds. Fabricamos com a nossa marca Vega Pas, como tamb\u00e9m para a marca do distribuidor.<\/p>\n<h6 style=\"color: #fff; text-align: left;\">Certifica\u00e7\u00f5es de Qualidade<\/h6>\n<p style=\"color: #fff;\">No ano 2014 certificamo-nos conjuntamente pela primeira vez nas normas internacionais de qualidade: \u00a0 <span style=\"background-color: #fff; color: #0084cf;\">\u00a0International Food Standard \u2013 IFS \u00a0<\/span> e <span style=\"background-color: #fff; color: #0084cf;\"> \u00a0British Retail Consortium \u2013 BRC \u00a0<\/span>. Normas que marcam as nossas opera\u00e7\u00f5es como empresa para cumprir os objetivos de qualidade de todos os nossos clientes.<\/p>\n<p>[\/vc_column_text][vc_separator color=&#8221;custom&#8221; align=&#8221;align_left&#8221; accent_color=&#8221;#eeeeee&#8221; css=&#8221;.vc_custom_1485252422983{padding-top: 20px !important;padding-bottom: 20px !important;}&#8221;][vc_row_inner gap=&#8221;30&#8243; css=&#8221;.vc_custom_1485252446989{margin-bottom: 0px !important;}&#8221;][vc_column_inner width=&#8221;1\/2&#8243;][vc_single_image image=&#8221;12148&#8243; img_size=&#8221;large&#8221; alignment=&#8221;center&#8221;][\/vc_column_inner][vc_column_inner width=&#8221;1\/2&#8243;][vc_single_image image=&#8221;12149&#8243; img_size=&#8221;large&#8221; alignment=&#8221;center&#8221;][\/vc_column_inner][\/vc_row_inner][\/vc_column][\/vc_row][vc_row css=&#8221;.vc_custom_1485253169481{padding-top: 40px !important;padding-bottom: 30px !important;}&#8221;][vc_column][vc_column_text css_animation=&#8221;bottom-to-top&#8221;]<\/p>\n<h6 style=\"color: #0084cf; text-align: center; margin-bottom: 0px;\">Somos feitos de 4 ingredientes b\u00e1sicos:<\/h6>\n<h3 style=\"text-align: center; line-height: 24px;\">Talento, Ilus\u00e3o, Inova\u00e7\u00e3o e Consci\u00eancia Social<\/h3>\n<p>[\/vc_column_text][\/vc_column][\/vc_row][vc_row full_width=&#8221;stretch_row_content&#8221; gap=&#8221;30&#8243; equal_height=&#8221;yes&#8221; css=&#8221;.vc_custom_1468522568669{margin-bottom: 0px !important;padding-right: 15px !important;padding-left: 15px !important;}&#8221;][vc_column width=&#8221;5\/12&#8243; css=&#8221;.vc_custom_1485278380356{padding-top: 50px !important;padding-right: 80px !important;padding-bottom: 40px !important;padding-left: 80px !important;background-color: #f7f7f7 !important;}&#8221; offset=&#8221;vc_col-lg-4 vc_col-md-5&#8243;][vc_custom_heading text=&#8221;01.&#8221; font_container=&#8221;tag:h6|font_size:90px|text_align:left|color:%230084cf|line_height:90px&#8221; use_theme_fonts=&#8221;yes&#8221; css=&#8221;.vc_custom_1485278206519{padding-bottom: 20px !important;}&#8221;][vc_column_text css_animation=&#8221;bottom-to-top&#8221; css=&#8221;.vc_custom_1485278353040{margin-bottom: 10px !important;}&#8221;]<\/p>\n<h4>Talento<\/h4>\n<p>[\/vc_column_text][vc_column_text css_animation=&#8221;bottom-to-top&#8221;]O importante s\u00e3o as pessoas, o trabalho \u00e9 feito pelas pessoas, acreditamos firmemente que os <strong>nossos colaboradores s\u00e3o parte do nosso projeto<\/strong>\u00a0e que cada pessoa possui a capacidade de contribuir atrav\u00e9s da sua \u00e1rea ou posto de trabalho.[\/vc_column_text][vc_separator color=&#8221;custom&#8221; align=&#8221;align_left&#8221; border_width=&#8221;2&#8243; el_width=&#8221;30&#8243; accent_color=&#8221;#0084cf&#8221;][\/vc_column][vc_column css_animation=&#8221;bottom-to-top&#8221; width=&#8221;7\/12&#8243; css=&#8221;.vc_custom_1485344251029{padding-top: 100px !important;padding-bottom: 100px !important;background-image: url(https:\/\/vegapas.com\/wp-content\/uploads\/2016\/07\/vegapas_qs_d4.png?id=12223) !important;background-position: center !important;background-repeat: no-repeat !important;background-size: contain !important;}&#8221; offset=&#8221;vc_col-lg-8 vc_col-md-7&#8243;][\/vc_column][\/vc_row][vc_row full_width=&#8221;stretch_row_content_no_spaces&#8221; gap=&#8221;30&#8243; equal_height=&#8221;yes&#8221; css=&#8221;.vc_custom_1468522602118{margin-bottom: 0px !important;padding-right: 15px !important;padding-left: 15px !important;}&#8221;][vc_column css_animation=&#8221;bottom-to-top&#8221; width=&#8221;5\/12&#8243; css=&#8221;.vc_custom_1485349106139{padding-top: 100px !important;padding-bottom: 100px !important;background-image: url(https:\/\/vegapas.com\/wp-content\/uploads\/2016\/07\/vegapas_qs_d6.png?id=12246) !important;background-position: center !important;background-repeat: no-repeat !important;background-size: contain !important;}&#8221; offset=&#8221;vc_col-lg-8 vc_col-md-7&#8243;][\/vc_column][vc_column width=&#8221;7\/12&#8243; css=&#8221;.vc_custom_1485333839372{padding-top: 50px !important;padding-right: 80px !important;padding-bottom: 40px !important;padding-left: 80px !important;background-color: #f7f7f7 !important;}&#8221; offset=&#8221;vc_col-lg-4 vc_col-md-5&#8243;][vc_custom_heading text=&#8221;02.&#8221; font_container=&#8221;tag:h6|font_size:90px|text_align:left|color:%230084cf|line_height:90px&#8221; use_theme_fonts=&#8221;yes&#8221; css=&#8221;.vc_custom_1485333876228{padding-bottom: 20px !important;}&#8221;][vc_column_text css_animation=&#8221;bottom-to-top&#8221; css=&#8221;.vc_custom_1487666512034{margin-bottom: 10px !important;}&#8221;]<\/p>\n<h4>Ilus\u00e3o<\/h4>\n<p>[\/vc_column_text][vc_column_text css_animation=&#8221;bottom-to-top&#8221;]<strong>Estamos preparados para os novos desafios.\u00a0<\/strong>A Vega Pelayo tem uma aposta clara de crescimento atrav\u00e9s do aumento da sua presen\u00e7a nos mercados exteriores, e preparamo-nos no dia-a-dia para cumprir as necessidades e exig\u00eancias destes novos clientes.[\/vc_column_text][vc_separator color=&#8221;custom&#8221; align=&#8221;align_left&#8221; border_width=&#8221;2&#8243; el_width=&#8221;30&#8243; accent_color=&#8221;#0084cf&#8221;][\/vc_column][\/vc_row][vc_row full_width=&#8221;stretch_row_content_no_spaces&#8221; gap=&#8221;30&#8243; equal_height=&#8221;yes&#8221; css=&#8221;.vc_custom_1468522619813{margin-bottom: 0px !important;padding-right: 15px !important;padding-left: 15px !important;}&#8221;][vc_column width=&#8221;7\/12&#8243; css=&#8221;.vc_custom_1485333850260{padding-top: 50px !important;padding-right: 80px !important;padding-bottom: 40px !important;padding-left: 80px !important;background-color: #f7f7f7 !important;}&#8221; offset=&#8221;vc_col-lg-4 vc_col-md-5&#8243;][vc_custom_heading text=&#8221;03.&#8221; font_container=&#8221;tag:h6|font_size:90px|text_align:left|color:%230084cf|line_height:90px&#8221; use_theme_fonts=&#8221;yes&#8221; css=&#8221;.vc_custom_1485333891596{padding-bottom: 20px !important;}&#8221;][vc_column_text css_animation=&#8221;bottom-to-top&#8221; css=&#8221;.vc_custom_1487666542690{margin-bottom: 10px !important;}&#8221;]<\/p>\n<h4>Inova\u00e7\u00e3o<\/h4>\n<p>[\/vc_column_text][vc_column_text css_animation=&#8221;bottom-to-top&#8221;]Queremos ser protagonistas no futuro do sector agroalimentar, apostando decididamente na inova\u00e7\u00e3o na pesquisa de processos e produtos mais eficientes utilizando a tecnologia, ferramenta que facilita a nossa posi\u00e7\u00e3o no mercado.[\/vc_column_text][vc_separator color=&#8221;custom&#8221; align=&#8221;align_left&#8221; border_width=&#8221;2&#8243; el_width=&#8221;30&#8243; accent_color=&#8221;#0084cf&#8221;][\/vc_column][vc_column css_animation=&#8221;bottom-to-top&#8221; width=&#8221;5\/12&#8243; css=&#8221;.vc_custom_1485352258756{padding-top: 100px !important;padding-bottom: 100px !important;background-image: url(https:\/\/vegapas.com\/wp-content\/uploads\/2016\/07\/vegapas_qs_d7.png?id=12248) !important;background-position: center !important;background-repeat: no-repeat !important;background-size: contain !important;}&#8221; offset=&#8221;vc_col-lg-8 vc_col-md-7&#8243;][\/vc_column][\/vc_row][vc_row full_width=&#8221;stretch_row_content_no_spaces&#8221; gap=&#8221;30&#8243; equal_height=&#8221;yes&#8221; css=&#8221;.vc_custom_1468522627637{margin-bottom: 0px !important;padding-right: 15px !important;padding-left: 15px !important;}&#8221;][vc_column css_animation=&#8221;bottom-to-top&#8221; width=&#8221;5\/12&#8243; css=&#8221;.vc_custom_1485434902495{padding-top: 100px !important;padding-bottom: 100px !important;background-image: url(https:\/\/vegapas.com\/wp-content\/uploads\/2016\/07\/vegapas_qs_d8.png?id=12335) !important;background-position: center !important;background-repeat: no-repeat !important;background-size: contain !important;}&#8221; offset=&#8221;vc_col-lg-8 vc_col-md-7&#8243;][\/vc_column][vc_column width=&#8221;7\/12&#8243; css=&#8221;.vc_custom_1485333862074{padding-top: 50px !important;padding-right: 80px !important;padding-bottom: 40px !important;padding-left: 80px !important;background-color: #f7f7f7 !important;}&#8221; offset=&#8221;vc_col-lg-4 vc_col-md-5&#8243;][vc_custom_heading text=&#8221;04.&#8221; font_container=&#8221;tag:h6|font_size:90px|text_align:left|color:%230084cf|line_height:90px&#8221; use_theme_fonts=&#8221;yes&#8221; css=&#8221;.vc_custom_1485333907199{padding-bottom: 20px !important;}&#8221;][vc_column_text css_animation=&#8221;bottom-to-top&#8221; css=&#8221;.vc_custom_1487666570928{margin-bottom: 10px !important;}&#8221;]<\/p>\n<h4>Consci\u00eancia Social<\/h4>\n<p>[\/vc_column_text][vc_column_text css_animation=&#8221;bottom-to-top&#8221;]O grupo tem como premissa o apoio a eventos desportivos, sociais e de car\u00e1cter solid\u00e1rio; presen\u00e7a em feiras locais, nacionais e internacionais com o fim de contribuir para a difus\u00e3o dos produtos da Cant\u00e1bria e para o desenvolvimento da regi\u00e3o.[\/vc_column_text][vc_separator color=&#8221;custom&#8221; align=&#8221;align_left&#8221; border_width=&#8221;2&#8243; el_width=&#8221;30&#8243; accent_color=&#8221;#0084cf&#8221;][\/vc_column][\/vc_row]<\/p>\n","protected":false},"excerpt":{"rendered":"<p>[vc_row css=&#8221;.vc_custom_1485250435904{margin-bottom: 0px !important;padding-top: 100px !important;padding-bottom: 100px !important;}&#8221;][vc_column offset=&#8221;vc_col-lg-offset-2 vc_col-lg-8 vc_col-md-offset-1 vc_col-md-10&#8243;][vc_column_text css_animation=&#8221;bottom-to-top&#8221;] Feito de origem [\/vc_column_text][vc_column_text css_animation=&#8221;bottom-to-top&#8221; el_class=&#8221;dropcaps_9&#8243;]Vimos de uma grande tradi\u00e7\u00e3o padeira, as nossas origens na \u00e1rea da&#8230;<\/p>\n","protected":false},"author":1,"featured_media":0,"parent":0,"menu_order":0,"comment_status":"closed","ping_status":"closed","template":"","meta":{"footnotes":""},"class_list":["post-12995","page","type-page","status-publish","hentry"],"yoast_head":"<!-- This site is optimized with the Yoast SEO plugin v24.8.1 - https:\/\/yoast.com\/wordpress\/plugins\/seo\/ -->\n<title>Quem somos? - VEGA PAS<\/title>\n<meta name=\"description\" content=\"Vega Pas. Especialistas en la elaboraci\u00f3n y distribuci\u00f3n, a nivel nacional, de productos relacionados con la panader\u00eda y boller\u00eda, conservando una receta tradicional y cuidando la calidad de sus ingredientes.\" \/>\n<meta name=\"robots\" content=\"index, follow, max-snippet:-1, max-image-preview:large, max-video-preview:-1\" \/>\n<link rel=\"canonical\" href=\"https:\/\/vegapas.com\/pt-pt\/quem-somos\/\" \/>\n<meta property=\"og:locale\" content=\"pt_PT\" \/>\n<meta property=\"og:type\" content=\"article\" \/>\n<meta property=\"og:title\" content=\"Quem somos? - VEGA PAS\" \/>\n<meta property=\"og:description\" content=\"Vega Pas. Especialistas en la elaboraci\u00f3n y distribuci\u00f3n, a nivel nacional, de productos relacionados con la panader\u00eda y boller\u00eda, conservando una receta tradicional y cuidando la calidad de sus ingredientes.\" \/>\n<meta property=\"og:url\" content=\"https:\/\/vegapas.com\/pt-pt\/quem-somos\/\" \/>\n<meta property=\"og:site_name\" content=\"VEGA PAS\" \/>\n<meta property=\"article:publisher\" content=\"https:\/\/www.facebook.com\/vegapas\" \/>\n<meta property=\"article:modified_time\" content=\"2017-02-21T08:43:06+00:00\" \/>\n<meta name=\"twitter:card\" content=\"summary_large_image\" \/>\n<meta name=\"twitter:label1\" content=\"Tempo estimado de leitura\" \/>\n\t<meta name=\"twitter:data1\" content=\"7 minutos\" \/>\n<script type=\"application\/ld+json\" class=\"yoast-schema-graph\">{\"@context\":\"https:\/\/schema.org\",\"@graph\":[{\"@type\":\"WebPage\",\"@id\":\"https:\/\/vegapas.com\/pt-pt\/quem-somos\/\",\"url\":\"https:\/\/vegapas.com\/pt-pt\/quem-somos\/\",\"name\":\"Quem somos? - VEGA PAS\",\"isPartOf\":{\"@id\":\"https:\/\/vegapas.com\/#website\"},\"datePublished\":\"2016-07-08T10:28:00+00:00\",\"dateModified\":\"2017-02-21T08:43:06+00:00\",\"description\":\"Vega Pas. Especialistas en la elaboraci\u00f3n y distribuci\u00f3n, a nivel nacional, de productos relacionados con la panader\u00eda y boller\u00eda, conservando una receta tradicional y cuidando la calidad de sus ingredientes.\",\"breadcrumb\":{\"@id\":\"https:\/\/vegapas.com\/pt-pt\/quem-somos\/#breadcrumb\"},\"inLanguage\":\"pt-PT\",\"potentialAction\":[{\"@type\":\"ReadAction\",\"target\":[\"https:\/\/vegapas.com\/pt-pt\/quem-somos\/\"]}]},{\"@type\":\"BreadcrumbList\",\"@id\":\"https:\/\/vegapas.com\/pt-pt\/quem-somos\/#breadcrumb\",\"itemListElement\":[{\"@type\":\"ListItem\",\"position\":1,\"name\":\"Portada\",\"item\":\"https:\/\/vegapas.com\/pt-pt\/\"},{\"@type\":\"ListItem\",\"position\":2,\"name\":\"Quem somos?\"}]},{\"@type\":\"WebSite\",\"@id\":\"https:\/\/vegapas.com\/#website\",\"url\":\"https:\/\/vegapas.com\/\",\"name\":\"VEGA PAS\",\"description\":\"Productos pasiegos\",\"potentialAction\":[{\"@type\":\"SearchAction\",\"target\":{\"@type\":\"EntryPoint\",\"urlTemplate\":\"https:\/\/vegapas.com\/?s={search_term_string}\"},\"query-input\":{\"@type\":\"PropertyValueSpecification\",\"valueRequired\":true,\"valueName\":\"search_term_string\"}}],\"inLanguage\":\"pt-PT\"}]}<\/script>\n<!-- \/ Yoast SEO plugin. -->","yoast_head_json":{"title":"Quem somos? - VEGA PAS","description":"Vega Pas. Especialistas en la elaboraci\u00f3n y distribuci\u00f3n, a nivel nacional, de productos relacionados con la panader\u00eda y boller\u00eda, conservando una receta tradicional y cuidando la calidad de sus ingredientes.","robots":{"index":"index","follow":"follow","max-snippet":"max-snippet:-1","max-image-preview":"max-image-preview:large","max-video-preview":"max-video-preview:-1"},"canonical":"https:\/\/vegapas.com\/pt-pt\/quem-somos\/","og_locale":"pt_PT","og_type":"article","og_title":"Quem somos? - VEGA PAS","og_description":"Vega Pas. Especialistas en la elaboraci\u00f3n y distribuci\u00f3n, a nivel nacional, de productos relacionados con la panader\u00eda y boller\u00eda, conservando una receta tradicional y cuidando la calidad de sus ingredientes.","og_url":"https:\/\/vegapas.com\/pt-pt\/quem-somos\/","og_site_name":"VEGA PAS","article_publisher":"https:\/\/www.facebook.com\/vegapas","article_modified_time":"2017-02-21T08:43:06+00:00","twitter_card":"summary_large_image","twitter_misc":{"Tempo estimado de leitura":"7 minutos"},"schema":{"@context":"https:\/\/schema.org","@graph":[{"@type":"WebPage","@id":"https:\/\/vegapas.com\/pt-pt\/quem-somos\/","url":"https:\/\/vegapas.com\/pt-pt\/quem-somos\/","name":"Quem somos? - VEGA PAS","isPartOf":{"@id":"https:\/\/vegapas.com\/#website"},"datePublished":"2016-07-08T10:28:00+00:00","dateModified":"2017-02-21T08:43:06+00:00","description":"Vega Pas. Especialistas en la elaboraci\u00f3n y distribuci\u00f3n, a nivel nacional, de productos relacionados con la panader\u00eda y boller\u00eda, conservando una receta tradicional y cuidando la calidad de sus ingredientes.","breadcrumb":{"@id":"https:\/\/vegapas.com\/pt-pt\/quem-somos\/#breadcrumb"},"inLanguage":"pt-PT","potentialAction":[{"@type":"ReadAction","target":["https:\/\/vegapas.com\/pt-pt\/quem-somos\/"]}]},{"@type":"BreadcrumbList","@id":"https:\/\/vegapas.com\/pt-pt\/quem-somos\/#breadcrumb","itemListElement":[{"@type":"ListItem","position":1,"name":"Portada","item":"https:\/\/vegapas.com\/pt-pt\/"},{"@type":"ListItem","position":2,"name":"Quem somos?"}]},{"@type":"WebSite","@id":"https:\/\/vegapas.com\/#website","url":"https:\/\/vegapas.com\/","name":"VEGA PAS","description":"Productos pasiegos","potentialAction":[{"@type":"SearchAction","target":{"@type":"EntryPoint","urlTemplate":"https:\/\/vegapas.com\/?s={search_term_string}"},"query-input":{"@type":"PropertyValueSpecification","valueRequired":true,"valueName":"search_term_string"}}],"inLanguage":"pt-PT"}]}},"_links":{"self":[{"href":"https:\/\/vegapas.com\/pt-pt\/wp-json\/wp\/v2\/pages\/12995","targetHints":{"allow":["GET"]}}],"collection":[{"href":"https:\/\/vegapas.com\/pt-pt\/wp-json\/wp\/v2\/pages"}],"about":[{"href":"https:\/\/vegapas.com\/pt-pt\/wp-json\/wp\/v2\/types\/page"}],"author":[{"embeddable":true,"href":"https:\/\/vegapas.com\/pt-pt\/wp-json\/wp\/v2\/users\/1"}],"replies":[{"embeddable":true,"href":"https:\/\/vegapas.com\/pt-pt\/wp-json\/wp\/v2\/comments?post=12995"}],"version-history":[{"count":0,"href":"https:\/\/vegapas.com\/pt-pt\/wp-json\/wp\/v2\/pages\/12995\/revisions"}],"wp:attachment":[{"href":"https:\/\/vegapas.com\/pt-pt\/wp-json\/wp\/v2\/media?parent=12995"}],"curies":[{"name":"wp","href":"https:\/\/api.w.org\/{rel}","templated":true}]}}