{"id":13230,"date":"2017-01-27T09:42:16","date_gmt":"2017-01-27T08:42:16","guid":{"rendered":"http:\/\/vegapas.com\/puff-pastry-ties\/"},"modified":"2017-02-21T19:20:01","modified_gmt":"2017-02-21T18:20:01","slug":"gravatas-folhadas","status":"publish","type":"page","link":"https:\/\/vegapas.com\/pt-pt\/gravatas-folhadas\/","title":{"rendered":"Gravatas folhadas"},"content":{"rendered":"<p>[vc_row][vc_column][rev_slider_vc alias=&#8221;corbatas_es&#8221;][\/vc_column][\/vc_row][vc_row gap=&#8221;20&#8243; css=&#8221;.vc_custom_1485452659600{padding-top: 10px !important;padding-bottom: 50px !important;}&#8221;][vc_column width=&#8221;1\/3&#8243; css=&#8221;.vc_custom_1485454892387{padding-right: 30px !important;padding-left: 30px !important;}&#8221; el_class=&#8221;.linea_d&#8221;][vc_column_text css=&#8221;.vc_custom_1487696262940{margin-bottom: 20px !important;}&#8221;]<\/p>\n<h4 style=\"color: #0084cf; text-align: left;\">Gravatas folhadas<\/h4>\n<p>[\/vc_column_text][vc_column_text]Este produto \u00e9 o fruto da uni\u00e3o de uns ingredientes b\u00e1sicos (manteiga, ovos e farinha) em conjunto com uma tradi\u00e7\u00e3o de excelentes folhados da regi\u00e3o. Esta uni\u00e3o conduziu a uma obra de arte gastron\u00f3mica: as gravatas folhadas. A gravata VegaPas tem a camada superior coberta com um banho de glac\u00e9 com am\u00eandoas picadas, o que lhe d\u00e1 um aspeto singular e um sabor doce. Para manter intacta esta obra de arte desde a sua elabora\u00e7\u00e3o at\u00e9 ao primeiro mordisco, o produto \u00e9 embalado individualmente.[\/vc_column_text][\/vc_column][vc_column width=&#8221;1\/3&#8243; css=&#8221;.vc_custom_1485454899328{padding-right: 30px !important;padding-left: 30px !important;}&#8221;][vc_images_carousel images=&#8221;12441,12440&#8243; img_size=&#8221;full&#8221; onclick=&#8221;link_no&#8221; speed=&#8221;6000&#8243; autoplay=&#8221;yes&#8221; hide_pagination_control=&#8221;yes&#8221; wrap=&#8221;yes&#8221;][vc_toggle title=&#8221;Nutritional facts&#8221; style=&#8221;round&#8221; size=&#8221;sm&#8221; css_animation=&#8221;bottom-to-top&#8221; el_id=&#8221;1444218122099-8431298f-18ff&#8221;]<\/p>\n<h6>INGREDIENTS:<\/h6>\n<p><b>Wheat <\/b>flour, margarine [vegetable fats and oils (partially hydrogenated palm fat, partially hydrogenated <b>soybean<\/b>, sunflower, colza and maize oils in varying proportions, palm fat), emulsifiers (E-471, E-322-soy lecithin), acidulant (E-330, E-331), salt, preservative (E-202), flavouring and colour (E-160a) sugar, water, <b>butter (10%), egg<\/b> white, <b>almond <\/b>(1%), salt, yeast, corn starch and flavouring.<\/p>\n<p>Contain:\u00a0Cereals containing gluten: <b>Wheat,\u00a0<\/b><b>Eggs <\/b>and products thereof.\u00a0<b>Milk<\/b> and products thereof (including <b>lactose<\/b>). \u00a0May contain traces <b>soybeans<\/b> and products thereof.\u00a0Free from GMO<\/p>\n<p><img loading=\"lazy\" decoding=\"async\" class=\"alignnone wp-image-13149 size-full\" src=\"https:\/\/vegapas.com\/wp-content\/uploads\/2017\/01\/vegapas_nutricional_ing_corbata2.gif\" width=\"297\" height=\"257\" \/>[\/vc_toggle][\/vc_column][vc_column width=&#8221;1\/3&#8243; css=&#8221;.vc_custom_1485454485962{padding-right: 30px !important;padding-left: 30px !important;}&#8221;][vc_column_text css=&#8221;.vc_custom_1487696139134{margin-bottom: 10px !important;}&#8221;]<\/p>\n<h6>Embalagens dispon\u00edveis:<\/h6>\n<p>[\/vc_column_text][vc_single_image image=&#8221;13518&#8243; img_size=&#8221;full&#8221;][\/vc_column][\/vc_row]<\/p>\n","protected":false},"excerpt":{"rendered":"<p>[vc_row][vc_column][rev_slider_vc alias=&#8221;corbatas_es&#8221;][\/vc_column][\/vc_row][vc_row gap=&#8221;20&#8243; css=&#8221;.vc_custom_1485452659600{padding-top: 10px !important;padding-bottom: 50px !important;}&#8221;][vc_column width=&#8221;1\/3&#8243; css=&#8221;.vc_custom_1485454892387{padding-right: 30px !important;padding-left: 30px !important;}&#8221; el_class=&#8221;.linea_d&#8221;][vc_column_text css=&#8221;.vc_custom_1487696262940{margin-bottom: 20px !important;}&#8221;] Gravatas folhadas [\/vc_column_text][vc_column_text]Este produto \u00e9 o fruto da uni\u00e3o de uns ingredientes&#8230;<\/p>\n","protected":false},"author":1,"featured_media":0,"parent":0,"menu_order":0,"comment_status":"closed","ping_status":"closed","template":"","meta":{"footnotes":""},"class_list":["post-13230","page","type-page","status-publish","hentry"],"yoast_head":"<!-- This site is optimized with the Yoast SEO plugin v24.8.1 - https:\/\/yoast.com\/wordpress\/plugins\/seo\/ -->\n<title>Gravatas folhadas - VEGA PAS<\/title>\n<meta name=\"description\" content=\"Vega Pas. Especialistas en la elaboraci\u00f3n y distribuci\u00f3n, a nivel nacional, de productos relacionados con la panader\u00eda y boller\u00eda, conservando una receta tradicional y cuidando la calidad de sus ingredientes.\" \/>\n<meta name=\"robots\" content=\"index, follow, max-snippet:-1, max-image-preview:large, max-video-preview:-1\" \/>\n<link rel=\"canonical\" href=\"https:\/\/vegapas.com\/pt-pt\/gravatas-folhadas\/\" \/>\n<meta property=\"og:locale\" content=\"pt_PT\" \/>\n<meta property=\"og:type\" content=\"article\" \/>\n<meta property=\"og:title\" content=\"Gravatas folhadas - VEGA PAS\" \/>\n<meta property=\"og:description\" content=\"Vega Pas. Especialistas en la elaboraci\u00f3n y distribuci\u00f3n, a nivel nacional, de productos relacionados con la panader\u00eda y boller\u00eda, conservando una receta tradicional y cuidando la calidad de sus ingredientes.\" \/>\n<meta property=\"og:url\" content=\"https:\/\/vegapas.com\/pt-pt\/gravatas-folhadas\/\" \/>\n<meta property=\"og:site_name\" content=\"VEGA PAS\" \/>\n<meta property=\"article:publisher\" content=\"https:\/\/www.facebook.com\/vegapas\" \/>\n<meta property=\"article:modified_time\" content=\"2017-02-21T18:20:01+00:00\" \/>\n<meta property=\"og:image\" content=\"https:\/\/vegapas.com\/wp-content\/uploads\/2017\/01\/vegapas_nutricional_ing_corbata2.gif\" \/>\n<meta name=\"twitter:card\" content=\"summary_large_image\" \/>\n<meta name=\"twitter:label1\" content=\"Tempo estimado de leitura\" \/>\n\t<meta name=\"twitter:data1\" content=\"2 minutos\" \/>\n<script type=\"application\/ld+json\" class=\"yoast-schema-graph\">{\"@context\":\"https:\/\/schema.org\",\"@graph\":[{\"@type\":\"WebPage\",\"@id\":\"https:\/\/vegapas.com\/pt-pt\/gravatas-folhadas\/\",\"url\":\"https:\/\/vegapas.com\/pt-pt\/gravatas-folhadas\/\",\"name\":\"Gravatas folhadas - VEGA PAS\",\"isPartOf\":{\"@id\":\"https:\/\/vegapas.com\/#website\"},\"primaryImageOfPage\":{\"@id\":\"https:\/\/vegapas.com\/pt-pt\/gravatas-folhadas\/#primaryimage\"},\"image\":{\"@id\":\"https:\/\/vegapas.com\/pt-pt\/gravatas-folhadas\/#primaryimage\"},\"thumbnailUrl\":\"https:\/\/vegapas.com\/wp-content\/uploads\/2017\/01\/vegapas_nutricional_ing_corbata2.gif\",\"datePublished\":\"2017-01-27T08:42:16+00:00\",\"dateModified\":\"2017-02-21T18:20:01+00:00\",\"description\":\"Vega Pas. Especialistas en la elaboraci\u00f3n y distribuci\u00f3n, a nivel nacional, de productos relacionados con la panader\u00eda y boller\u00eda, conservando una receta tradicional y cuidando la calidad de sus ingredientes.\",\"breadcrumb\":{\"@id\":\"https:\/\/vegapas.com\/pt-pt\/gravatas-folhadas\/#breadcrumb\"},\"inLanguage\":\"pt-PT\",\"potentialAction\":[{\"@type\":\"ReadAction\",\"target\":[\"https:\/\/vegapas.com\/pt-pt\/gravatas-folhadas\/\"]}]},{\"@type\":\"ImageObject\",\"inLanguage\":\"pt-PT\",\"@id\":\"https:\/\/vegapas.com\/pt-pt\/gravatas-folhadas\/#primaryimage\",\"url\":\"https:\/\/vegapas.com\/wp-content\/uploads\/2017\/01\/vegapas_nutricional_ing_corbata2.gif\",\"contentUrl\":\"https:\/\/vegapas.com\/wp-content\/uploads\/2017\/01\/vegapas_nutricional_ing_corbata2.gif\"},{\"@type\":\"BreadcrumbList\",\"@id\":\"https:\/\/vegapas.com\/pt-pt\/gravatas-folhadas\/#breadcrumb\",\"itemListElement\":[{\"@type\":\"ListItem\",\"position\":1,\"name\":\"Portada\",\"item\":\"https:\/\/vegapas.com\/pt-pt\/\"},{\"@type\":\"ListItem\",\"position\":2,\"name\":\"Gravatas folhadas\"}]},{\"@type\":\"WebSite\",\"@id\":\"https:\/\/vegapas.com\/#website\",\"url\":\"https:\/\/vegapas.com\/\",\"name\":\"VEGA PAS\",\"description\":\"Productos pasiegos\",\"potentialAction\":[{\"@type\":\"SearchAction\",\"target\":{\"@type\":\"EntryPoint\",\"urlTemplate\":\"https:\/\/vegapas.com\/?s={search_term_string}\"},\"query-input\":{\"@type\":\"PropertyValueSpecification\",\"valueRequired\":true,\"valueName\":\"search_term_string\"}}],\"inLanguage\":\"pt-PT\"}]}<\/script>\n<!-- \/ Yoast SEO plugin. -->","yoast_head_json":{"title":"Gravatas folhadas - VEGA PAS","description":"Vega Pas. Especialistas en la elaboraci\u00f3n y distribuci\u00f3n, a nivel nacional, de productos relacionados con la panader\u00eda y boller\u00eda, conservando una receta tradicional y cuidando la calidad de sus ingredientes.","robots":{"index":"index","follow":"follow","max-snippet":"max-snippet:-1","max-image-preview":"max-image-preview:large","max-video-preview":"max-video-preview:-1"},"canonical":"https:\/\/vegapas.com\/pt-pt\/gravatas-folhadas\/","og_locale":"pt_PT","og_type":"article","og_title":"Gravatas folhadas - VEGA PAS","og_description":"Vega Pas. Especialistas en la elaboraci\u00f3n y distribuci\u00f3n, a nivel nacional, de productos relacionados con la panader\u00eda y boller\u00eda, conservando una receta tradicional y cuidando la calidad de sus ingredientes.","og_url":"https:\/\/vegapas.com\/pt-pt\/gravatas-folhadas\/","og_site_name":"VEGA PAS","article_publisher":"https:\/\/www.facebook.com\/vegapas","article_modified_time":"2017-02-21T18:20:01+00:00","og_image":[{"url":"https:\/\/vegapas.com\/wp-content\/uploads\/2017\/01\/vegapas_nutricional_ing_corbata2.gif","type":"","width":"","height":""}],"twitter_card":"summary_large_image","twitter_misc":{"Tempo estimado de leitura":"2 minutos"},"schema":{"@context":"https:\/\/schema.org","@graph":[{"@type":"WebPage","@id":"https:\/\/vegapas.com\/pt-pt\/gravatas-folhadas\/","url":"https:\/\/vegapas.com\/pt-pt\/gravatas-folhadas\/","name":"Gravatas folhadas - VEGA PAS","isPartOf":{"@id":"https:\/\/vegapas.com\/#website"},"primaryImageOfPage":{"@id":"https:\/\/vegapas.com\/pt-pt\/gravatas-folhadas\/#primaryimage"},"image":{"@id":"https:\/\/vegapas.com\/pt-pt\/gravatas-folhadas\/#primaryimage"},"thumbnailUrl":"https:\/\/vegapas.com\/wp-content\/uploads\/2017\/01\/vegapas_nutricional_ing_corbata2.gif","datePublished":"2017-01-27T08:42:16+00:00","dateModified":"2017-02-21T18:20:01+00:00","description":"Vega Pas. Especialistas en la elaboraci\u00f3n y distribuci\u00f3n, a nivel nacional, de productos relacionados con la panader\u00eda y boller\u00eda, conservando una receta tradicional y cuidando la calidad de sus ingredientes.","breadcrumb":{"@id":"https:\/\/vegapas.com\/pt-pt\/gravatas-folhadas\/#breadcrumb"},"inLanguage":"pt-PT","potentialAction":[{"@type":"ReadAction","target":["https:\/\/vegapas.com\/pt-pt\/gravatas-folhadas\/"]}]},{"@type":"ImageObject","inLanguage":"pt-PT","@id":"https:\/\/vegapas.com\/pt-pt\/gravatas-folhadas\/#primaryimage","url":"https:\/\/vegapas.com\/wp-content\/uploads\/2017\/01\/vegapas_nutricional_ing_corbata2.gif","contentUrl":"https:\/\/vegapas.com\/wp-content\/uploads\/2017\/01\/vegapas_nutricional_ing_corbata2.gif"},{"@type":"BreadcrumbList","@id":"https:\/\/vegapas.com\/pt-pt\/gravatas-folhadas\/#breadcrumb","itemListElement":[{"@type":"ListItem","position":1,"name":"Portada","item":"https:\/\/vegapas.com\/pt-pt\/"},{"@type":"ListItem","position":2,"name":"Gravatas folhadas"}]},{"@type":"WebSite","@id":"https:\/\/vegapas.com\/#website","url":"https:\/\/vegapas.com\/","name":"VEGA PAS","description":"Productos pasiegos","potentialAction":[{"@type":"SearchAction","target":{"@type":"EntryPoint","urlTemplate":"https:\/\/vegapas.com\/?s={search_term_string}"},"query-input":{"@type":"PropertyValueSpecification","valueRequired":true,"valueName":"search_term_string"}}],"inLanguage":"pt-PT"}]}},"_links":{"self":[{"href":"https:\/\/vegapas.com\/pt-pt\/wp-json\/wp\/v2\/pages\/13230","targetHints":{"allow":["GET"]}}],"collection":[{"href":"https:\/\/vegapas.com\/pt-pt\/wp-json\/wp\/v2\/pages"}],"about":[{"href":"https:\/\/vegapas.com\/pt-pt\/wp-json\/wp\/v2\/types\/page"}],"author":[{"embeddable":true,"href":"https:\/\/vegapas.com\/pt-pt\/wp-json\/wp\/v2\/users\/1"}],"replies":[{"embeddable":true,"href":"https:\/\/vegapas.com\/pt-pt\/wp-json\/wp\/v2\/comments?post=13230"}],"version-history":[{"count":0,"href":"https:\/\/vegapas.com\/pt-pt\/wp-json\/wp\/v2\/pages\/13230\/revisions"}],"wp:attachment":[{"href":"https:\/\/vegapas.com\/pt-pt\/wp-json\/wp\/v2\/media?parent=13230"}],"curies":[{"name":"wp","href":"https:\/\/api.w.org\/{rel}","templated":true}]}}