{"id":13254,"date":"2017-01-27T13:37:04","date_gmt":"2017-01-27T12:37:04","guid":{"rendered":"http:\/\/vegapas.com\/mini-cakes-madeleines\/"},"modified":"2017-02-21T19:24:12","modified_gmt":"2017-02-21T18:24:12","slug":"madalena-valenciana","status":"publish","type":"page","link":"https:\/\/vegapas.com\/pt-pt\/madalena-valenciana\/","title":{"rendered":"Madalena valenciana"},"content":{"rendered":"<p>[vc_row][vc_column][rev_slider_vc alias=&#8221;mag_valenciana_es&#8221;][\/vc_column][\/vc_row][vc_row gap=&#8221;20&#8243; css=&#8221;.vc_custom_1485452659600{padding-top: 10px !important;padding-bottom: 50px !important;}&#8221;][vc_column width=&#8221;1\/3&#8243; css=&#8221;.vc_custom_1485516231968{padding-right: 30px !important;padding-left: 30px !important;}&#8221;][vc_column_text css=&#8221;.vc_custom_1487696530512{margin-bottom: 20px !important;}&#8221;]<\/p>\n<h4 style=\"color: #0084cf; text-align: left;\">Madalena valenciana<\/h4>\n<p>[\/vc_column_text][vc_column_text]Um cl\u00e1ssico na pastelaria espanhola. A sua origem, como o seu pr\u00f3prio nome indica, prov\u00e9m da Comunidade Valenciana. H\u00e1 centenas de receitas e de dicas para cozinh\u00e1\u2011las, se cada mestre tem o seu livrinho, as madalenas valencianas s\u00e3o um claro exemplo do mesmo. Na VegaPas temos a nossa pr\u00f3pria receita, mas s\u00f3 vamos dizer que se gosta delas bem esponjosas, as nossas valencianas s\u00e3o as suas![\/vc_column_text][\/vc_column][vc_column width=&#8221;1\/3&#8243; css=&#8221;.vc_custom_1485516241992{padding-right: 30px !important;padding-left: 30px !important;}&#8221; el_class=&#8221;.linea_i&#8221;][vc_single_image image=&#8221;12488&#8243; img_size=&#8221;full&#8221;][vc_toggle title=&#8221;Nutritional facts&#8221; style=&#8221;round&#8221; size=&#8221;sm&#8221; css_animation=&#8221;bottom-to-top&#8221; el_id=&#8221;1444218122099-8431298f-18ff&#8221;]<\/p>\n<h6>INGREDIENTS:<\/h6>\n<p><b>Wheat <\/b>flour, sunflower oil, sugar, <b>egg<\/b>, glucose syrup, water, raising agent (E-450, E-500), anti-caking agent (E- 516), salt, preservative (E-202) y flavouring.<\/p>\n<p>Contain:<\/p>\n<p>Cereals containing gluten: <b>Wheat.\u00a0<\/b><b>Eggs<\/b> and products thereof.\u00a0<b>Milk <\/b>and products thereof (including lactose).\u00a0May contain traces <b>soybeans <\/b>and products thereof.\u00a0Free from GMO.<\/p>\n<p><img loading=\"lazy\" decoding=\"async\" class=\"alignnone wp-image-13170 size-full\" src=\"https:\/\/vegapas.com\/wp-content\/uploads\/2017\/01\/vegapas_nutricional_ing_valenciana21.gif\" width=\"297\" height=\"257\" \/>[\/vc_toggle][\/vc_column][vc_column width=&#8221;1\/3&#8243; css=&#8221;.vc_custom_1485454485962{padding-right: 30px !important;padding-left: 30px !important;}&#8221;][vc_column_text css=&#8221;.vc_custom_1487696408449{margin-bottom: 10px !important;}&#8221;]<\/p>\n<h6>Embalagens dispon\u00edveis:<\/h6>\n<p>[\/vc_column_text][vc_single_image image=&#8221;13527&#8243; img_size=&#8221;full&#8221;][\/vc_column][\/vc_row]<\/p>\n","protected":false},"excerpt":{"rendered":"<p>[vc_row][vc_column][rev_slider_vc alias=&#8221;mag_valenciana_es&#8221;][\/vc_column][\/vc_row][vc_row gap=&#8221;20&#8243; css=&#8221;.vc_custom_1485452659600{padding-top: 10px !important;padding-bottom: 50px !important;}&#8221;][vc_column width=&#8221;1\/3&#8243; css=&#8221;.vc_custom_1485516231968{padding-right: 30px !important;padding-left: 30px !important;}&#8221;][vc_column_text css=&#8221;.vc_custom_1487696530512{margin-bottom: 20px !important;}&#8221;] Madalena valenciana [\/vc_column_text][vc_column_text]Um cl\u00e1ssico na pastelaria espanhola. A sua origem, como o seu&#8230;<\/p>\n","protected":false},"author":1,"featured_media":0,"parent":0,"menu_order":0,"comment_status":"closed","ping_status":"closed","template":"","meta":{"footnotes":""},"class_list":["post-13254","page","type-page","status-publish","hentry"],"yoast_head":"<!-- This site is optimized with the Yoast SEO plugin v24.8.1 - https:\/\/yoast.com\/wordpress\/plugins\/seo\/ -->\n<title>Madalena valenciana - VEGA PAS<\/title>\n<meta name=\"description\" content=\"Vega Pas. Especialistas en la elaboraci\u00f3n y distribuci\u00f3n, a nivel nacional, de productos relacionados con la panader\u00eda y boller\u00eda, conservando una receta tradicional y cuidando la calidad de sus ingredientes.\" \/>\n<meta name=\"robots\" content=\"index, follow, max-snippet:-1, max-image-preview:large, max-video-preview:-1\" \/>\n<link rel=\"canonical\" href=\"https:\/\/vegapas.com\/pt-pt\/madalena-valenciana\/\" \/>\n<meta property=\"og:locale\" content=\"pt_PT\" \/>\n<meta property=\"og:type\" content=\"article\" \/>\n<meta property=\"og:title\" content=\"Madalena valenciana - VEGA PAS\" \/>\n<meta property=\"og:description\" content=\"Vega Pas. Especialistas en la elaboraci\u00f3n y distribuci\u00f3n, a nivel nacional, de productos relacionados con la panader\u00eda y boller\u00eda, conservando una receta tradicional y cuidando la calidad de sus ingredientes.\" \/>\n<meta property=\"og:url\" content=\"https:\/\/vegapas.com\/pt-pt\/madalena-valenciana\/\" \/>\n<meta property=\"og:site_name\" content=\"VEGA PAS\" \/>\n<meta property=\"article:publisher\" content=\"https:\/\/www.facebook.com\/vegapas\" \/>\n<meta property=\"article:modified_time\" content=\"2017-02-21T18:24:12+00:00\" \/>\n<meta property=\"og:image\" content=\"https:\/\/vegapas.com\/wp-content\/uploads\/2017\/01\/vegapas_nutricional_ing_valenciana21.gif\" \/>\n<meta name=\"twitter:card\" content=\"summary_large_image\" \/>\n<meta name=\"twitter:label1\" content=\"Tempo estimado de leitura\" \/>\n\t<meta name=\"twitter:data1\" content=\"1 minuto\" \/>\n<script type=\"application\/ld+json\" class=\"yoast-schema-graph\">{\"@context\":\"https:\/\/schema.org\",\"@graph\":[{\"@type\":\"WebPage\",\"@id\":\"https:\/\/vegapas.com\/pt-pt\/madalena-valenciana\/\",\"url\":\"https:\/\/vegapas.com\/pt-pt\/madalena-valenciana\/\",\"name\":\"Madalena valenciana - VEGA PAS\",\"isPartOf\":{\"@id\":\"https:\/\/vegapas.com\/#website\"},\"primaryImageOfPage\":{\"@id\":\"https:\/\/vegapas.com\/pt-pt\/madalena-valenciana\/#primaryimage\"},\"image\":{\"@id\":\"https:\/\/vegapas.com\/pt-pt\/madalena-valenciana\/#primaryimage\"},\"thumbnailUrl\":\"https:\/\/vegapas.com\/wp-content\/uploads\/2017\/01\/vegapas_nutricional_ing_valenciana21.gif\",\"datePublished\":\"2017-01-27T12:37:04+00:00\",\"dateModified\":\"2017-02-21T18:24:12+00:00\",\"description\":\"Vega Pas. Especialistas en la elaboraci\u00f3n y distribuci\u00f3n, a nivel nacional, de productos relacionados con la panader\u00eda y boller\u00eda, conservando una receta tradicional y cuidando la calidad de sus ingredientes.\",\"breadcrumb\":{\"@id\":\"https:\/\/vegapas.com\/pt-pt\/madalena-valenciana\/#breadcrumb\"},\"inLanguage\":\"pt-PT\",\"potentialAction\":[{\"@type\":\"ReadAction\",\"target\":[\"https:\/\/vegapas.com\/pt-pt\/madalena-valenciana\/\"]}]},{\"@type\":\"ImageObject\",\"inLanguage\":\"pt-PT\",\"@id\":\"https:\/\/vegapas.com\/pt-pt\/madalena-valenciana\/#primaryimage\",\"url\":\"https:\/\/vegapas.com\/wp-content\/uploads\/2017\/01\/vegapas_nutricional_ing_valenciana21.gif\",\"contentUrl\":\"https:\/\/vegapas.com\/wp-content\/uploads\/2017\/01\/vegapas_nutricional_ing_valenciana21.gif\"},{\"@type\":\"BreadcrumbList\",\"@id\":\"https:\/\/vegapas.com\/pt-pt\/madalena-valenciana\/#breadcrumb\",\"itemListElement\":[{\"@type\":\"ListItem\",\"position\":1,\"name\":\"Portada\",\"item\":\"https:\/\/vegapas.com\/pt-pt\/\"},{\"@type\":\"ListItem\",\"position\":2,\"name\":\"Madalena valenciana\"}]},{\"@type\":\"WebSite\",\"@id\":\"https:\/\/vegapas.com\/#website\",\"url\":\"https:\/\/vegapas.com\/\",\"name\":\"VEGA PAS\",\"description\":\"Productos pasiegos\",\"potentialAction\":[{\"@type\":\"SearchAction\",\"target\":{\"@type\":\"EntryPoint\",\"urlTemplate\":\"https:\/\/vegapas.com\/?s={search_term_string}\"},\"query-input\":{\"@type\":\"PropertyValueSpecification\",\"valueRequired\":true,\"valueName\":\"search_term_string\"}}],\"inLanguage\":\"pt-PT\"}]}<\/script>\n<!-- \/ Yoast SEO plugin. -->","yoast_head_json":{"title":"Madalena valenciana - VEGA PAS","description":"Vega Pas. Especialistas en la elaboraci\u00f3n y distribuci\u00f3n, a nivel nacional, de productos relacionados con la panader\u00eda y boller\u00eda, conservando una receta tradicional y cuidando la calidad de sus ingredientes.","robots":{"index":"index","follow":"follow","max-snippet":"max-snippet:-1","max-image-preview":"max-image-preview:large","max-video-preview":"max-video-preview:-1"},"canonical":"https:\/\/vegapas.com\/pt-pt\/madalena-valenciana\/","og_locale":"pt_PT","og_type":"article","og_title":"Madalena valenciana - VEGA PAS","og_description":"Vega Pas. Especialistas en la elaboraci\u00f3n y distribuci\u00f3n, a nivel nacional, de productos relacionados con la panader\u00eda y boller\u00eda, conservando una receta tradicional y cuidando la calidad de sus ingredientes.","og_url":"https:\/\/vegapas.com\/pt-pt\/madalena-valenciana\/","og_site_name":"VEGA PAS","article_publisher":"https:\/\/www.facebook.com\/vegapas","article_modified_time":"2017-02-21T18:24:12+00:00","og_image":[{"url":"https:\/\/vegapas.com\/wp-content\/uploads\/2017\/01\/vegapas_nutricional_ing_valenciana21.gif","type":"","width":"","height":""}],"twitter_card":"summary_large_image","twitter_misc":{"Tempo estimado de leitura":"1 minuto"},"schema":{"@context":"https:\/\/schema.org","@graph":[{"@type":"WebPage","@id":"https:\/\/vegapas.com\/pt-pt\/madalena-valenciana\/","url":"https:\/\/vegapas.com\/pt-pt\/madalena-valenciana\/","name":"Madalena valenciana - VEGA PAS","isPartOf":{"@id":"https:\/\/vegapas.com\/#website"},"primaryImageOfPage":{"@id":"https:\/\/vegapas.com\/pt-pt\/madalena-valenciana\/#primaryimage"},"image":{"@id":"https:\/\/vegapas.com\/pt-pt\/madalena-valenciana\/#primaryimage"},"thumbnailUrl":"https:\/\/vegapas.com\/wp-content\/uploads\/2017\/01\/vegapas_nutricional_ing_valenciana21.gif","datePublished":"2017-01-27T12:37:04+00:00","dateModified":"2017-02-21T18:24:12+00:00","description":"Vega Pas. Especialistas en la elaboraci\u00f3n y distribuci\u00f3n, a nivel nacional, de productos relacionados con la panader\u00eda y boller\u00eda, conservando una receta tradicional y cuidando la calidad de sus ingredientes.","breadcrumb":{"@id":"https:\/\/vegapas.com\/pt-pt\/madalena-valenciana\/#breadcrumb"},"inLanguage":"pt-PT","potentialAction":[{"@type":"ReadAction","target":["https:\/\/vegapas.com\/pt-pt\/madalena-valenciana\/"]}]},{"@type":"ImageObject","inLanguage":"pt-PT","@id":"https:\/\/vegapas.com\/pt-pt\/madalena-valenciana\/#primaryimage","url":"https:\/\/vegapas.com\/wp-content\/uploads\/2017\/01\/vegapas_nutricional_ing_valenciana21.gif","contentUrl":"https:\/\/vegapas.com\/wp-content\/uploads\/2017\/01\/vegapas_nutricional_ing_valenciana21.gif"},{"@type":"BreadcrumbList","@id":"https:\/\/vegapas.com\/pt-pt\/madalena-valenciana\/#breadcrumb","itemListElement":[{"@type":"ListItem","position":1,"name":"Portada","item":"https:\/\/vegapas.com\/pt-pt\/"},{"@type":"ListItem","position":2,"name":"Madalena valenciana"}]},{"@type":"WebSite","@id":"https:\/\/vegapas.com\/#website","url":"https:\/\/vegapas.com\/","name":"VEGA PAS","description":"Productos pasiegos","potentialAction":[{"@type":"SearchAction","target":{"@type":"EntryPoint","urlTemplate":"https:\/\/vegapas.com\/?s={search_term_string}"},"query-input":{"@type":"PropertyValueSpecification","valueRequired":true,"valueName":"search_term_string"}}],"inLanguage":"pt-PT"}]}},"_links":{"self":[{"href":"https:\/\/vegapas.com\/pt-pt\/wp-json\/wp\/v2\/pages\/13254","targetHints":{"allow":["GET"]}}],"collection":[{"href":"https:\/\/vegapas.com\/pt-pt\/wp-json\/wp\/v2\/pages"}],"about":[{"href":"https:\/\/vegapas.com\/pt-pt\/wp-json\/wp\/v2\/types\/page"}],"author":[{"embeddable":true,"href":"https:\/\/vegapas.com\/pt-pt\/wp-json\/wp\/v2\/users\/1"}],"replies":[{"embeddable":true,"href":"https:\/\/vegapas.com\/pt-pt\/wp-json\/wp\/v2\/comments?post=13254"}],"version-history":[{"count":0,"href":"https:\/\/vegapas.com\/pt-pt\/wp-json\/wp\/v2\/pages\/13254\/revisions"}],"wp:attachment":[{"href":"https:\/\/vegapas.com\/pt-pt\/wp-json\/wp\/v2\/media?parent=13254"}],"curies":[{"name":"wp","href":"https:\/\/api.w.org\/{rel}","templated":true}]}}