{"id":13262,"date":"2017-01-27T14:09:48","date_gmt":"2017-01-27T13:09:48","guid":{"rendered":"http:\/\/vegapas.com\/muffins\/"},"modified":"2017-02-21T19:26:43","modified_gmt":"2017-02-21T18:26:43","slug":"muffins","status":"publish","type":"page","link":"https:\/\/vegapas.com\/pt-pt\/muffins\/","title":{"rendered":"Muffins"},"content":{"rendered":"<p>[vc_row][vc_column][rev_slider_vc alias=&#8221;muffins_es&#8221;][\/vc_column][\/vc_row][vc_row gap=&#8221;20&#8243; css=&#8221;.vc_custom_1485452659600{padding-top: 10px !important;padding-bottom: 50px !important;}&#8221;][vc_column width=&#8221;1\/3&#8243; css=&#8221;.vc_custom_1485523048230{padding-right: 30px !important;padding-left: 30px !important;}&#8221; el_class=&#8221;.linea_d&#8221;][vc_column_text css=&#8221;.vc_custom_1485522577732{margin-bottom: 20px !important;}&#8221;]<\/p>\n<h4 style=\"color: #0084cf; text-align: left;\">Muffins<\/h4>\n<p>[\/vc_column_text][vc_column_text]A sua receita \u00e9 de origem inglesa. \u00c9 muito parecida no aspeto a uma madalena, mas distingue-se da mesma na sua elabora\u00e7\u00e3o e ingredientes, \u00e0 parte de ter um sabor menos doce. Os muffins s\u00e3o uns doces que ao longo dos anos se caracterizaram pela sua criatividade, podendo-se fazer de infinitas formas e acrescentando-lhes um sem-fim de ingredientes nas suas receitas.<\/p>\n<p>N\u00f3s damos-lhe a escolher!<\/p>\n<p><span style=\"color: #26272d; font-weight: 900; font-family: 'Source Sans Pro'; font-size: 15px;\">Muffins chocolate:<\/span> Se gosta muito de chocolate, este muffin feito com cacau natural e uma elabora\u00e7\u00e3o esmerada dos nossos peritos pasteleiros \u00e9 ideal para si.<\/p>\n<p><span style=\"color: #26272d; font-weight: 900; font-family: 'Source Sans Pro'; font-size: 15px;\">Muffins dois chocolates:<\/span> Se gosta muito, mas muito de chocolate, apresentamos-lhe um muffin de chocolate e pedacinhos de chocolate com leite.<\/p>\n<p><span style=\"color: #26272d; font-weight: 900; font-family: 'Source Sans Pro'; font-size: 15px;\">Muffins choco chips:<\/span> Para os cl\u00e1ssicos! Este muffin est\u00e1 baseado na receita tradicional, acrescentando-lhe pedacinhos de chocolate com leite e um toque especial de baunilha.[\/vc_column_text][\/vc_column][vc_column width=&#8221;1\/3&#8243; css=&#8221;.vc_custom_1485523040268{padding-right: 30px !important;padding-left: 30px !important;}&#8221;][vc_images_carousel images=&#8221;12528,12525,12527,12526&#8243; img_size=&#8221;full&#8221; onclick=&#8221;link_no&#8221; speed=&#8221;6000&#8243; autoplay=&#8221;yes&#8221; hide_pagination_control=&#8221;yes&#8221; wrap=&#8221;yes&#8221;][vc_toggle title=&#8221;Nutritional facts&#8221; style=&#8221;round&#8221; size=&#8221;sm&#8221; css_animation=&#8221;bottom-to-top&#8221; el_id=&#8221;1444218122099-8431298f-18ff&#8221;]<\/p>\n<h6>INGREDIENTS:<\/h6>\n<p><b>Chocolate<\/b><\/p>\n<p>Sugar, <b>wheat<\/b> flour, <b>egg<\/b>, sunflower oil, water, humectant (E-422), <b>skimmed cocoa 3,8%,<\/b> glucose syrup, raising agent (E-450, E-500, E-331), anti-caking agents (E-516), <b>milk proteins,<\/b> corn starch, emulsifier (E-472, E-475), salt, preservative (E-200), stabilizing (E-415), and flavourings.<\/p>\n<p>Contain:<\/p>\n<p>Cereals containing gluten: <b>Wheat .\u00a0<\/b><b>Eggs<\/b> and products thereof.\u00a0<b>Milk<\/b> and products thereof (including lactose).\u00a0May contain traces <b>soybeans <\/b>and products thereof.\u00a0Free from GMO.<\/p>\n<p><img loading=\"lazy\" decoding=\"async\" class=\"alignnone wp-image-13163 size-full\" src=\"https:\/\/vegapas.com\/wp-content\/uploads\/2017\/01\/vegapas_nutricional_ing_muffin2.gif\" width=\"297\" height=\"257\" \/><\/p>\n<p>&nbsp;<\/p>\n<p><b>Double choco<\/b><\/p>\n<p>Sugar, <b>Wheat <\/b>flour, egg, sunflower oil, water, humectant (E-422), <b>cocoa powder 3.7%, dark chocolate chips 3.5<\/b> %[Cocoa paste, cocoa <b>butter<\/b>, emulsifier: <b>soybean<\/b> lecithin (E-322)], glucose syrup, raising agent (E-450, E-500, E-331), Anti-caking agent (E-516), <b>milk <\/b>proteins, corn starch, emulsifier (E-472, E-475), stabilizer (E-415), salt, preservative (E-200) y flavourings.<\/p>\n<p>Contain:<\/p>\n<p>Cereals containing gluten: <b>Wheat<\/b>.\u00a0<b>Eggs <\/b>and products thereof.\u00a0<b>Milk<\/b> and products thereof (including lactose).\u00a0May contain traces <b>soybeans<\/b> and products thereof.\u00a0Free from GMO.<\/p>\n<p><img loading=\"lazy\" decoding=\"async\" class=\"alignnone wp-image-13164 size-full\" src=\"https:\/\/vegapas.com\/wp-content\/uploads\/2017\/01\/vegapas_nutricional_ing_muffin3.gif\" width=\"297\" height=\"257\" \/><\/p>\n<p>&nbsp;<\/p>\n<p><b>Choco chips<\/b><\/p>\n<p><b>Wheat <\/b>flour, sugar, sunflower oil,<b> egg<\/b>, water<b>, chocolate chips 10%<\/b> [Cocoa paste, cocoa butter<b>,<\/b> emulsifier: soybean lecithin (E-322)], humectant (E-422), glucose syrup, raising agent (E-450, E-500, E-331), Anti-caking agent (E-516), <b>milk proteins,<\/b> salt, preservative (E-202, E270), flavouring and acid (E-330).<\/p>\n<p>Contain:<\/p>\n<p>Cereals containing gluten:\u00a0<b>Wheat<\/b>.\u00a0<b>Eggs<\/b> and products thereof.\u00a0<b>Milk<\/b> and products thereof (including lactose).\u00a0May contain traces s<b>oybeans<\/b> and products thereof.\u00a0Free from GMO<b><\/b>.<\/p>\n<p><img loading=\"lazy\" decoding=\"async\" class=\"alignnone wp-image-13165 size-full\" src=\"https:\/\/vegapas.com\/wp-content\/uploads\/2017\/01\/vegapas_nutricional_ing_muffin4.gif\" width=\"297\" height=\"257\" \/>[\/vc_toggle][\/vc_column][vc_column width=&#8221;1\/3&#8243; css=&#8221;.vc_custom_1485454485962{padding-right: 30px !important;padding-left: 30px !important;}&#8221;][vc_column_text css=&#8221;.vc_custom_1487696619883{margin-bottom: 10px !important;}&#8221;]<\/p>\n<h6>Embalagens dispon\u00edveis:<\/h6>\n<p>[\/vc_column_text][vc_single_image image=&#8221;13525&#8243; img_size=&#8221;full&#8221;][\/vc_column][\/vc_row]<\/p>\n","protected":false},"excerpt":{"rendered":"<p>[vc_row][vc_column][rev_slider_vc alias=&#8221;muffins_es&#8221;][\/vc_column][\/vc_row][vc_row gap=&#8221;20&#8243; css=&#8221;.vc_custom_1485452659600{padding-top: 10px !important;padding-bottom: 50px !important;}&#8221;][vc_column width=&#8221;1\/3&#8243; css=&#8221;.vc_custom_1485523048230{padding-right: 30px !important;padding-left: 30px !important;}&#8221; el_class=&#8221;.linea_d&#8221;][vc_column_text css=&#8221;.vc_custom_1485522577732{margin-bottom: 20px !important;}&#8221;] Muffins [\/vc_column_text][vc_column_text]A sua receita \u00e9 de origem inglesa. \u00c9 muito parecida no&#8230;<\/p>\n","protected":false},"author":1,"featured_media":0,"parent":0,"menu_order":0,"comment_status":"closed","ping_status":"closed","template":"","meta":{"footnotes":""},"class_list":["post-13262","page","type-page","status-publish","hentry"],"yoast_head":"<!-- This site is optimized with the Yoast SEO plugin v24.8.1 - https:\/\/yoast.com\/wordpress\/plugins\/seo\/ -->\n<title>Muffins - VEGA PAS<\/title>\n<meta name=\"description\" content=\"Vega Pas. Especialistas en la elaboraci\u00f3n y distribuci\u00f3n, a nivel nacional, de productos relacionados con la panader\u00eda y boller\u00eda, conservando una receta tradicional y cuidando la calidad de sus ingredientes.\" \/>\n<meta name=\"robots\" content=\"index, follow, max-snippet:-1, max-image-preview:large, max-video-preview:-1\" \/>\n<link rel=\"canonical\" href=\"https:\/\/vegapas.com\/pt-pt\/muffins\/\" \/>\n<meta property=\"og:locale\" content=\"pt_PT\" \/>\n<meta property=\"og:type\" content=\"article\" \/>\n<meta property=\"og:title\" content=\"Muffins - VEGA PAS\" \/>\n<meta property=\"og:description\" content=\"Vega Pas. Especialistas en la elaboraci\u00f3n y distribuci\u00f3n, a nivel nacional, de productos relacionados con la panader\u00eda y boller\u00eda, conservando una receta tradicional y cuidando la calidad de sus ingredientes.\" \/>\n<meta property=\"og:url\" content=\"https:\/\/vegapas.com\/pt-pt\/muffins\/\" \/>\n<meta property=\"og:site_name\" content=\"VEGA PAS\" \/>\n<meta property=\"article:publisher\" content=\"https:\/\/www.facebook.com\/vegapas\" \/>\n<meta property=\"article:modified_time\" content=\"2017-02-21T18:26:43+00:00\" \/>\n<meta property=\"og:image\" content=\"https:\/\/vegapas.com\/wp-content\/uploads\/2017\/01\/vegapas_nutricional_ing_muffin2.gif\" \/>\n<meta name=\"twitter:card\" content=\"summary_large_image\" \/>\n<meta name=\"twitter:label1\" content=\"Tempo estimado de leitura\" \/>\n\t<meta name=\"twitter:data1\" content=\"2 minutos\" \/>\n<script type=\"application\/ld+json\" class=\"yoast-schema-graph\">{\"@context\":\"https:\/\/schema.org\",\"@graph\":[{\"@type\":\"WebPage\",\"@id\":\"https:\/\/vegapas.com\/pt-pt\/muffins\/\",\"url\":\"https:\/\/vegapas.com\/pt-pt\/muffins\/\",\"name\":\"Muffins - VEGA PAS\",\"isPartOf\":{\"@id\":\"https:\/\/vegapas.com\/#website\"},\"primaryImageOfPage\":{\"@id\":\"https:\/\/vegapas.com\/pt-pt\/muffins\/#primaryimage\"},\"image\":{\"@id\":\"https:\/\/vegapas.com\/pt-pt\/muffins\/#primaryimage\"},\"thumbnailUrl\":\"https:\/\/vegapas.com\/wp-content\/uploads\/2017\/01\/vegapas_nutricional_ing_muffin2.gif\",\"datePublished\":\"2017-01-27T13:09:48+00:00\",\"dateModified\":\"2017-02-21T18:26:43+00:00\",\"description\":\"Vega Pas. Especialistas en la elaboraci\u00f3n y distribuci\u00f3n, a nivel nacional, de productos relacionados con la panader\u00eda y boller\u00eda, conservando una receta tradicional y cuidando la calidad de sus ingredientes.\",\"breadcrumb\":{\"@id\":\"https:\/\/vegapas.com\/pt-pt\/muffins\/#breadcrumb\"},\"inLanguage\":\"pt-PT\",\"potentialAction\":[{\"@type\":\"ReadAction\",\"target\":[\"https:\/\/vegapas.com\/pt-pt\/muffins\/\"]}]},{\"@type\":\"ImageObject\",\"inLanguage\":\"pt-PT\",\"@id\":\"https:\/\/vegapas.com\/pt-pt\/muffins\/#primaryimage\",\"url\":\"https:\/\/vegapas.com\/wp-content\/uploads\/2017\/01\/vegapas_nutricional_ing_muffin2.gif\",\"contentUrl\":\"https:\/\/vegapas.com\/wp-content\/uploads\/2017\/01\/vegapas_nutricional_ing_muffin2.gif\"},{\"@type\":\"BreadcrumbList\",\"@id\":\"https:\/\/vegapas.com\/pt-pt\/muffins\/#breadcrumb\",\"itemListElement\":[{\"@type\":\"ListItem\",\"position\":1,\"name\":\"Portada\",\"item\":\"https:\/\/vegapas.com\/pt-pt\/\"},{\"@type\":\"ListItem\",\"position\":2,\"name\":\"Muffins\"}]},{\"@type\":\"WebSite\",\"@id\":\"https:\/\/vegapas.com\/#website\",\"url\":\"https:\/\/vegapas.com\/\",\"name\":\"VEGA PAS\",\"description\":\"Productos pasiegos\",\"potentialAction\":[{\"@type\":\"SearchAction\",\"target\":{\"@type\":\"EntryPoint\",\"urlTemplate\":\"https:\/\/vegapas.com\/?s={search_term_string}\"},\"query-input\":{\"@type\":\"PropertyValueSpecification\",\"valueRequired\":true,\"valueName\":\"search_term_string\"}}],\"inLanguage\":\"pt-PT\"}]}<\/script>\n<!-- \/ Yoast SEO plugin. -->","yoast_head_json":{"title":"Muffins - VEGA PAS","description":"Vega Pas. Especialistas en la elaboraci\u00f3n y distribuci\u00f3n, a nivel nacional, de productos relacionados con la panader\u00eda y boller\u00eda, conservando una receta tradicional y cuidando la calidad de sus ingredientes.","robots":{"index":"index","follow":"follow","max-snippet":"max-snippet:-1","max-image-preview":"max-image-preview:large","max-video-preview":"max-video-preview:-1"},"canonical":"https:\/\/vegapas.com\/pt-pt\/muffins\/","og_locale":"pt_PT","og_type":"article","og_title":"Muffins - VEGA PAS","og_description":"Vega Pas. Especialistas en la elaboraci\u00f3n y distribuci\u00f3n, a nivel nacional, de productos relacionados con la panader\u00eda y boller\u00eda, conservando una receta tradicional y cuidando la calidad de sus ingredientes.","og_url":"https:\/\/vegapas.com\/pt-pt\/muffins\/","og_site_name":"VEGA PAS","article_publisher":"https:\/\/www.facebook.com\/vegapas","article_modified_time":"2017-02-21T18:26:43+00:00","og_image":[{"url":"https:\/\/vegapas.com\/wp-content\/uploads\/2017\/01\/vegapas_nutricional_ing_muffin2.gif","type":"","width":"","height":""}],"twitter_card":"summary_large_image","twitter_misc":{"Tempo estimado de leitura":"2 minutos"},"schema":{"@context":"https:\/\/schema.org","@graph":[{"@type":"WebPage","@id":"https:\/\/vegapas.com\/pt-pt\/muffins\/","url":"https:\/\/vegapas.com\/pt-pt\/muffins\/","name":"Muffins - VEGA PAS","isPartOf":{"@id":"https:\/\/vegapas.com\/#website"},"primaryImageOfPage":{"@id":"https:\/\/vegapas.com\/pt-pt\/muffins\/#primaryimage"},"image":{"@id":"https:\/\/vegapas.com\/pt-pt\/muffins\/#primaryimage"},"thumbnailUrl":"https:\/\/vegapas.com\/wp-content\/uploads\/2017\/01\/vegapas_nutricional_ing_muffin2.gif","datePublished":"2017-01-27T13:09:48+00:00","dateModified":"2017-02-21T18:26:43+00:00","description":"Vega Pas. Especialistas en la elaboraci\u00f3n y distribuci\u00f3n, a nivel nacional, de productos relacionados con la panader\u00eda y boller\u00eda, conservando una receta tradicional y cuidando la calidad de sus ingredientes.","breadcrumb":{"@id":"https:\/\/vegapas.com\/pt-pt\/muffins\/#breadcrumb"},"inLanguage":"pt-PT","potentialAction":[{"@type":"ReadAction","target":["https:\/\/vegapas.com\/pt-pt\/muffins\/"]}]},{"@type":"ImageObject","inLanguage":"pt-PT","@id":"https:\/\/vegapas.com\/pt-pt\/muffins\/#primaryimage","url":"https:\/\/vegapas.com\/wp-content\/uploads\/2017\/01\/vegapas_nutricional_ing_muffin2.gif","contentUrl":"https:\/\/vegapas.com\/wp-content\/uploads\/2017\/01\/vegapas_nutricional_ing_muffin2.gif"},{"@type":"BreadcrumbList","@id":"https:\/\/vegapas.com\/pt-pt\/muffins\/#breadcrumb","itemListElement":[{"@type":"ListItem","position":1,"name":"Portada","item":"https:\/\/vegapas.com\/pt-pt\/"},{"@type":"ListItem","position":2,"name":"Muffins"}]},{"@type":"WebSite","@id":"https:\/\/vegapas.com\/#website","url":"https:\/\/vegapas.com\/","name":"VEGA PAS","description":"Productos pasiegos","potentialAction":[{"@type":"SearchAction","target":{"@type":"EntryPoint","urlTemplate":"https:\/\/vegapas.com\/?s={search_term_string}"},"query-input":{"@type":"PropertyValueSpecification","valueRequired":true,"valueName":"search_term_string"}}],"inLanguage":"pt-PT"}]}},"_links":{"self":[{"href":"https:\/\/vegapas.com\/pt-pt\/wp-json\/wp\/v2\/pages\/13262","targetHints":{"allow":["GET"]}}],"collection":[{"href":"https:\/\/vegapas.com\/pt-pt\/wp-json\/wp\/v2\/pages"}],"about":[{"href":"https:\/\/vegapas.com\/pt-pt\/wp-json\/wp\/v2\/types\/page"}],"author":[{"embeddable":true,"href":"https:\/\/vegapas.com\/pt-pt\/wp-json\/wp\/v2\/users\/1"}],"replies":[{"embeddable":true,"href":"https:\/\/vegapas.com\/pt-pt\/wp-json\/wp\/v2\/comments?post=13262"}],"version-history":[{"count":0,"href":"https:\/\/vegapas.com\/pt-pt\/wp-json\/wp\/v2\/pages\/13262\/revisions"}],"wp:attachment":[{"href":"https:\/\/vegapas.com\/pt-pt\/wp-json\/wp\/v2\/media?parent=13262"}],"curies":[{"name":"wp","href":"https:\/\/api.w.org\/{rel}","templated":true}]}}